{"id":1064,"date":"2016-06-07T09:47:38","date_gmt":"2016-06-07T07:47:38","guid":{"rendered":"http:\/\/duerp.com\/?page_id=1064"},"modified":"2019-04-11T14:49:24","modified_gmt":"2019-04-11T12:49:24","slug":"gestion-des-at-mp","status":"publish","type":"page","link":"https:\/\/www.duerp.com\/en\/gestion-des-at-mp\/","title":{"rendered":"(Fran\u00e7ais) D\u00e9claration des accidents du travail en ligne"},"content":{"rendered":"<p class=\"qtranxs-available-languages-message qtranxs-available-languages-message-en\">Sorry, this entry is only available in <a href=\"https:\/\/www.duerp.com\/fr\/wp-json\/wp\/v2\/pages\/1064\" class=\"qtranxs-available-language-link qtranxs-available-language-link-fr\" title=\"Fran\u00e7ais\">French<\/a>. For the sake of viewer convenience, the content is shown below in the alternative language. You may click the link to switch the active language.<\/p><p>[vc_row][vc_column][vc_column_text]<\/p>\n<h3><span style=\"color: #005a91;\">La d\u00e9claration et le suivi des accidents du travail<\/span><\/h3>\n<p>D\u00e9clarez les accidents du travail dans le logiciel, g\u00e9n\u00e9rez automatiquement une fiche synth\u00e9tique d&#8217;accident, g\u00e9n\u00e9rez le Cerfa S6200 au format PDF, d\u00e9clarez l&#8217;accident en ligne sur Net-entreprises et suivez vos accidents avec le module de gestion des accidents du logiciel DUERP.<\/p>\n<h4><span style=\"color: #005a91;\">1. Saisissez vos accidents du travail en ligne afin d&#8217;assurer leur tra\u00e7abilit\u00e9 dans les 48 h<\/span><\/h4>\n<p>[\/vc_column_text][vc_single_image image=&#8221;2002&#8243; img_size=&#8221;large&#8221; alignment=&#8221;center&#8221;][vc_column_text]Utilisez notre interface 100% full Web pour permettre \u00e0 vos managers et RH de d\u00e9clarer en ligne les accidents du travail.[\/vc_column_text][vc_single_image image=&#8221;670&#8243; img_size=&#8221;large&#8221; alignment=&#8221;center&#8221;][vc_column_text]La saisie de l&#8217;accident peut se faire depuis l&#8217;interface principale ou depuis un employ\u00e9 ou encore depuis un risque. La fiche accident sera automatiquement aliment\u00e9e des donn\u00e9es concern\u00e9es (donn\u00e9es sur l&#8217;employ\u00e9 et le risque).[\/vc_column_text][vc_column_text]<\/p>\n<h4><span style=\"color: #005a91;\">2. Associez une lettre de r\u00e9serve si vous souhaitez contester la nature professionnelle de l&#8217;accident<\/span><\/h4>\n<p>[\/vc_column_text][vc_single_image image=&#8221;2004&#8243; img_size=&#8221;large&#8221; alignment=&#8221;center&#8221;][vc_column_text]Une lettre de r\u00e9serve peut \u00eatre associ\u00e9e \u00e0 votre d\u00e9claration en ligne si vous estimez que le caract\u00e8re professionnel de l&#8217;accident n&#8217;est pas justifi\u00e9.[\/vc_column_text][vc_column_text]<\/p>\n<h4><span style=\"color: #005a91;\">3. D\u00e9clarez l&#8217;accident du travail en ligne sur net-entreprise en d\u00e9posant un fichier Zip<\/span><\/h4>\n<p>[\/vc_column_text][vc_single_image image=&#8221;2013&#8243; img_size=&#8221;large&#8221; alignment=&#8221;center&#8221;][vc_column_text]<\/p>\n<h4><span style=\"color: #005a91;\">4. G\u00e9n\u00e9rez la fiche descriptive de l&#8217;accident pour le suivi et une analyse via l&#8217;arbre des causes<\/span><\/h4>\n<p>[\/vc_column_text][vc_single_image image=&#8221;672&#8243; img_size=&#8221;large&#8221; alignment=&#8221;center&#8221;][vc_column_text]Depuis la liste des accidents du travail, g\u00e9n\u00e9rez en un clic la fiche descriptive de l&#8217;accident et personnalisez les informations que vous souhaitez y voir figur\u00e9es[\/vc_column_text][vc_column_text]<\/p>\n<h4><span style=\"color: #005a91;\">5. G\u00e9n\u00e9rez le formulaire de d\u00e9claration de l&#8217;accident pour envoi \u00e0 votre caisse et\/ou pour une archivage interne<\/span><\/h4>\n<p>[\/vc_column_text][vc_single_image image=&#8221;673&#8243; img_size=&#8221;large&#8221; alignment=&#8221;center&#8221;][vc_column_text]Saisissez l&#8217;ensemble des informations indispensables au remplissage du document Cerfa S6200 ou pour le d\u00e9p\u00f4t EDI en ligne.[\/vc_column_text][vc_column_text]<\/p>\n<h4><span style=\"color: #005a91;\">6. Rattachez l&#8217;accident \u00e0 la situation de travail du document unique et plus pr\u00e9cis\u00e9ment au risque \u00e0 l&#8217;origine de l&#8217;accident<\/span><\/h4>\n<p>[\/vc_column_text][vc_single_image image=&#8221;671&#8243; img_size=&#8221;large&#8221; alignment=&#8221;center&#8221;][vc_column_text]Le rattachement de l&#8217;accident du travail \u00e0 la situation de travail de votre document unique vous apportera les avantages suivants :<\/p>\n<ul>\n<li>Une actualisation automatiquement de la cotation du risque concern\u00e9 gr\u00e2ce au facteur de cotation du risque initial &#8220;Probabilit\u00e9&#8221;<\/li>\n<li>Une meilleure tra\u00e7abilit\u00e9 de l&#8217;accident<\/li>\n<li>Une facilitation de l&#8217;analyse de l&#8217;accident du travail via l&#8217;arbre des causes<\/li>\n<li>Une affectation et une identification rapide des mesures de pr\u00e9vention qui ont \u00e9t\u00e9 mises en oeuvre afin que l&#8217;accident ne se reproduise plus<\/li>\n<li>Une am\u00e9lioration des donn\u00e9es de statistiques dans le cadre de l&#8217;analyse des accidents du travail<\/li>\n<\/ul>\n<p>[\/vc_column_text][vc_column_text]<\/p>\n<h4><span style=\"color: #005a91;\">7. Suivez efficacement vos d\u00e9clarations d&#8217;accident et les arr\u00eats de travail de vos salari\u00e9s<\/span><\/h4>\n<p>[\/vc_column_text][vc_single_image image=&#8221;2010&#8243; img_size=&#8221;large&#8221; alignment=&#8221;center&#8221;][vc_column_text]Suivez simplement et efficacement les accidents du travail en utilisant diff\u00e9rents filtres (par statut d&#8217;analyse, par ann\u00e9es, par classe de risque, &#8230;[\/vc_column_text][vc_column_text]<\/p>\n<h4><span style=\"color: #005a91;\">8. G\u00e9n\u00e9rez des statistiques pertinentes afin d&#8217;analyser efficacement les accidents du travail<\/span><\/h4>\n<p>[\/vc_column_text][vc_single_image image=&#8221;676&#8243; img_size=&#8221;large&#8221; alignment=&#8221;center&#8221;][vc_column_text]L\u2019interconnexion de vos accidents du travail avec le document unique et notre module de g\u00e9n\u00e9ration des statistiques vous permettront d&#8217;am\u00e9liorer l&#8217;analyse des accidents du travail afin d&#8217;\u00e9viter qu&#8217;il ne se reproduisent.[\/vc_column_text][\/vc_column][\/vc_row]<\/p>","protected":false},"excerpt":{"rendered":"<p>Sorry, this entry is only available in French. For the sake of viewer convenience, the content is shown below in the alternative language. You may click the link to switch the active language.[vc_row][vc_column][vc_column_text] La d\u00e9claration et le suivi des accidents du travail D\u00e9clarez les accidents du travail dans le logiciel, g\u00e9n\u00e9rez automatiquement une fiche synth\u00e9tique&hellip;<\/p>\n","protected":false},"author":1,"featured_media":0,"parent":0,"menu_order":0,"comment_status":"closed","ping_status":"closed","template":"","meta":[],"_links":{"self":[{"href":"https:\/\/www.duerp.com\/en\/wp-json\/wp\/v2\/pages\/1064"}],"collection":[{"href":"https:\/\/www.duerp.com\/en\/wp-json\/wp\/v2\/pages"}],"about":[{"href":"https:\/\/www.duerp.com\/en\/wp-json\/wp\/v2\/types\/page"}],"author":[{"embeddable":true,"href":"https:\/\/www.duerp.com\/en\/wp-json\/wp\/v2\/users\/1"}],"replies":[{"embeddable":true,"href":"https:\/\/www.duerp.com\/en\/wp-json\/wp\/v2\/comments?post=1064"}],"version-history":[{"count":19,"href":"https:\/\/www.duerp.com\/en\/wp-json\/wp\/v2\/pages\/1064\/revisions"}],"predecessor-version":[{"id":3049,"href":"https:\/\/www.duerp.com\/en\/wp-json\/wp\/v2\/pages\/1064\/revisions\/3049"}],"wp:attachment":[{"href":"https:\/\/www.duerp.com\/en\/wp-json\/wp\/v2\/media?parent=1064"}],"curies":[{"name":"wp","href":"https:\/\/api.w.org\/{rel}","templated":true}]}}