{"id":1070,"date":"2016-06-07T10:44:58","date_gmt":"2016-06-07T08:44:58","guid":{"rendered":"http:\/\/duerp.com\/?page_id=1070"},"modified":"2019-03-29T08:54:36","modified_gmt":"2019-03-29T07:54:36","slug":"observatoire-qualite-sst","status":"publish","type":"page","link":"https:\/\/www.duerp.com\/en\/observatoire-qualite-sst\/","title":{"rendered":"(Fran\u00e7ais) Observatoire qualit\u00e9 SST"},"content":{"rendered":"<p class=\"qtranxs-available-languages-message qtranxs-available-languages-message-en\">Sorry, this entry is only available in <a href=\"https:\/\/www.duerp.com\/fr\/wp-json\/wp\/v2\/pages\/1070\" class=\"qtranxs-available-language-link qtranxs-available-language-link-fr\" title=\"Fran\u00e7ais\">French<\/a>. For the sake of viewer convenience, the content is shown below in the alternative language. You may click the link to switch the active language.<\/p><p>[vc_row][vc_column][vc_column_text]<\/p>\n<h3><span style=\"color: #005a91;\">Mesure\u00a0de l&#8217;efficacit\u00e9 des actions de pr\u00e9vention<\/span><\/h3>\n<p>Fixez des objectifs \u00e0 vos actions sur la base des 5M, mesurez ensuite le niveau d&#8217;efficacit\u00e9 de vos actions apr\u00e8s un temps d&#8217;observation et d\u00e9cidez de l&#8217;efficacit\u00e9 ou non de celles-ci et cr\u00e9ez de nouvelles actions qui remplaceront les actions inefficaces.[\/vc_column_text][vc_single_image image=&#8221;1072&#8243; img_size=&#8221;large&#8221; alignment=&#8221;center&#8221;][vc_column_text]<\/p>\n<ul>\n<li>D\u00e9finissez les objectifs \u00e0 atteindre pour chaque mesure de pr\u00e9vention sur la base des 5M<\/li>\n<li>Attribuez la date et la responsabilit\u00e9 de la mesure d\u2019efficacit\u00e9 \u00e0 l\u2019un de vos collaborateurs<\/li>\n<li>Cr\u00e9ez une nouvelle action si la mesure est inefficace (la mesure inefficace sera historis\u00e9e et la nouvelle mesure aura pour origine cette mesure inefficace pour un suivi via l\u2019observatoire qualit\u00e9)<\/li>\n<\/ul>\n<p>[\/vc_column_text][\/vc_column][\/vc_row]<\/p>","protected":false},"excerpt":{"rendered":"<p>Sorry, this entry is only available in French. For the sake of viewer convenience, the content is shown below in the alternative language. You may click the link to switch the active language.[vc_row][vc_column][vc_column_text] Mesure\u00a0de l&#8217;efficacit\u00e9 des actions de pr\u00e9vention Fixez des objectifs \u00e0 vos actions sur la base des 5M, mesurez ensuite le niveau d&#8217;efficacit\u00e9&hellip;<\/p>\n","protected":false},"author":1,"featured_media":0,"parent":0,"menu_order":0,"comment_status":"closed","ping_status":"closed","template":"","meta":[],"_links":{"self":[{"href":"https:\/\/www.duerp.com\/en\/wp-json\/wp\/v2\/pages\/1070"}],"collection":[{"href":"https:\/\/www.duerp.com\/en\/wp-json\/wp\/v2\/pages"}],"about":[{"href":"https:\/\/www.duerp.com\/en\/wp-json\/wp\/v2\/types\/page"}],"author":[{"embeddable":true,"href":"https:\/\/www.duerp.com\/en\/wp-json\/wp\/v2\/users\/1"}],"replies":[{"embeddable":true,"href":"https:\/\/www.duerp.com\/en\/wp-json\/wp\/v2\/comments?post=1070"}],"version-history":[{"count":3,"href":"https:\/\/www.duerp.com\/en\/wp-json\/wp\/v2\/pages\/1070\/revisions"}],"predecessor-version":[{"id":1979,"href":"https:\/\/www.duerp.com\/en\/wp-json\/wp\/v2\/pages\/1070\/revisions\/1979"}],"wp:attachment":[{"href":"https:\/\/www.duerp.com\/en\/wp-json\/wp\/v2\/media?parent=1070"}],"curies":[{"name":"wp","href":"https:\/\/api.w.org\/{rel}","templated":true}]}}