{"id":1075,"date":"2016-06-07T11:00:02","date_gmt":"2016-06-07T09:00:02","guid":{"rendered":"http:\/\/duerp.com\/?page_id=1075"},"modified":"2019-03-29T08:57:56","modified_gmt":"2019-03-29T07:57:56","slug":"gestion-de-la-penibilite-au-travail","status":"publish","type":"page","link":"https:\/\/www.duerp.com\/en\/gestion-de-la-penibilite-au-travail\/","title":{"rendered":"(Fran\u00e7ais) Gestion de la p\u00e9nibilit\u00e9 au travail"},"content":{"rendered":"<p class=\"qtranxs-available-languages-message qtranxs-available-languages-message-en\">Sorry, this entry is only available in <a href=\"https:\/\/www.duerp.com\/fr\/wp-json\/wp\/v2\/pages\/1075\" class=\"qtranxs-available-language-link qtranxs-available-language-link-fr\" title=\"Fran\u00e7ais\">French<\/a>. For the sake of viewer convenience, the content is shown below in the alternative language. You may click the link to switch the active language.<\/p><p>[vc_row][vc_column][vc_column_text]<\/p>\n<h4 style=\"text-align: center;\"><span style=\"color: #005a91;\">1. Cr\u00e9er simplement les fiches de poste \u00e0 partir des situations de travail de votre Document Unique<\/span><\/h4>\n<p>[\/vc_column_text][vc_single_image image=&#8221;1080&#8243; img_size=&#8221;large&#8221; alignment=&#8221;center&#8221;][vc_column_text]<\/p>\n<h4 style=\"text-align: center;\"><span style=\"color: #005a91;\">2. Affecter les fiches de poste pr\u00e9alablement cr\u00e9\u00e9es \u00e0 vos salari\u00e9s et ajouter ou supprimer des situations de travail afin de personnaliser les fiches de poste \u00e0 vos salari\u00e9s<\/span><\/h4>\n<p>[\/vc_column_text][vc_single_image image=&#8221;1081&#8243; img_size=&#8221;large&#8221; alignment=&#8221;center&#8221;][vc_column_text]<\/p>\n<h4 style=\"text-align: center;\"><span style=\"color: #005a91;\">3. Retranscrivez les mesures r\u00e9alis\u00e9es sur le terrain directement dans le logiciel afin de constater ou non d&#8217;une exposition \u00e0 des facteurs de p\u00e9nibilit\u00e9<\/span><\/h4>\n<p>[\/vc_column_text][vc_single_image image=&#8221;1082&#8243; img_size=&#8221;large&#8221; alignment=&#8221;center&#8221;][vc_column_text]<\/p>\n<h4 style=\"text-align: center;\"><span style=\"color: #005a91;\">4. Identifiez simplement les facteurs de p\u00e9nibilit\u00e9 auxquels sont expos\u00e9s les salari\u00e9s de votre \u00e9tablissement<\/span><\/h4>\n<p>[\/vc_column_text][vc_single_image image=&#8221;1083&#8243; img_size=&#8221;large&#8221; alignment=&#8221;center&#8221;][vc_column_text]<\/p>\n<h4 style=\"text-align: center;\"><span style=\"color: #005a91;\">5. Imprimez les fiches de poste dans lesquelles vous identifierez les situations de travail exposant vos salari\u00e9s \u00e0 des facteurs de p\u00e9nibilit\u00e9<\/span><\/h4>\n<p>[\/vc_column_text][vc_single_image image=&#8221;1084&#8243; img_size=&#8221;large&#8221; alignment=&#8221;center&#8221;][vc_column_text]<\/p>\n<h4 style=\"text-align: center;\"><span style=\"color: #005a91;\">6. G\u00e9n\u00e9rer les fiches individuelles d&#8217;exposition aux facteurs de p\u00e9nibilit\u00e9 de vos salari\u00e9s simplement<\/span><\/h4>\n<p>[\/vc_column_text][vc_single_image image=&#8221;1087&#8243; img_size=&#8221;large&#8221; alignment=&#8221;center&#8221;][\/vc_column][\/vc_row]<\/p>","protected":false},"excerpt":{"rendered":"<p>Sorry, this entry is only available in French. For the sake of viewer convenience, the content is shown below in the alternative language. You may click the link to switch the active language.[vc_row][vc_column][vc_column_text] 1. Cr\u00e9er simplement les fiches de poste \u00e0 partir des situations de travail de votre Document Unique [\/vc_column_text][vc_single_image image=&#8221;1080&#8243; img_size=&#8221;large&#8221; alignment=&#8221;center&#8221;][vc_column_text] 2.&hellip;<\/p>\n","protected":false},"author":1,"featured_media":0,"parent":0,"menu_order":0,"comment_status":"closed","ping_status":"closed","template":"","meta":[],"_links":{"self":[{"href":"https:\/\/www.duerp.com\/en\/wp-json\/wp\/v2\/pages\/1075"}],"collection":[{"href":"https:\/\/www.duerp.com\/en\/wp-json\/wp\/v2\/pages"}],"about":[{"href":"https:\/\/www.duerp.com\/en\/wp-json\/wp\/v2\/types\/page"}],"author":[{"embeddable":true,"href":"https:\/\/www.duerp.com\/en\/wp-json\/wp\/v2\/users\/1"}],"replies":[{"embeddable":true,"href":"https:\/\/www.duerp.com\/en\/wp-json\/wp\/v2\/comments?post=1075"}],"version-history":[{"count":8,"href":"https:\/\/www.duerp.com\/en\/wp-json\/wp\/v2\/pages\/1075\/revisions"}],"predecessor-version":[{"id":1089,"href":"https:\/\/www.duerp.com\/en\/wp-json\/wp\/v2\/pages\/1075\/revisions\/1089"}],"wp:attachment":[{"href":"https:\/\/www.duerp.com\/en\/wp-json\/wp\/v2\/media?parent=1075"}],"curies":[{"name":"wp","href":"https:\/\/api.w.org\/{rel}","templated":true}]}}