{"id":1099,"date":"2016-06-07T14:18:38","date_gmt":"2016-06-07T12:18:38","guid":{"rendered":"http:\/\/duerp.com\/?page_id=1099"},"modified":"2019-03-29T08:59:08","modified_gmt":"2019-03-29T07:59:08","slug":"fiches-de-securite-au-poste","status":"publish","type":"page","link":"https:\/\/www.duerp.com\/en\/fiches-de-securite-au-poste\/","title":{"rendered":"(Fran\u00e7ais) Fiches de s\u00e9curit\u00e9 au poste"},"content":{"rendered":"<p class=\"qtranxs-available-languages-message qtranxs-available-languages-message-en\">Sorry, this entry is only available in <a href=\"https:\/\/www.duerp.com\/fr\/wp-json\/wp\/v2\/pages\/1099\" class=\"qtranxs-available-language-link qtranxs-available-language-link-fr\" title=\"Fran\u00e7ais\">French<\/a>. For the sake of viewer convenience, the content is shown below in the alternative language. You may click the link to switch the active language.<\/p><p>[vc_row][vc_column][vc_column_text]R\u00e9alisez les fiches de s\u00e9curit\u00e9 des postes de travail de vos collaborateurs d&#8217;un simple clic \u00e0 partir des situations de travail de votre document unique et ce quelque soit le niveau de l&#8217;arborescence o\u00f9 se trouve le poste de travail concern\u00e9.<\/p>\n<h3><span style=\"color: #005a91;\">1.Affectez des pictogrammes de s\u00e9curit\u00e9 \u00e0 vos risques et actions<\/span><\/h3>\n<p>[\/vc_column_text][vc_single_image image=&#8221;1078&#8243; img_size=&#8221;large&#8221; alignment=&#8221;center&#8221;][vc_column_text]En premier lieu, ajoutez une signal\u00e9tique \u00e0 chacun de vos risques et retrouvez les pictogrammes sur la fiche de s\u00e9curit\u00e9 au poste.[\/vc_column_text][vc_single_image image=&#8221;1079&#8243; img_size=&#8221;large&#8221; alignment=&#8221;center&#8221;][vc_column_text]Ajoutez \u00e9galement une signal\u00e9tique \u00e0 chacune de vos actions et retrouvez ces pictogrammes sur la fiche de s\u00e9curit\u00e9 au poste (uniquement pour les actions existantes).<\/p>\n<h3><span style=\"color: #005a91;\">2.\u00c9ditez votre Fiche de S\u00e9curit\u00e9 au Poste<\/span><\/h3>\n<p>[\/vc_column_text][vc_single_image image=&#8221;1085&#8243; img_size=&#8221;large&#8221; alignment=&#8221;center&#8221;][vc_column_text]La fiche de s\u00e9curit\u00e9 au poste de travail est personnalisable. En effet, vous pourrez s\u00e9lectionner les donn\u00e9es \u00e0 imprimer (situation de travail, cartouche de validation, photo, signal\u00e9tique, mesures de pr\u00e9vention, etc.).<\/p>\n<p>Il ne vous reste plus qu&#8217;\u00e0 plastifier la fiche de s\u00e9curit\u00e9 et l&#8217;afficher sur le poste de travail afin que la personne qui y travaille soit id\u00e9alement inform\u00e9e des risques auxquels elle est expos\u00e9e et des mesures existantes pour r\u00e9duire\/supprimer ces risques.<\/p>\n<p>Cette fiche l&#8217;informera \u00e9galement des obligations et des interdictions auxquelles elle devra se conformer pour tenir son poste.<\/p>\n<h3><span style=\"color: #005a91;\">3.G\u00e9n\u00e9rez votre Fiche de S\u00e9curit\u00e9 au Poste<\/span><\/h3>\n<p>[\/vc_column_text][vc_single_image image=&#8221;1101&#8243; img_size=&#8221;large&#8221; alignment=&#8221;center&#8221;][vc_column_text]Avec la version 2.0 du logiciel DUERP, vous pourrez, depuis une unit\u00e9 de travail, une activit\u00e9 ou une simple t\u00e2che, \u00e9ditez une fiche de s\u00e9curit\u00e9 au poste en un clic.<\/p>\n<p>Pour que la fiche de s\u00e9curit\u00e9 soit exhaustive et pertinente, vous pourrez attribuer \u00e0 vos risques et vos mesures de pr\u00e9vention une signal\u00e9tique de danger, d&#8217;obligation et d&#8217;interdiction bas\u00e9es sur la norme ISO 7010.<\/p>\n<p>Par ailleurs, vous pourrez s\u00e9lectionner les mesures de pr\u00e9vention existantes du document unique que vous souhaiterez voir appara\u00eetre sur la fiche de s\u00e9curit\u00e9 au poste de travail.[\/vc_column_text][\/vc_column][\/vc_row]<\/p>","protected":false},"excerpt":{"rendered":"<p>Sorry, this entry is only available in French. For the sake of viewer convenience, the content is shown below in the alternative language. You may click the link to switch the active language.[vc_row][vc_column][vc_column_text]R\u00e9alisez les fiches de s\u00e9curit\u00e9 des postes de travail de vos collaborateurs d&#8217;un simple clic \u00e0 partir des situations de travail de votre&hellip;<\/p>\n","protected":false},"author":1,"featured_media":0,"parent":0,"menu_order":0,"comment_status":"closed","ping_status":"closed","template":"","meta":[],"_links":{"self":[{"href":"https:\/\/www.duerp.com\/en\/wp-json\/wp\/v2\/pages\/1099"}],"collection":[{"href":"https:\/\/www.duerp.com\/en\/wp-json\/wp\/v2\/pages"}],"about":[{"href":"https:\/\/www.duerp.com\/en\/wp-json\/wp\/v2\/types\/page"}],"author":[{"embeddable":true,"href":"https:\/\/www.duerp.com\/en\/wp-json\/wp\/v2\/users\/1"}],"replies":[{"embeddable":true,"href":"https:\/\/www.duerp.com\/en\/wp-json\/wp\/v2\/comments?post=1099"}],"version-history":[{"count":2,"href":"https:\/\/www.duerp.com\/en\/wp-json\/wp\/v2\/pages\/1099\/revisions"}],"predecessor-version":[{"id":1983,"href":"https:\/\/www.duerp.com\/en\/wp-json\/wp\/v2\/pages\/1099\/revisions\/1983"}],"wp:attachment":[{"href":"https:\/\/www.duerp.com\/en\/wp-json\/wp\/v2\/media?parent=1099"}],"curies":[{"name":"wp","href":"https:\/\/api.w.org\/{rel}","templated":true}]}}