{"id":1104,"date":"2016-06-07T14:27:27","date_gmt":"2016-06-07T12:27:27","guid":{"rendered":"http:\/\/duerp.com\/?page_id=1104"},"modified":"2019-03-29T09:03:45","modified_gmt":"2019-03-29T08:03:45","slug":"un-logiciel-qui-sadapte-a-lhomme-et-a-votre-organisation","status":"publish","type":"page","link":"https:\/\/www.duerp.com\/en\/un-logiciel-qui-sadapte-a-lhomme-et-a-votre-organisation\/","title":{"rendered":"(Fran\u00e7ais) Un logiciel qui s\u2019adapte \u00e0 l\u2019homme et \u00e0 votre organisation"},"content":{"rendered":"<p class=\"qtranxs-available-languages-message qtranxs-available-languages-message-en\">Sorry, this entry is only available in <a href=\"https:\/\/www.duerp.com\/fr\/wp-json\/wp\/v2\/pages\/1104\" class=\"qtranxs-available-language-link qtranxs-available-language-link-fr\" title=\"Fran\u00e7ais\">French<\/a>. For the sake of viewer convenience, the content is shown below in the alternative language. You may click the link to switch the active language.<\/p><p>[vc_row][vc_column][vc_single_image image=&#8221;1106&#8243; img_size=&#8221;large&#8221; alignment=&#8221;center&#8221;][vc_column_text]<\/p>\n<h3><span style=\"color: #005a91;\">Proposer des technologies plus humaines<\/span><\/h3>\n<p>Parce que les nouvelles technologies peinent \u00e0 s&#8217;adapter \u00e0 l&#8217;homme car elles ne sont pas assez bien con\u00e7ues pour tenir compte de nos sp\u00e9cificit\u00e9s, nos attentes, nos habitudes, elles nous contraignent \u00e0 devoir s&#8217;adapter \u00e0 elles, de changer notre fa\u00e7on de travailler et ont pour impact de r\u00e9volutionner continuellement nos m\u00e9thodes de travail.<\/p>\n<p>Apr\u00e8s avoir vu dans l&#8217;av\u00e8nement des nouvelles technologies la promesse d&#8217;un monde meilleur, l&#8217;homme red\u00e9couvre que toute m\u00e9daille a son revers. Inquiet pour ses libert\u00e9s individuelles, il est en qu\u00eate d&#8217;une technologie plus humaine.<\/p>\n<p>Malgr\u00e9 cela, on remarque aujourd&#8217;hui que les nouvelles technologies tendent de plus en plus \u00e0 se recentrer sur l\u2019utilisateur, et l\u2019Homme dans sa g\u00e9n\u00e9ralit\u00e9 mais elles nous procurent trop souvent comme sentiment d&#8217;\u00eatre domin\u00e9 par elles.<\/p>\n<h3><span style=\"color: #005a91;\">Concevoir des outils qui s\u2019adaptent \u00e0 l&#8217;Homme<\/span><\/h3>\n<p>Fort de ce constat, et pour avoir trop longtemps travailler pour des besoins pas toujours bien exprim\u00e9s, mal compris par les diff\u00e9rentes parties prenantes du processus de d\u00e9veloppement informatique ou encore de livrer des solutions informatiques qui ne correspondaient pas du tout ou pas suffisamment au cahier des charges initial du Client, DUERP \u00e0 pris comme ligne directrice de concevoir et d\u00e9velopper des outils informatiques qui s&#8217;adaptent \u00e0 l&#8217;homme et non l&#8217;inverse !<\/p>\n<h3><span style=\"color: #005a91;\">L&#8217;\u00e9coute du client, principal axe d&#8217;innovation<\/span><\/h3>\n<p>Les solutions pour y parvenir sont multiples : nous sommes constamment \u00e0 l&#8217;\u00e9coute de nos clients, \u00e0 la recherche de solutions nouvelles et innovantes adaptables \u00e0 l&#8217;homme, \u00e0 nous remettre en question quand nous faisons face \u00e0 des \u00e9checs et cela dans l&#8217;unique objectif de satisfaire au mieux nos Clients et de maintenir une parfaite ad\u00e9quation, \u00e9quilibre et harmonie entre l&#8217;homme et la machine.<\/p>\n<p>Par ailleurs, dans le but de nous adapter au mieux \u00e0 tous les types et tailles d&#8217;entreprises et d&#8217;organismes publics, nous avons d\u00e9clin\u00e9 la suite logicielle DUERP sous 4 versions bien distinctes.[\/vc_column_text][vc_column_text]<\/p>\n<h3><span style=\"color: #005a91;\">DUERP, \u00a0une solution intuitive pour r\u00e9pondre \u00e0 la r\u00e9glementation<\/span><\/h3>\n<p>DUERP est une solution d&#8217;\u00e9valuation des risques professionnels. Intuitif et efficace. Il vous guidera pas \u00e0 pas dans :<\/p>\n<ul>\n<li>La cr\u00e9ation et la mise \u00e0 jour de votre Document Unique<\/li>\n<li>L&#8217;\u00e9dition de vos plans d&#8217;actions<\/li>\n<li>L&#8217;aide \u00e0 l&#8217;identification des salari\u00e9s expos\u00e9s aux facteurs de p\u00e9nibilit\u00e9 au travail<\/li>\n<li>La g\u00e9n\u00e9ration des fiches individuelles de tra\u00e7abilit\u00e9 aux expositions pour les salari\u00e9s expos\u00e9s \u00e0 des facteurs de p\u00e9nibilit\u00e9<\/li>\n<li>La d\u00e9claration On line des accidents du travail via EDI et le suivi des accidents de travail<\/li>\n<li>La gestion des protocoles de s\u00e9curit\u00e9 chargement\/d\u00e9chargement<\/li>\n<li>La gestion des plans de pr\u00e9vention<\/li>\n<li>La veille r\u00e9glementaire multi-sites<\/li>\n<\/ul>\n<h3><span style=\"color: #005a91;\">La nouvelle version 3.0<\/span><\/h3>\n<p><strong>La nouvelle version 3.0<\/strong> du logiciel DUERP Client\/serveur CLOUD vous permet de mettre en oeuvre la<strong> tra\u00e7abilit\u00e9 des expositions aux facteurs de p\u00e9nibilit\u00e9 <\/strong>de vos salari\u00e9s, <strong>d&#8217;alerter chacune des personnes \u00e9tant partie prenante dans la politique de pr\u00e9vention<\/strong> des risques professionnels : Direction, managers, responsable QSE,\u00a0r\u00e9f\u00e9rents s\u00e9curit\u00e9, acteurs des mesures de pr\u00e9vention, responsable d&#8217;une unit\u00e9 de travail, &#8230;[\/vc_column_text][\/vc_column][\/vc_row]<\/p>","protected":false},"excerpt":{"rendered":"<p>Sorry, this entry is only available in French. For the sake of viewer convenience, the content is shown below in the alternative language. You may click the link to switch the active language.[vc_row][vc_column][vc_single_image image=&#8221;1106&#8243; img_size=&#8221;large&#8221; alignment=&#8221;center&#8221;][vc_column_text] Proposer des technologies plus humaines Parce que les nouvelles technologies peinent \u00e0 s&#8217;adapter \u00e0 l&#8217;homme car elles ne sont&hellip;<\/p>\n","protected":false},"author":1,"featured_media":0,"parent":0,"menu_order":0,"comment_status":"closed","ping_status":"closed","template":"","meta":[],"_links":{"self":[{"href":"https:\/\/www.duerp.com\/en\/wp-json\/wp\/v2\/pages\/1104"}],"collection":[{"href":"https:\/\/www.duerp.com\/en\/wp-json\/wp\/v2\/pages"}],"about":[{"href":"https:\/\/www.duerp.com\/en\/wp-json\/wp\/v2\/types\/page"}],"author":[{"embeddable":true,"href":"https:\/\/www.duerp.com\/en\/wp-json\/wp\/v2\/users\/1"}],"replies":[{"embeddable":true,"href":"https:\/\/www.duerp.com\/en\/wp-json\/wp\/v2\/comments?post=1104"}],"version-history":[{"count":5,"href":"https:\/\/www.duerp.com\/en\/wp-json\/wp\/v2\/pages\/1104\/revisions"}],"predecessor-version":[{"id":1985,"href":"https:\/\/www.duerp.com\/en\/wp-json\/wp\/v2\/pages\/1104\/revisions\/1985"}],"wp:attachment":[{"href":"https:\/\/www.duerp.com\/en\/wp-json\/wp\/v2\/media?parent=1104"}],"curies":[{"name":"wp","href":"https:\/\/api.w.org\/{rel}","templated":true}]}}