{"id":1118,"date":"2016-06-07T15:04:00","date_gmt":"2016-06-07T13:04:00","guid":{"rendered":"http:\/\/duerp.com\/?page_id=1118"},"modified":"2019-03-29T09:04:31","modified_gmt":"2019-03-29T08:04:31","slug":"nouvelle-ergonomie","status":"publish","type":"page","link":"https:\/\/www.duerp.com\/en\/nouvelle-ergonomie\/","title":{"rendered":"(Fran\u00e7ais) Nouvelle ergonomie"},"content":{"rendered":"<p class=\"qtranxs-available-languages-message qtranxs-available-languages-message-en\">Sorry, this entry is only available in <a href=\"https:\/\/www.duerp.com\/fr\/wp-json\/wp\/v2\/pages\/1118\" class=\"qtranxs-available-language-link qtranxs-available-language-link-fr\" title=\"Fran\u00e7ais\">French<\/a>. For the sake of viewer convenience, the content is shown below in the alternative language. You may click the link to switch the active language.<\/p><p>[vc_row][vc_column][vc_column_text]Une nouvelle interface utilisateur afin de faciliter la cr\u00e9ation de votre document unique.<\/p>\n<h3><span style=\"color: #005a91;\">1.La nouvelle interface DUERP<\/span><\/h3>\n<p>[\/vc_column_text][vc_single_image image=&#8221;1114&#8243; img_size=&#8221;large&#8221; alignment=&#8221;center&#8221;][vc_column_text]Avec son lot de nouveaut\u00e9s, le logiciel DUERP se rev\u00eat d&#8217;un tout nouveau design, pour que la cr\u00e9ation de votre document unique soit encore plus simple et plus efficace.<\/p>\n<h3><span style=\"color: #005a91;\">2.Une interface personnalisable<\/span><\/h3>\n<p>[\/vc_column_text][vc_single_image image=&#8221;1115&#8243; img_size=&#8221;full&#8221; alignment=&#8221;center&#8221;][vc_column_text]De plus, vous pouvez d\u00e9sormais personnaliser l&#8217;affichage du logiciel DUERP comme bon vous semble. Envie d&#8217;une interface de d\u00e9marrage plus \u00e9pur\u00e9e ? Choisissez l&#8217;interface simplifi\u00e9e dans l&#8217;espace &#8220;Outils&#8221; pour un menu clair et efficace ![\/vc_column_text][\/vc_column][\/vc_row]<\/p>","protected":false},"excerpt":{"rendered":"<p>Sorry, this entry is only available in French. For the sake of viewer convenience, the content is shown below in the alternative language. You may click the link to switch the active language.[vc_row][vc_column][vc_column_text]Une nouvelle interface utilisateur afin de faciliter la cr\u00e9ation de votre document unique. 1.La nouvelle interface DUERP [\/vc_column_text][vc_single_image image=&#8221;1114&#8243; img_size=&#8221;large&#8221; alignment=&#8221;center&#8221;][vc_column_text]Avec son lot&hellip;<\/p>\n","protected":false},"author":1,"featured_media":0,"parent":0,"menu_order":0,"comment_status":"closed","ping_status":"closed","template":"","meta":[],"_links":{"self":[{"href":"https:\/\/www.duerp.com\/en\/wp-json\/wp\/v2\/pages\/1118"}],"collection":[{"href":"https:\/\/www.duerp.com\/en\/wp-json\/wp\/v2\/pages"}],"about":[{"href":"https:\/\/www.duerp.com\/en\/wp-json\/wp\/v2\/types\/page"}],"author":[{"embeddable":true,"href":"https:\/\/www.duerp.com\/en\/wp-json\/wp\/v2\/users\/1"}],"replies":[{"embeddable":true,"href":"https:\/\/www.duerp.com\/en\/wp-json\/wp\/v2\/comments?post=1118"}],"version-history":[{"count":2,"href":"https:\/\/www.duerp.com\/en\/wp-json\/wp\/v2\/pages\/1118\/revisions"}],"predecessor-version":[{"id":1986,"href":"https:\/\/www.duerp.com\/en\/wp-json\/wp\/v2\/pages\/1118\/revisions\/1986"}],"wp:attachment":[{"href":"https:\/\/www.duerp.com\/en\/wp-json\/wp\/v2\/media?parent=1118"}],"curies":[{"name":"wp","href":"https:\/\/api.w.org\/{rel}","templated":true}]}}