{"id":1161,"date":"2016-06-07T16:38:43","date_gmt":"2016-06-07T14:38:43","guid":{"rendered":"http:\/\/duerp.com\/?page_id=1161"},"modified":"2016-06-07T16:38:43","modified_gmt":"2016-06-07T14:38:43","slug":"un-outil-de-reporting-complet","status":"publish","type":"page","link":"https:\/\/www.duerp.com\/en\/un-outil-de-reporting-complet\/","title":{"rendered":"(Fran\u00e7ais) Un outil de reporting complet"},"content":{"rendered":"<p class=\"qtranxs-available-languages-message qtranxs-available-languages-message-en\">Sorry, this entry is only available in <a href=\"https:\/\/www.duerp.com\/fr\/wp-json\/wp\/v2\/pages\/1161\" class=\"qtranxs-available-language-link qtranxs-available-language-link-fr\" title=\"Fran\u00e7ais\">French<\/a>. For the sake of viewer convenience, the content is shown below in the alternative language. You may click the link to switch the active language.<\/p><p>[vc_row][vc_column][vc_column_text]<\/p>\n<p style=\"text-align: center;\">Personnalis\u00e9s vos reportings \u00e0 partir de filtres et choisissez les donn\u00e9es que vous souhaitez exporter<\/p>\n<p>[\/vc_column_text][vc_single_image image=&#8221;1163&#8243; img_size=&#8221;large&#8221; alignment=&#8221;center&#8221;][vc_column_text]<\/p>\n<p style=\"text-align: center;\">Exporter vos donn\u00e9es pr\u00e9alablement filtr\u00e9es et tri\u00e9es vers Excel ou PDF<\/p>\n<p>[\/vc_column_text][vc_single_image image=&#8221;1164&#8243; img_size=&#8221;large&#8221; alignment=&#8221;center&#8221;][vc_column_text]<\/p>\n<p style=\"text-align: center;\">Le reporting g\u00e9n\u00e9r\u00e9 au format PDF s&#8217;adapte aux donn\u00e9es que vous avez s\u00e9lectionn\u00e9<\/p>\n<p>[\/vc_column_text][vc_single_image image=&#8221;1165&#8243; img_size=&#8221;large&#8221; alignment=&#8221;center&#8221;][vc_column_text]<\/p>\n<p style=\"text-align: center;\">Cr\u00e9er vos diagrammes avec Excel \u00e0 partir des donn\u00e9es export\u00e9es au format CSV<\/p>\n<p>[\/vc_column_text][vc_single_image image=&#8221;1166&#8243; img_size=&#8221;large&#8221; alignment=&#8221;center&#8221;][\/vc_column][\/vc_row]<\/p>","protected":false},"excerpt":{"rendered":"<p>Sorry, this entry is only available in French. For the sake of viewer convenience, the content is shown below in the alternative language. You may click the link to switch the active language.[vc_row][vc_column][vc_column_text] Personnalis\u00e9s vos reportings \u00e0 partir de filtres et choisissez les donn\u00e9es que vous souhaitez exporter [\/vc_column_text][vc_single_image image=&#8221;1163&#8243; img_size=&#8221;large&#8221; alignment=&#8221;center&#8221;][vc_column_text] Exporter vos donn\u00e9es&hellip;<\/p>\n","protected":false},"author":1,"featured_media":0,"parent":0,"menu_order":0,"comment_status":"closed","ping_status":"closed","template":"","meta":[],"_links":{"self":[{"href":"https:\/\/www.duerp.com\/en\/wp-json\/wp\/v2\/pages\/1161"}],"collection":[{"href":"https:\/\/www.duerp.com\/en\/wp-json\/wp\/v2\/pages"}],"about":[{"href":"https:\/\/www.duerp.com\/en\/wp-json\/wp\/v2\/types\/page"}],"author":[{"embeddable":true,"href":"https:\/\/www.duerp.com\/en\/wp-json\/wp\/v2\/users\/1"}],"replies":[{"embeddable":true,"href":"https:\/\/www.duerp.com\/en\/wp-json\/wp\/v2\/comments?post=1161"}],"version-history":[{"count":1,"href":"https:\/\/www.duerp.com\/en\/wp-json\/wp\/v2\/pages\/1161\/revisions"}],"predecessor-version":[{"id":1167,"href":"https:\/\/www.duerp.com\/en\/wp-json\/wp\/v2\/pages\/1161\/revisions\/1167"}],"wp:attachment":[{"href":"https:\/\/www.duerp.com\/en\/wp-json\/wp\/v2\/media?parent=1161"}],"curies":[{"name":"wp","href":"https:\/\/api.w.org\/{rel}","templated":true}]}}