{"id":1175,"date":"2016-06-07T17:02:04","date_gmt":"2016-06-07T15:02:04","guid":{"rendered":"http:\/\/duerp.com\/?page_id=1175"},"modified":"2016-06-07T17:02:04","modified_gmt":"2016-06-07T15:02:04","slug":"des-tableaux-de-bord-pertinents","status":"publish","type":"page","link":"https:\/\/www.duerp.com\/en\/des-tableaux-de-bord-pertinents\/","title":{"rendered":"(Fran\u00e7ais) Des tableaux de bord pertinents"},"content":{"rendered":"<p class=\"qtranxs-available-languages-message qtranxs-available-languages-message-en\">Sorry, this entry is only available in <a href=\"https:\/\/www.duerp.com\/fr\/wp-json\/wp\/v2\/pages\/1175\" class=\"qtranxs-available-language-link qtranxs-available-language-link-fr\" title=\"Fran\u00e7ais\">French<\/a>. For the sake of viewer convenience, the content is shown below in the alternative language. You may click the link to switch the active language.<\/p><p>[vc_row][vc_column][vc_column_text]Suivez l&#8217;\u00e9volution de votre politique de pr\u00e9vention \u00e0 partir de tableaux de bord pertinents : \u00e0 chaque r\u00e9vision, votre Document Unique est historis\u00e9 et plusieurs indicateurs importants comme le Risque R\u00e9siduel Moyen ou Global et le Risque Initial moyen ou Global sont mis en exergues dans un histogramme.<\/p>\n<p>L&#8217;histogramme des situations de travail permet de comprendre si une baisse ou une augmentation du Risque R\u00e9siduel Global est due \u00e0 une augmentation ou diminution du nombre des situations de travail ou alors due \u00e0 une augmentation de la cotation des risques de votre Document Unique.[\/vc_column_text][vc_single_image][\/vc_column][\/vc_row]<\/p>","protected":false},"excerpt":{"rendered":"<p>Sorry, this entry is only available in French. For the sake of viewer convenience, the content is shown below in the alternative language. You may click the link to switch the active language.[vc_row][vc_column][vc_column_text]Suivez l&#8217;\u00e9volution de votre politique de pr\u00e9vention \u00e0 partir de tableaux de bord pertinents : \u00e0 chaque r\u00e9vision, votre Document Unique est historis\u00e9&hellip;<\/p>\n","protected":false},"author":1,"featured_media":0,"parent":0,"menu_order":0,"comment_status":"closed","ping_status":"closed","template":"","meta":[],"_links":{"self":[{"href":"https:\/\/www.duerp.com\/en\/wp-json\/wp\/v2\/pages\/1175"}],"collection":[{"href":"https:\/\/www.duerp.com\/en\/wp-json\/wp\/v2\/pages"}],"about":[{"href":"https:\/\/www.duerp.com\/en\/wp-json\/wp\/v2\/types\/page"}],"author":[{"embeddable":true,"href":"https:\/\/www.duerp.com\/en\/wp-json\/wp\/v2\/users\/1"}],"replies":[{"embeddable":true,"href":"https:\/\/www.duerp.com\/en\/wp-json\/wp\/v2\/comments?post=1175"}],"version-history":[{"count":1,"href":"https:\/\/www.duerp.com\/en\/wp-json\/wp\/v2\/pages\/1175\/revisions"}],"predecessor-version":[{"id":1177,"href":"https:\/\/www.duerp.com\/en\/wp-json\/wp\/v2\/pages\/1175\/revisions\/1177"}],"wp:attachment":[{"href":"https:\/\/www.duerp.com\/en\/wp-json\/wp\/v2\/media?parent=1175"}],"curies":[{"name":"wp","href":"https:\/\/api.w.org\/{rel}","templated":true}]}}