{"id":1179,"date":"2016-06-08T09:52:08","date_gmt":"2016-06-08T07:52:08","guid":{"rendered":"http:\/\/duerp.com\/?page_id=1179"},"modified":"2016-06-08T09:52:08","modified_gmt":"2016-06-08T07:52:08","slug":"importation-depuis-votre-systeme-dinformation-rh","status":"publish","type":"page","link":"https:\/\/www.duerp.com\/en\/importation-depuis-votre-systeme-dinformation-rh\/","title":{"rendered":"(Fran\u00e7ais) Importation depuis votre syst\u00e8me d&#8217;information RH"},"content":{"rendered":"<p class=\"qtranxs-available-languages-message qtranxs-available-languages-message-en\">Sorry, this entry is only available in <a href=\"https:\/\/www.duerp.com\/fr\/wp-json\/wp\/v2\/pages\/1179\" class=\"qtranxs-available-language-link qtranxs-available-language-link-fr\" title=\"Fran\u00e7ais\">French<\/a>. For the sake of viewer convenience, the content is shown below in the alternative language. You may click the link to switch the active language.<\/p><p>[vc_row][vc_column][vc_single_image image=&#8221;1181&#8243; img_size=&#8221;large&#8221; alignment=&#8221;center&#8221;][vc_column_text]Importez depuis votre syst\u00e8me d&#8217;Information RH la liste de vos salari\u00e9s via un fichier au format texte .TXT ou au format .CSV ou bien directement depuis votre SI RH gr\u00e2ce \u00e0 nos modules d&#8217;interconnexion compatibles avec les principaux logiciel RH du march\u00e9[\/vc_column_text][\/vc_column][\/vc_row]<\/p>","protected":false},"excerpt":{"rendered":"<p>Sorry, this entry is only available in French. For the sake of viewer convenience, the content is shown below in the alternative language. You may click the link to switch the active language.[vc_row][vc_column][vc_single_image image=&#8221;1181&#8243; img_size=&#8221;large&#8221; alignment=&#8221;center&#8221;][vc_column_text]Importez depuis votre syst\u00e8me d&#8217;Information RH la liste de vos salari\u00e9s via un fichier au format texte .TXT ou au&hellip;<\/p>\n","protected":false},"author":1,"featured_media":0,"parent":0,"menu_order":0,"comment_status":"closed","ping_status":"closed","template":"","meta":[],"_links":{"self":[{"href":"https:\/\/www.duerp.com\/en\/wp-json\/wp\/v2\/pages\/1179"}],"collection":[{"href":"https:\/\/www.duerp.com\/en\/wp-json\/wp\/v2\/pages"}],"about":[{"href":"https:\/\/www.duerp.com\/en\/wp-json\/wp\/v2\/types\/page"}],"author":[{"embeddable":true,"href":"https:\/\/www.duerp.com\/en\/wp-json\/wp\/v2\/users\/1"}],"replies":[{"embeddable":true,"href":"https:\/\/www.duerp.com\/en\/wp-json\/wp\/v2\/comments?post=1179"}],"version-history":[{"count":1,"href":"https:\/\/www.duerp.com\/en\/wp-json\/wp\/v2\/pages\/1179\/revisions"}],"predecessor-version":[{"id":1182,"href":"https:\/\/www.duerp.com\/en\/wp-json\/wp\/v2\/pages\/1179\/revisions\/1182"}],"wp:attachment":[{"href":"https:\/\/www.duerp.com\/en\/wp-json\/wp\/v2\/media?parent=1179"}],"curies":[{"name":"wp","href":"https:\/\/api.w.org\/{rel}","templated":true}]}}