{"id":1207,"date":"2016-06-08T10:53:03","date_gmt":"2016-06-08T08:53:03","guid":{"rendered":"http:\/\/duerp.com\/?page_id=1207"},"modified":"2016-06-08T10:58:45","modified_gmt":"2016-06-08T08:58:45","slug":"la-solution-multi-postes","status":"publish","type":"page","link":"https:\/\/www.duerp.com\/en\/la-solution-multi-postes\/","title":{"rendered":"(Fran\u00e7ais) La solution Multi-postes"},"content":{"rendered":"<p class=\"qtranxs-available-languages-message qtranxs-available-languages-message-en\">Sorry, this entry is only available in <a href=\"https:\/\/www.duerp.com\/fr\/wp-json\/wp\/v2\/pages\/1207\" class=\"qtranxs-available-language-link qtranxs-available-language-link-fr\" title=\"Fran\u00e7ais\">French<\/a>. For the sake of viewer convenience, the content is shown below in the alternative language. You may click the link to switch the active language.<\/p><p>[vc_row][vc_column][vc_single_image image=&#8221;1209&#8243; img_size=&#8221;large&#8221; alignment=&#8221;center&#8221;][vc_column_text]La solution multi-postes se diff\u00e9rencie de la solution client \/ serveur et de la version monoposte par l&#8217;h\u00e9t\u00e9rog\u00e9n\u00e9it\u00e9 des versions du logiciel utilis\u00e9es. En effet, chaque utilisateur, en fonction de ses attributions, poss\u00e9dera une licence diff\u00e9rente :<\/p>\n<ul>\n<li>la version Reader pour de la simple consultation et impression (ex : CHSCT, M\u00e9decins du travail ou DGS)<\/li>\n<li>la version Mono-Site pour ne b\u00e9n\u00e9ficier que de fonctionnalit\u00e9s basiques \u00e0 la mise \u00e0 jour des DUERP<\/li>\n<li>la version Premium afin de g\u00e9rer efficacement et durablement votre politique de pr\u00e9vention (coordinateur de s\u00e9curit\u00e9, animateur s\u00e9curit\u00e9 \/ ex ACMO).<\/li>\n<\/ul>\n<p>Attention toutefois, en contrepartie de sa tarification attractive, l&#8217;int\u00e9grit\u00e9 des donn\u00e9es n&#8217;est pas assur\u00e9e avec cette solution technique.<\/p>\n<p>En effet, la solution Multi-postes permet de faire cohabiter plusieurs versions du logiciel DUERP destin\u00e9es \u00e0 plusieurs utilisateurs permettant ainsi de r\u00e9duire le co\u00fbt d&#8217;acquisition des licences. Cependant, cette solution ne permet pas de garantir la coh\u00e9rence et l&#8217;int\u00e9grite des donn\u00e9es car les donn\u00e9es sont stock\u00e9es dans un m\u00eame dossier partag\u00e9. Dans ce cas :<\/p>\n<p><strong>Si plusieurs utilisateurs modifient la m\u00eame donn\u00e9e, c&#8217;est le dernier qui enregistre qui l&#8217;emporte !<\/strong><\/p>\n<p>Nous recommandons cette solution si une seule personne (2 tout au plus dans un m\u00eame service) modifie les donn\u00e9es avec la version PREMIUM, et que les autres se contentent de consulter avec la version READER.<\/p>\n<p>Le stockage des donn\u00e9es repose sur un format d&#8217;\u00e9change reconnu et universel : le langage XML.[\/vc_column_text][\/vc_column][\/vc_row]<\/p>","protected":false},"excerpt":{"rendered":"<p>Sorry, this entry is only available in French. For the sake of viewer convenience, the content is shown below in the alternative language. You may click the link to switch the active language.[vc_row][vc_column][vc_single_image image=&#8221;1209&#8243; img_size=&#8221;large&#8221; alignment=&#8221;center&#8221;][vc_column_text]La solution multi-postes se diff\u00e9rencie de la solution client \/ serveur et de la version monoposte par l&#8217;h\u00e9t\u00e9rog\u00e9n\u00e9it\u00e9 des versions&hellip;<\/p>\n","protected":false},"author":1,"featured_media":0,"parent":0,"menu_order":0,"comment_status":"closed","ping_status":"closed","template":"","meta":[],"_links":{"self":[{"href":"https:\/\/www.duerp.com\/en\/wp-json\/wp\/v2\/pages\/1207"}],"collection":[{"href":"https:\/\/www.duerp.com\/en\/wp-json\/wp\/v2\/pages"}],"about":[{"href":"https:\/\/www.duerp.com\/en\/wp-json\/wp\/v2\/types\/page"}],"author":[{"embeddable":true,"href":"https:\/\/www.duerp.com\/en\/wp-json\/wp\/v2\/users\/1"}],"replies":[{"embeddable":true,"href":"https:\/\/www.duerp.com\/en\/wp-json\/wp\/v2\/comments?post=1207"}],"version-history":[{"count":2,"href":"https:\/\/www.duerp.com\/en\/wp-json\/wp\/v2\/pages\/1207\/revisions"}],"predecessor-version":[{"id":1211,"href":"https:\/\/www.duerp.com\/en\/wp-json\/wp\/v2\/pages\/1207\/revisions\/1211"}],"wp:attachment":[{"href":"https:\/\/www.duerp.com\/en\/wp-json\/wp\/v2\/media?parent=1207"}],"curies":[{"name":"wp","href":"https:\/\/api.w.org\/{rel}","templated":true}]}}