{"id":1212,"date":"2016-06-08T11:01:39","date_gmt":"2016-06-08T09:01:39","guid":{"rendered":"http:\/\/duerp.com\/?page_id=1212"},"modified":"2016-06-08T11:01:39","modified_gmt":"2016-06-08T09:01:39","slug":"la-solution-clientserveur-local","status":"publish","type":"page","link":"https:\/\/www.duerp.com\/en\/la-solution-clientserveur-local\/","title":{"rendered":"(Fran\u00e7ais) La solution client\/serveur local"},"content":{"rendered":"<p class=\"qtranxs-available-languages-message qtranxs-available-languages-message-en\">Sorry, this entry is only available in <a href=\"https:\/\/www.duerp.com\/fr\/wp-json\/wp\/v2\/pages\/1212\" class=\"qtranxs-available-language-link qtranxs-available-language-link-fr\" title=\"Fran\u00e7ais\">French<\/a>. For the sake of viewer convenience, the content is shown below in the alternative language. You may click the link to switch the active language.<\/p><p>[vc_row][vc_column][vc_single_image image=&#8221;1214&#8243; img_size=&#8221;large&#8221; alignment=&#8221;center&#8221;][vc_column_text]La version Client\/serveur Local permet de g\u00e9rer un nombre important d&#8217;utilisateurs simultan\u00e9s. L&#8217;attribution de r\u00f4les et de droits \u00e0 chaque utilisateur permet de restreindre l&#8217;acc\u00e8s aux donn\u00e9es\u00a0en fonction de ses attributions (RRH, M\u00e9decin du travail, CHSCT, Responsable QHSE, Responsable d&#8217;unit\u00e9 de travail, responsable de mesures de pr\u00e9vention).<\/p>\n<p>Le stockage des donn\u00e9es repose sur une base h\u00e9berg\u00e9e sur un serveur de l&#8217;entreprise et permet ainsi des acc\u00e8s concurrentiels instantan\u00e9s aux donn\u00e9es\u00a0tout en pr\u00e9servant la s\u00e9curit\u00e9, l&#8217;int\u00e9grit\u00e9 et la coh\u00e9rence\u00a0de celles-ci.<\/p>\n<p>La solution client\/serveur local est\u00a0recommand\u00e9e pour un seul site physique ou plusieurs \u00e0 la condition qu&#8217;ils soient interconnect\u00e9s entre eux\u00a0via un m\u00eame r\u00e9seau informatique. Cette solution permet de partager l&#8217;ensemble des donn\u00e9es de mani\u00e8re s\u00e9curis\u00e9e et en fonction des droits et habilitations qui auront \u00e9t\u00e9 affect\u00e9s pr\u00e9alablement aux utilisateurs par le Super administrateur. L&#8217;interface client repose sur la version Premium Gold.<\/p>\n<p>La coh\u00e9rence, l&#8217;int\u00e9grit\u00e9 et la pertinence des donn\u00e9es sont assur\u00e9es\u00a0par une base de donn\u00e9es commune permettant de g\u00e9rer efficacement l&#8217;acc\u00e8s concurrentiel aux donn\u00e9es. Dans cette configuration, le serveur est h\u00e9berg\u00e9 chez le client et administr\u00e9 par le service informatique interne (DSI).[\/vc_column_text][\/vc_column][\/vc_row]<\/p>","protected":false},"excerpt":{"rendered":"<p>Sorry, this entry is only available in French. For the sake of viewer convenience, the content is shown below in the alternative language. You may click the link to switch the active language.[vc_row][vc_column][vc_single_image image=&#8221;1214&#8243; img_size=&#8221;large&#8221; alignment=&#8221;center&#8221;][vc_column_text]La version Client\/serveur Local permet de g\u00e9rer un nombre important d&#8217;utilisateurs simultan\u00e9s. L&#8217;attribution de r\u00f4les et de droits \u00e0 chaque&hellip;<\/p>\n","protected":false},"author":1,"featured_media":0,"parent":0,"menu_order":0,"comment_status":"closed","ping_status":"closed","template":"","meta":[],"_links":{"self":[{"href":"https:\/\/www.duerp.com\/en\/wp-json\/wp\/v2\/pages\/1212"}],"collection":[{"href":"https:\/\/www.duerp.com\/en\/wp-json\/wp\/v2\/pages"}],"about":[{"href":"https:\/\/www.duerp.com\/en\/wp-json\/wp\/v2\/types\/page"}],"author":[{"embeddable":true,"href":"https:\/\/www.duerp.com\/en\/wp-json\/wp\/v2\/users\/1"}],"replies":[{"embeddable":true,"href":"https:\/\/www.duerp.com\/en\/wp-json\/wp\/v2\/comments?post=1212"}],"version-history":[{"count":1,"href":"https:\/\/www.duerp.com\/en\/wp-json\/wp\/v2\/pages\/1212\/revisions"}],"predecessor-version":[{"id":1215,"href":"https:\/\/www.duerp.com\/en\/wp-json\/wp\/v2\/pages\/1212\/revisions\/1215"}],"wp:attachment":[{"href":"https:\/\/www.duerp.com\/en\/wp-json\/wp\/v2\/media?parent=1212"}],"curies":[{"name":"wp","href":"https:\/\/api.w.org\/{rel}","templated":true}]}}