{"id":1223,"date":"2016-06-08T13:54:11","date_gmt":"2016-06-08T11:54:11","guid":{"rendered":"http:\/\/duerp.com\/?page_id=1223"},"modified":"2016-06-08T14:29:49","modified_gmt":"2016-06-08T12:29:49","slug":"nos-modeles-de-doccuments-uniques","status":"publish","type":"page","link":"https:\/\/www.duerp.com\/en\/nos-modeles-de-doccuments-uniques\/","title":{"rendered":"(Fran\u00e7ais) Nos mod\u00e8les de DU"},"content":{"rendered":"<p class=\"qtranxs-available-languages-message qtranxs-available-languages-message-en\">Sorry, this entry is only available in <a href=\"https:\/\/www.duerp.com\/fr\/wp-json\/wp\/v2\/pages\/1223\" class=\"qtranxs-available-language-link qtranxs-available-language-link-fr\" title=\"Fran\u00e7ais\">French<\/a>. For the sake of viewer convenience, the content is shown below in the alternative language. You may click the link to switch the active language.<\/p><p>[vc_row][vc_column][vc_column_text]D\u00e9couvrez nos mod\u00e8les de Document Unique sp\u00e9cifique \u00e0 chaque m\u00e9tier qui vous permettrons de cr\u00e9er rapidement et facilement votre Document Unique d&#8217;Evaluation des Risques Professionnels (DUERP). Quelque soit votre activit\u00e9, nos experts pourront si vous le souhaitez vous accompagner dans l&#8217;\u00e9laboration de votre Document Unique DUERP.<\/p>\n<p>Chaque mod\u00e8le pr\u00e9sente une structure claire et compr\u00e9hensible des diff\u00e9rentes situations de travail pour chaque type de m\u00e9tier et recense la liste quasi exhaustive des dangers, risques et moyens de pr\u00e9vention associ\u00e9s :<\/p>\n<p style=\"text-align: center;\">L&#8217;\u00e9cran d&#8217;accueil du logiciel<\/p>\n<p>[\/vc_column_text][vc_single_image image=&#8221;1225&#8243; img_size=&#8221;large&#8221; alignment=&#8221;center&#8221;][vc_column_text]Acc\u00e9der \u00e0 l&#8217;ensemble des fonctions du logiciel afin de modifier, r\u00e9viser et imprimer votre document Unique. Vous pouvez \u00e9galement consulter votre plan d&#8217;action afin de mettre \u00e0 jour vos mesures de pr\u00e9vention.<\/p>\n<p style=\"text-align: center;\">Les situations de travail<\/p>\n<p>[\/vc_column_text][vc_single_image image=&#8221;1226&#8243; img_size=&#8221;large&#8221; alignment=&#8221;center&#8221;][vc_column_text]Naviguer dans votre Document Unique ais\u00e9ment \u00e0 partir des situations de travail qui refl\u00e8te l&#8217;activit\u00e9 r\u00e9elle de vos salari\u00e9s.<\/p>\n<p>Il ne vous reste plus qu&#8217;\u00e0 adapter le mod\u00e8le qui correspond \u00e0 votre activit\u00e9 pour gagner un temps pr\u00e9cieux dans la cr\u00e9ation et la mise \u00e0 jour de votre Document Unique ou de vous faire assister par un des nos experts partenaires qui vous apportera la d\u00e9marche et tous les conseils utiles \u00e0 la r\u00e9duction des risques dans votre entreprise.[\/vc_column_text][\/vc_column][\/vc_row]<\/p>","protected":false},"excerpt":{"rendered":"<p>Sorry, this entry is only available in French. For the sake of viewer convenience, the content is shown below in the alternative language. You may click the link to switch the active language.[vc_row][vc_column][vc_column_text]D\u00e9couvrez nos mod\u00e8les de Document Unique sp\u00e9cifique \u00e0 chaque m\u00e9tier qui vous permettrons de cr\u00e9er rapidement et facilement votre Document Unique d&#8217;Evaluation des&hellip;<\/p>\n","protected":false},"author":1,"featured_media":0,"parent":0,"menu_order":0,"comment_status":"closed","ping_status":"closed","template":"","meta":[],"_links":{"self":[{"href":"https:\/\/www.duerp.com\/en\/wp-json\/wp\/v2\/pages\/1223"}],"collection":[{"href":"https:\/\/www.duerp.com\/en\/wp-json\/wp\/v2\/pages"}],"about":[{"href":"https:\/\/www.duerp.com\/en\/wp-json\/wp\/v2\/types\/page"}],"author":[{"embeddable":true,"href":"https:\/\/www.duerp.com\/en\/wp-json\/wp\/v2\/users\/1"}],"replies":[{"embeddable":true,"href":"https:\/\/www.duerp.com\/en\/wp-json\/wp\/v2\/comments?post=1223"}],"version-history":[{"count":2,"href":"https:\/\/www.duerp.com\/en\/wp-json\/wp\/v2\/pages\/1223\/revisions"}],"predecessor-version":[{"id":1258,"href":"https:\/\/www.duerp.com\/en\/wp-json\/wp\/v2\/pages\/1223\/revisions\/1258"}],"wp:attachment":[{"href":"https:\/\/www.duerp.com\/en\/wp-json\/wp\/v2\/media?parent=1223"}],"curies":[{"name":"wp","href":"https:\/\/api.w.org\/{rel}","templated":true}]}}