{"id":1229,"date":"2016-06-08T14:07:07","date_gmt":"2016-06-08T12:07:07","guid":{"rendered":"http:\/\/duerp.com\/?page_id=1229"},"modified":"2016-06-08T14:07:07","modified_gmt":"2016-06-08T12:07:07","slug":"agent-skiman","status":"publish","type":"page","link":"https:\/\/www.duerp.com\/en\/agent-skiman\/","title":{"rendered":"(Fran\u00e7ais) Agent Skiman"},"content":{"rendered":"<p class=\"qtranxs-available-languages-message qtranxs-available-languages-message-en\">Sorry, this entry is only available in <a href=\"https:\/\/www.duerp.com\/fr\/wp-json\/wp\/v2\/pages\/1229\" class=\"qtranxs-available-language-link qtranxs-available-language-link-fr\" title=\"Fran\u00e7ais\">French<\/a>. For the sake of viewer convenience, the content is shown below in the alternative language. You may click the link to switch the active language.<\/p><p>Pour l\u2019entretien du mat\u00e9riel de glisse, le m\u00e9tier d\u2019agent skiman implique l\u2019utilisation de plusieurs machines qui l\u2019exposent \u00e0 des niveaux de bruit \u00e9lev\u00e9s provoquant des atteintes de l\u2019audition et \u00e9galement \u00e0 des risques de blessures, coupures, br\u00fblures et projections de particules. N\u2019attendez plus pour responsabiliser vos salari\u00e9s et pr\u00e9venir des risques auxquels ils sont expos\u00e9s gr\u00e2ce au logiciel DUERP.<\/p>","protected":false},"excerpt":{"rendered":"<p>Sorry, this entry is only available in French. For the sake of viewer convenience, the content is shown below in the alternative language. You may click the link to switch the active language.Pour l\u2019entretien du mat\u00e9riel de glisse, le m\u00e9tier d\u2019agent skiman implique l\u2019utilisation de plusieurs machines qui l\u2019exposent \u00e0 des niveaux de bruit \u00e9lev\u00e9s&hellip;<\/p>\n","protected":false},"author":1,"featured_media":0,"parent":0,"menu_order":0,"comment_status":"closed","ping_status":"closed","template":"","meta":[],"_links":{"self":[{"href":"https:\/\/www.duerp.com\/en\/wp-json\/wp\/v2\/pages\/1229"}],"collection":[{"href":"https:\/\/www.duerp.com\/en\/wp-json\/wp\/v2\/pages"}],"about":[{"href":"https:\/\/www.duerp.com\/en\/wp-json\/wp\/v2\/types\/page"}],"author":[{"embeddable":true,"href":"https:\/\/www.duerp.com\/en\/wp-json\/wp\/v2\/users\/1"}],"replies":[{"embeddable":true,"href":"https:\/\/www.duerp.com\/en\/wp-json\/wp\/v2\/comments?post=1229"}],"version-history":[{"count":1,"href":"https:\/\/www.duerp.com\/en\/wp-json\/wp\/v2\/pages\/1229\/revisions"}],"predecessor-version":[{"id":1231,"href":"https:\/\/www.duerp.com\/en\/wp-json\/wp\/v2\/pages\/1229\/revisions\/1231"}],"wp:attachment":[{"href":"https:\/\/www.duerp.com\/en\/wp-json\/wp\/v2\/media?parent=1229"}],"curies":[{"name":"wp","href":"https:\/\/api.w.org\/{rel}","templated":true}]}}