{"id":1245,"date":"2016-06-08T14:20:19","date_gmt":"2016-06-08T12:20:19","guid":{"rendered":"http:\/\/duerp.com\/?page_id=1245"},"modified":"2016-06-08T14:20:55","modified_gmt":"2016-06-08T12:20:55","slug":"charpentier-couvreur-zingueur","status":"publish","type":"page","link":"https:\/\/www.duerp.com\/en\/charpentier-couvreur-zingueur\/","title":{"rendered":"(Fran\u00e7ais) Charpentier, couvreur, zingueur"},"content":{"rendered":"<p class=\"qtranxs-available-languages-message qtranxs-available-languages-message-en\">Sorry, this entry is only available in <a href=\"https:\/\/www.duerp.com\/fr\/wp-json\/wp\/v2\/pages\/1245\" class=\"qtranxs-available-language-link qtranxs-available-language-link-fr\" title=\"Fran\u00e7ais\">French<\/a>. For the sake of viewer convenience, the content is shown below in the alternative language. You may click the link to switch the active language.<\/p><p>Tr\u00e8s expos\u00e9 aux conditions climatiques ainsi qu&#8217;au chutes de hauteur, le m\u00e9tier de couvreur-zingueur est un m\u00e9tier \u00e0 haut risque ! N\u2019attendez plus pour responsabiliser vos salari\u00e9s et pr\u00e9venir des risques auxquels ils sont expos\u00e9s gr\u00e2ce au logiciel DUERP.<\/p>","protected":false},"excerpt":{"rendered":"<p>Sorry, this entry is only available in French. For the sake of viewer convenience, the content is shown below in the alternative language. You may click the link to switch the active language.Tr\u00e8s expos\u00e9 aux conditions climatiques ainsi qu&#8217;au chutes de hauteur, le m\u00e9tier de couvreur-zingueur est un m\u00e9tier \u00e0 haut risque ! N\u2019attendez plus&hellip;<\/p>\n","protected":false},"author":1,"featured_media":0,"parent":0,"menu_order":0,"comment_status":"closed","ping_status":"closed","template":"","meta":[],"_links":{"self":[{"href":"https:\/\/www.duerp.com\/en\/wp-json\/wp\/v2\/pages\/1245"}],"collection":[{"href":"https:\/\/www.duerp.com\/en\/wp-json\/wp\/v2\/pages"}],"about":[{"href":"https:\/\/www.duerp.com\/en\/wp-json\/wp\/v2\/types\/page"}],"author":[{"embeddable":true,"href":"https:\/\/www.duerp.com\/en\/wp-json\/wp\/v2\/users\/1"}],"replies":[{"embeddable":true,"href":"https:\/\/www.duerp.com\/en\/wp-json\/wp\/v2\/comments?post=1245"}],"version-history":[{"count":1,"href":"https:\/\/www.duerp.com\/en\/wp-json\/wp\/v2\/pages\/1245\/revisions"}],"predecessor-version":[{"id":1247,"href":"https:\/\/www.duerp.com\/en\/wp-json\/wp\/v2\/pages\/1245\/revisions\/1247"}],"wp:attachment":[{"href":"https:\/\/www.duerp.com\/en\/wp-json\/wp\/v2\/media?parent=1245"}],"curies":[{"name":"wp","href":"https:\/\/api.w.org\/{rel}","templated":true}]}}