{"id":1248,"date":"2016-06-08T14:21:35","date_gmt":"2016-06-08T12:21:35","guid":{"rendered":"http:\/\/duerp.com\/?page_id=1248"},"modified":"2016-06-08T14:21:35","modified_gmt":"2016-06-08T12:21:35","slug":"coiffeur-salon-de-coiffure","status":"publish","type":"page","link":"https:\/\/www.duerp.com\/en\/coiffeur-salon-de-coiffure\/","title":{"rendered":"(Fran\u00e7ais) Coiffeur, salon de coiffure"},"content":{"rendered":"<p class=\"qtranxs-available-languages-message qtranxs-available-languages-message-en\">Sorry, this entry is only available in <a href=\"https:\/\/www.duerp.com\/fr\/wp-json\/wp\/v2\/pages\/1248\" class=\"qtranxs-available-language-link qtranxs-available-language-link-fr\" title=\"Fran\u00e7ais\">French<\/a>. For the sake of viewer convenience, the content is shown below in the alternative language. You may click the link to switch the active language.<\/p><p>Shampoing, colorant, produit pour permanente\u2026 Les produits utilis\u00e9s pour la beaut\u00e9 de nos cheveux peuvent provoquer \u00e0 terme, des manifestations allergiques cutan\u00e9es et respiratoires chez le coiffeur. Sans oublier les outils coupants qu\u2019il utilise, dans des conditions de travail parfois tr\u00e8s stressantes ! N\u2019attendez plus pour responsabiliser vos salari\u00e9s et pr\u00e9venir des risques auxquels ils sont expos\u00e9s gr\u00e2ce au logiciel DUERP.<\/p>","protected":false},"excerpt":{"rendered":"<p>Sorry, this entry is only available in French. For the sake of viewer convenience, the content is shown below in the alternative language. You may click the link to switch the active language.Shampoing, colorant, produit pour permanente\u2026 Les produits utilis\u00e9s pour la beaut\u00e9 de nos cheveux peuvent provoquer \u00e0 terme, des manifestations allergiques cutan\u00e9es et&hellip;<\/p>\n","protected":false},"author":1,"featured_media":0,"parent":0,"menu_order":0,"comment_status":"closed","ping_status":"closed","template":"","meta":[],"_links":{"self":[{"href":"https:\/\/www.duerp.com\/en\/wp-json\/wp\/v2\/pages\/1248"}],"collection":[{"href":"https:\/\/www.duerp.com\/en\/wp-json\/wp\/v2\/pages"}],"about":[{"href":"https:\/\/www.duerp.com\/en\/wp-json\/wp\/v2\/types\/page"}],"author":[{"embeddable":true,"href":"https:\/\/www.duerp.com\/en\/wp-json\/wp\/v2\/users\/1"}],"replies":[{"embeddable":true,"href":"https:\/\/www.duerp.com\/en\/wp-json\/wp\/v2\/comments?post=1248"}],"version-history":[{"count":1,"href":"https:\/\/www.duerp.com\/en\/wp-json\/wp\/v2\/pages\/1248\/revisions"}],"predecessor-version":[{"id":1250,"href":"https:\/\/www.duerp.com\/en\/wp-json\/wp\/v2\/pages\/1248\/revisions\/1250"}],"wp:attachment":[{"href":"https:\/\/www.duerp.com\/en\/wp-json\/wp\/v2\/media?parent=1248"}],"curies":[{"name":"wp","href":"https:\/\/api.w.org\/{rel}","templated":true}]}}