{"id":1259,"date":"2016-06-08T14:30:48","date_gmt":"2016-06-08T12:30:48","guid":{"rendered":"http:\/\/duerp.com\/?page_id=1259"},"modified":"2016-06-08T14:31:14","modified_gmt":"2016-06-08T12:31:14","slug":"cuisinier","status":"publish","type":"page","link":"https:\/\/www.duerp.com\/en\/cuisinier\/","title":{"rendered":"(Fran\u00e7ais) Cuisinier"},"content":{"rendered":"<p class=\"qtranxs-available-languages-message qtranxs-available-languages-message-en\">Sorry, this entry is only available in <a href=\"https:\/\/www.duerp.com\/fr\/wp-json\/wp\/v2\/pages\/1259\" class=\"qtranxs-available-language-link qtranxs-available-language-link-fr\" title=\"Fran\u00e7ais\">French<\/a>. For the sake of viewer convenience, the content is shown below in the alternative language. You may click the link to switch the active language.<\/p><p>Le cuisinier doit faire preuve de rigueur et de rapidit\u00e9 d\u2019ex\u00e9cution des t\u00e2ches dans des conditions de travail souvent tr\u00e8s stressantes. Manipulation d\u2019outils coupants, ambiance thermique chaude et humide occasionnant glissades et accidents de plain-pied\u2026 il faut donc redoubler de vigilance ! N\u2019attendez plus pour responsabiliser vos salari\u00e9s et pr\u00e9venir des risques auxquels ils sont expos\u00e9s gr\u00e2ce au logiciel DUERP.<\/p>","protected":false},"excerpt":{"rendered":"<p>Sorry, this entry is only available in French. For the sake of viewer convenience, the content is shown below in the alternative language. You may click the link to switch the active language.Le cuisinier doit faire preuve de rigueur et de rapidit\u00e9 d\u2019ex\u00e9cution des t\u00e2ches dans des conditions de travail souvent tr\u00e8s stressantes. Manipulation d\u2019outils&hellip;<\/p>\n","protected":false},"author":1,"featured_media":0,"parent":0,"menu_order":0,"comment_status":"closed","ping_status":"closed","template":"","meta":[],"_links":{"self":[{"href":"https:\/\/www.duerp.com\/en\/wp-json\/wp\/v2\/pages\/1259"}],"collection":[{"href":"https:\/\/www.duerp.com\/en\/wp-json\/wp\/v2\/pages"}],"about":[{"href":"https:\/\/www.duerp.com\/en\/wp-json\/wp\/v2\/types\/page"}],"author":[{"embeddable":true,"href":"https:\/\/www.duerp.com\/en\/wp-json\/wp\/v2\/users\/1"}],"replies":[{"embeddable":true,"href":"https:\/\/www.duerp.com\/en\/wp-json\/wp\/v2\/comments?post=1259"}],"version-history":[{"count":1,"href":"https:\/\/www.duerp.com\/en\/wp-json\/wp\/v2\/pages\/1259\/revisions"}],"predecessor-version":[{"id":1261,"href":"https:\/\/www.duerp.com\/en\/wp-json\/wp\/v2\/pages\/1259\/revisions\/1261"}],"wp:attachment":[{"href":"https:\/\/www.duerp.com\/en\/wp-json\/wp\/v2\/media?parent=1259"}],"curies":[{"name":"wp","href":"https:\/\/api.w.org\/{rel}","templated":true}]}}