{"id":1271,"date":"2016-06-08T14:48:18","date_gmt":"2016-06-08T12:48:18","guid":{"rendered":"http:\/\/duerp.com\/?page_id=1271"},"modified":"2016-06-08T14:49:09","modified_gmt":"2016-06-08T12:49:09","slug":"employe-de-pressing-blanchisserie","status":"publish","type":"page","link":"https:\/\/www.duerp.com\/en\/employe-de-pressing-blanchisserie\/","title":{"rendered":"(Fran\u00e7ais) Employ\u00e9 de pressing, blanchisserie"},"content":{"rendered":"<p class=\"qtranxs-available-languages-message qtranxs-available-languages-message-en\">Sorry, this entry is only available in <a href=\"https:\/\/www.duerp.com\/fr\/wp-json\/wp\/v2\/pages\/1271\" class=\"qtranxs-available-language-link qtranxs-available-language-link-fr\" title=\"Fran\u00e7ais\">French<\/a>. For the sake of viewer convenience, the content is shown below in the alternative language. You may click the link to switch the active language.<\/p><p>Le traitement du linge conduit l&#8217;employ\u00e9 \u00e0 entrer en contact avec des produits lessiviels, \u00e0 l\u2019origine des l\u00e9sions ecz\u00e9matiformes de m\u00e9canisme allergique li\u00e9es entre autre au perchlor\u00e9thyl\u00e8ne. En inhalant ses vapeurs, il peut \u00e9galement engendrer des rhinites et asthmes professionnels ! N\u2019attendez plus pour responsabiliser vos salari\u00e9s et pr\u00e9venir des risques auxquels ils sont expos\u00e9s gr\u00e2ce au logiciel DUERP.<\/p>","protected":false},"excerpt":{"rendered":"<p>Sorry, this entry is only available in French. For the sake of viewer convenience, the content is shown below in the alternative language. You may click the link to switch the active language.Le traitement du linge conduit l&#8217;employ\u00e9 \u00e0 entrer en contact avec des produits lessiviels, \u00e0 l\u2019origine des l\u00e9sions ecz\u00e9matiformes de m\u00e9canisme allergique li\u00e9es&hellip;<\/p>\n","protected":false},"author":1,"featured_media":0,"parent":0,"menu_order":0,"comment_status":"closed","ping_status":"closed","template":"","meta":[],"_links":{"self":[{"href":"https:\/\/www.duerp.com\/en\/wp-json\/wp\/v2\/pages\/1271"}],"collection":[{"href":"https:\/\/www.duerp.com\/en\/wp-json\/wp\/v2\/pages"}],"about":[{"href":"https:\/\/www.duerp.com\/en\/wp-json\/wp\/v2\/types\/page"}],"author":[{"embeddable":true,"href":"https:\/\/www.duerp.com\/en\/wp-json\/wp\/v2\/users\/1"}],"replies":[{"embeddable":true,"href":"https:\/\/www.duerp.com\/en\/wp-json\/wp\/v2\/comments?post=1271"}],"version-history":[{"count":1,"href":"https:\/\/www.duerp.com\/en\/wp-json\/wp\/v2\/pages\/1271\/revisions"}],"predecessor-version":[{"id":1273,"href":"https:\/\/www.duerp.com\/en\/wp-json\/wp\/v2\/pages\/1271\/revisions\/1273"}],"wp:attachment":[{"href":"https:\/\/www.duerp.com\/en\/wp-json\/wp\/v2\/media?parent=1271"}],"curies":[{"name":"wp","href":"https:\/\/api.w.org\/{rel}","templated":true}]}}