{"id":1279,"date":"2016-06-08T14:55:50","date_gmt":"2016-06-08T12:55:50","guid":{"rendered":"http:\/\/duerp.com\/?page_id=1279"},"modified":"2016-06-08T14:55:50","modified_gmt":"2016-06-08T12:55:50","slug":"estheticienne-salon-desthetique-institut-de-beaute-spa","status":"publish","type":"page","link":"https:\/\/www.duerp.com\/en\/estheticienne-salon-desthetique-institut-de-beaute-spa\/","title":{"rendered":"(Fran\u00e7ais) Esth\u00e9ticienne, Salon d&#8217;esth\u00e9tique, Institut de beaut\u00e9, SPA"},"content":{"rendered":"<p class=\"qtranxs-available-languages-message qtranxs-available-languages-message-en\">Sorry, this entry is only available in <a href=\"https:\/\/www.duerp.com\/fr\/wp-json\/wp\/v2\/pages\/1279\" class=\"qtranxs-available-language-link qtranxs-available-language-link-fr\" title=\"Fran\u00e7ais\">French<\/a>. For the sake of viewer convenience, the content is shown below in the alternative language. You may click the link to switch the active language.<\/p><p>Travailler avec ses doigts oui, mais prenez garde au risque cutan\u00e9 ! Les produits cosm\u00e9tiques peuvent en effet provoquer chez l\u2019esth\u00e9ticienne des r\u00e9actions allergiques ou irritatives de la peau. M\u00e9tier de l\u2019artisanat : des moyens de pr\u00e9vention, visant \u00e0 diminuer les accidents de travail li\u00e9s aux gestes et postures, doivent \u00eatre mise en place. N\u2019attendez plus pour responsabiliser vos salari\u00e9s et pr\u00e9venir des risques auxquels ils sont expos\u00e9s gr\u00e2ce au logiciel DUERP.<\/p>","protected":false},"excerpt":{"rendered":"<p>Sorry, this entry is only available in French. For the sake of viewer convenience, the content is shown below in the alternative language. You may click the link to switch the active language.Travailler avec ses doigts oui, mais prenez garde au risque cutan\u00e9 ! Les produits cosm\u00e9tiques peuvent en effet provoquer chez l\u2019esth\u00e9ticienne des r\u00e9actions&hellip;<\/p>\n","protected":false},"author":1,"featured_media":0,"parent":0,"menu_order":0,"comment_status":"closed","ping_status":"closed","template":"","meta":[],"_links":{"self":[{"href":"https:\/\/www.duerp.com\/en\/wp-json\/wp\/v2\/pages\/1279"}],"collection":[{"href":"https:\/\/www.duerp.com\/en\/wp-json\/wp\/v2\/pages"}],"about":[{"href":"https:\/\/www.duerp.com\/en\/wp-json\/wp\/v2\/types\/page"}],"author":[{"embeddable":true,"href":"https:\/\/www.duerp.com\/en\/wp-json\/wp\/v2\/users\/1"}],"replies":[{"embeddable":true,"href":"https:\/\/www.duerp.com\/en\/wp-json\/wp\/v2\/comments?post=1279"}],"version-history":[{"count":1,"href":"https:\/\/www.duerp.com\/en\/wp-json\/wp\/v2\/pages\/1279\/revisions"}],"predecessor-version":[{"id":1281,"href":"https:\/\/www.duerp.com\/en\/wp-json\/wp\/v2\/pages\/1279\/revisions\/1281"}],"wp:attachment":[{"href":"https:\/\/www.duerp.com\/en\/wp-json\/wp\/v2\/media?parent=1279"}],"curies":[{"name":"wp","href":"https:\/\/api.w.org\/{rel}","templated":true}]}}