{"id":1282,"date":"2016-06-08T14:56:25","date_gmt":"2016-06-08T12:56:25","guid":{"rendered":"http:\/\/duerp.com\/?page_id=1282"},"modified":"2016-06-08T14:56:25","modified_gmt":"2016-06-08T12:56:25","slug":"fleuriste","status":"publish","type":"page","link":"https:\/\/www.duerp.com\/en\/fleuriste\/","title":{"rendered":"(Fran\u00e7ais) Fleuriste"},"content":{"rendered":"<p class=\"qtranxs-available-languages-message qtranxs-available-languages-message-en\">Sorry, this entry is only available in <a href=\"https:\/\/www.duerp.com\/fr\/wp-json\/wp\/v2\/pages\/1282\" class=\"qtranxs-available-language-link qtranxs-available-language-link-fr\" title=\"Fran\u00e7ais\">French<\/a>. For the sake of viewer convenience, the content is shown below in the alternative language. You may click the link to switch the active language.<\/p><p>Le m\u00e9tier de fleuriste est expos\u00e9 \u00e0 de nombreux dangers .Ces derniers travaillent dans des lieux \u00e0 risques et, si ces risques sont loin d\u2019avoir la gravit\u00e9 que l\u2019on peut rencontrer dans certains secteurs industriels ou du BTP, ils sont par contre tr\u00e8s fr\u00e9quents. Le fleuriste utilise des outils coupants pour confectionner les bouquets et utilise des produits chimiques, notamment en bombes a\u00e9rosols, pour lustrer les plantes, pour les prot\u00e9ger avec des produits phytosanitaires, d\u2019o\u00f9 des risques de blessures et des risques chimiques caus\u00e9s par de nombreux irritants et\/ou allerg\u00e8nes. N\u2019attendez plus pour responsabiliser vos salari\u00e9s et pr\u00e9venir des risques auxquels ils sont expos\u00e9s gr\u00e2ce au logiciel DUERP.<\/p>","protected":false},"excerpt":{"rendered":"<p>Sorry, this entry is only available in French. For the sake of viewer convenience, the content is shown below in the alternative language. You may click the link to switch the active language.Le m\u00e9tier de fleuriste est expos\u00e9 \u00e0 de nombreux dangers .Ces derniers travaillent dans des lieux \u00e0 risques et, si ces risques sont&hellip;<\/p>\n","protected":false},"author":1,"featured_media":0,"parent":0,"menu_order":0,"comment_status":"closed","ping_status":"closed","template":"","meta":[],"_links":{"self":[{"href":"https:\/\/www.duerp.com\/en\/wp-json\/wp\/v2\/pages\/1282"}],"collection":[{"href":"https:\/\/www.duerp.com\/en\/wp-json\/wp\/v2\/pages"}],"about":[{"href":"https:\/\/www.duerp.com\/en\/wp-json\/wp\/v2\/types\/page"}],"author":[{"embeddable":true,"href":"https:\/\/www.duerp.com\/en\/wp-json\/wp\/v2\/users\/1"}],"replies":[{"embeddable":true,"href":"https:\/\/www.duerp.com\/en\/wp-json\/wp\/v2\/comments?post=1282"}],"version-history":[{"count":1,"href":"https:\/\/www.duerp.com\/en\/wp-json\/wp\/v2\/pages\/1282\/revisions"}],"predecessor-version":[{"id":1284,"href":"https:\/\/www.duerp.com\/en\/wp-json\/wp\/v2\/pages\/1282\/revisions\/1284"}],"wp:attachment":[{"href":"https:\/\/www.duerp.com\/en\/wp-json\/wp\/v2\/media?parent=1282"}],"curies":[{"name":"wp","href":"https:\/\/api.w.org\/{rel}","templated":true}]}}