{"id":1293,"date":"2016-06-08T14:58:41","date_gmt":"2016-06-08T12:58:41","guid":{"rendered":"http:\/\/duerp.com\/?page_id=1293"},"modified":"2016-06-08T15:02:40","modified_gmt":"2016-06-08T13:02:40","slug":"peintre-vernisseur","status":"publish","type":"page","link":"https:\/\/www.duerp.com\/en\/peintre-vernisseur\/","title":{"rendered":"(Fran\u00e7ais) Peintre, vernisseur"},"content":{"rendered":"<p class=\"qtranxs-available-languages-message qtranxs-available-languages-message-en\">Sorry, this entry is only available in <a href=\"https:\/\/www.duerp.com\/fr\/wp-json\/wp\/v2\/pages\/1293\" class=\"qtranxs-available-language-link qtranxs-available-language-link-fr\" title=\"Fran\u00e7ais\">French<\/a>. For the sake of viewer convenience, the content is shown below in the alternative language. You may click the link to switch the active language.<\/p><p>Savez-vous ce dont sont compos\u00e9s les peintures, diluants et autres d\u00e9capants ? D\u2019agents chimiques qui \u00e0 terme, ont des effets irritants, toxiques voire canc\u00e9rog\u00e8nes chez le peintre ! Travailleur isol\u00e9, le peintre doit imp\u00e9rativement prendre conscience de la gravit\u00e9 des risques qu\u2019il encoure. N\u2019attendez plus pour responsabiliser vos salari\u00e9s et pr\u00e9venir des risques auxquels ils sont expos\u00e9s gr\u00e2ce au logiciel DUERP.<\/p>","protected":false},"excerpt":{"rendered":"<p>Sorry, this entry is only available in French. For the sake of viewer convenience, the content is shown below in the alternative language. You may click the link to switch the active language.Savez-vous ce dont sont compos\u00e9s les peintures, diluants et autres d\u00e9capants ? D\u2019agents chimiques qui \u00e0 terme, ont des effets irritants, toxiques voire&hellip;<\/p>\n","protected":false},"author":1,"featured_media":0,"parent":0,"menu_order":0,"comment_status":"closed","ping_status":"closed","template":"","meta":[],"_links":{"self":[{"href":"https:\/\/www.duerp.com\/en\/wp-json\/wp\/v2\/pages\/1293"}],"collection":[{"href":"https:\/\/www.duerp.com\/en\/wp-json\/wp\/v2\/pages"}],"about":[{"href":"https:\/\/www.duerp.com\/en\/wp-json\/wp\/v2\/types\/page"}],"author":[{"embeddable":true,"href":"https:\/\/www.duerp.com\/en\/wp-json\/wp\/v2\/users\/1"}],"replies":[{"embeddable":true,"href":"https:\/\/www.duerp.com\/en\/wp-json\/wp\/v2\/comments?post=1293"}],"version-history":[{"count":1,"href":"https:\/\/www.duerp.com\/en\/wp-json\/wp\/v2\/pages\/1293\/revisions"}],"predecessor-version":[{"id":1295,"href":"https:\/\/www.duerp.com\/en\/wp-json\/wp\/v2\/pages\/1293\/revisions\/1295"}],"wp:attachment":[{"href":"https:\/\/www.duerp.com\/en\/wp-json\/wp\/v2\/media?parent=1293"}],"curies":[{"name":"wp","href":"https:\/\/api.w.org\/{rel}","templated":true}]}}