{"id":1305,"date":"2016-06-08T15:53:18","date_gmt":"2016-06-08T13:53:18","guid":{"rendered":"http:\/\/duerp.com\/?page_id=1305"},"modified":"2016-06-08T15:53:18","modified_gmt":"2016-06-08T13:53:18","slug":"plombier","status":"publish","type":"page","link":"https:\/\/www.duerp.com\/en\/plombier\/","title":{"rendered":"(Fran\u00e7ais) Plombier"},"content":{"rendered":"<p class=\"qtranxs-available-languages-message qtranxs-available-languages-message-en\">Sorry, this entry is only available in <a href=\"https:\/\/www.duerp.com\/fr\/wp-json\/wp\/v2\/pages\/1305\" class=\"qtranxs-available-language-link qtranxs-available-language-link-fr\" title=\"Fran\u00e7ais\">French<\/a>. For the sake of viewer convenience, the content is shown below in the alternative language. You may click the link to switch the active language.<\/p><p>Contraint de travailler la plupart du temps dans un espace confin\u00e9, insuffisamment \u00e9clair\u00e9, avec des produits chimiques et par des postures p\u00e9nibles, l\u2019activit\u00e9 du plombier d\u00e9nombre chaque ann\u00e9e un nombre consternant d\u2019accidents du travail et de d\u00e9c\u00e8s ! Un m\u00e9tier \u00e0 risques et \u00e0 surveiller de pr\u00e8s. N\u2019attendez plus pour responsabiliser vos salari\u00e9s et pr\u00e9venir des risques auxquels ils sont expos\u00e9s gr\u00e2ce au logiciel DUERP.<\/p>","protected":false},"excerpt":{"rendered":"<p>Sorry, this entry is only available in French. For the sake of viewer convenience, the content is shown below in the alternative language. You may click the link to switch the active language.Contraint de travailler la plupart du temps dans un espace confin\u00e9, insuffisamment \u00e9clair\u00e9, avec des produits chimiques et par des postures p\u00e9nibles, l\u2019activit\u00e9&hellip;<\/p>\n","protected":false},"author":1,"featured_media":0,"parent":0,"menu_order":0,"comment_status":"closed","ping_status":"closed","template":"","meta":[],"_links":{"self":[{"href":"https:\/\/www.duerp.com\/en\/wp-json\/wp\/v2\/pages\/1305"}],"collection":[{"href":"https:\/\/www.duerp.com\/en\/wp-json\/wp\/v2\/pages"}],"about":[{"href":"https:\/\/www.duerp.com\/en\/wp-json\/wp\/v2\/types\/page"}],"author":[{"embeddable":true,"href":"https:\/\/www.duerp.com\/en\/wp-json\/wp\/v2\/users\/1"}],"replies":[{"embeddable":true,"href":"https:\/\/www.duerp.com\/en\/wp-json\/wp\/v2\/comments?post=1305"}],"version-history":[{"count":1,"href":"https:\/\/www.duerp.com\/en\/wp-json\/wp\/v2\/pages\/1305\/revisions"}],"predecessor-version":[{"id":1307,"href":"https:\/\/www.duerp.com\/en\/wp-json\/wp\/v2\/pages\/1305\/revisions\/1307"}],"wp:attachment":[{"href":"https:\/\/www.duerp.com\/en\/wp-json\/wp\/v2\/media?parent=1305"}],"curies":[{"name":"wp","href":"https:\/\/api.w.org\/{rel}","templated":true}]}}