{"id":1308,"date":"2016-06-08T15:54:08","date_gmt":"2016-06-08T13:54:08","guid":{"rendered":"http:\/\/duerp.com\/?page_id=1308"},"modified":"2016-06-08T15:55:57","modified_gmt":"2016-06-08T13:55:57","slug":"plongeur-en-restauration","status":"publish","type":"page","link":"https:\/\/www.duerp.com\/en\/plongeur-en-restauration\/","title":{"rendered":"(Fran\u00e7ais) Plongeur en restauration"},"content":{"rendered":"<p class=\"qtranxs-available-languages-message qtranxs-available-languages-message-en\">Sorry, this entry is only available in <a href=\"https:\/\/www.duerp.com\/fr\/wp-json\/wp\/v2\/pages\/1308\" class=\"qtranxs-available-language-link qtranxs-available-language-link-fr\" title=\"Fran\u00e7ais\">French<\/a>. For the sake of viewer convenience, the content is shown below in the alternative language. You may click the link to switch the active language.<\/p><p>R\u00e9curer la batterie de cuisine, nettoyer, ranger la vaisselle : en effectuant ces gestes r\u00e9p\u00e9titifs, le plongeur expose son corps \u00e0 de nombreuses contraintes ost\u00e9o-articulaires. D\u2019autant plus qu\u2019il utilise des produits chimiques (d\u00e9tergents, d\u00e9graissants\u2026) pouvant aussi lui causer des affections dermatologiques. N\u2019attendez plus pour responsabiliser vos salari\u00e9s et pr\u00e9venir des risques auxquels ils sont expos\u00e9s gr\u00e2ce au logiciel DUERP.<\/p>","protected":false},"excerpt":{"rendered":"<p>Sorry, this entry is only available in French. For the sake of viewer convenience, the content is shown below in the alternative language. You may click the link to switch the active language.R\u00e9curer la batterie de cuisine, nettoyer, ranger la vaisselle : en effectuant ces gestes r\u00e9p\u00e9titifs, le plongeur expose son corps \u00e0 de nombreuses&hellip;<\/p>\n","protected":false},"author":1,"featured_media":0,"parent":0,"menu_order":0,"comment_status":"closed","ping_status":"closed","template":"","meta":[],"_links":{"self":[{"href":"https:\/\/www.duerp.com\/en\/wp-json\/wp\/v2\/pages\/1308"}],"collection":[{"href":"https:\/\/www.duerp.com\/en\/wp-json\/wp\/v2\/pages"}],"about":[{"href":"https:\/\/www.duerp.com\/en\/wp-json\/wp\/v2\/types\/page"}],"author":[{"embeddable":true,"href":"https:\/\/www.duerp.com\/en\/wp-json\/wp\/v2\/users\/1"}],"replies":[{"embeddable":true,"href":"https:\/\/www.duerp.com\/en\/wp-json\/wp\/v2\/comments?post=1308"}],"version-history":[{"count":1,"href":"https:\/\/www.duerp.com\/en\/wp-json\/wp\/v2\/pages\/1308\/revisions"}],"predecessor-version":[{"id":1310,"href":"https:\/\/www.duerp.com\/en\/wp-json\/wp\/v2\/pages\/1308\/revisions\/1310"}],"wp:attachment":[{"href":"https:\/\/www.duerp.com\/en\/wp-json\/wp\/v2\/media?parent=1308"}],"curies":[{"name":"wp","href":"https:\/\/api.w.org\/{rel}","templated":true}]}}