{"id":1311,"date":"2016-06-08T15:56:41","date_gmt":"2016-06-08T13:56:41","guid":{"rendered":"http:\/\/duerp.com\/?page_id=1311"},"modified":"2016-06-08T15:56:41","modified_gmt":"2016-06-08T13:56:41","slug":"platrier-plaquiste","status":"publish","type":"page","link":"https:\/\/www.duerp.com\/en\/platrier-plaquiste\/","title":{"rendered":"(Fran\u00e7ais) Pl\u00e2trier &#8211; Plaquiste"},"content":{"rendered":"<p class=\"qtranxs-available-languages-message qtranxs-available-languages-message-en\">Sorry, this entry is only available in <a href=\"https:\/\/www.duerp.com\/fr\/wp-json\/wp\/v2\/pages\/1311\" class=\"qtranxs-available-language-link qtranxs-available-language-link-fr\" title=\"Fran\u00e7ais\">French<\/a>. For the sake of viewer convenience, the content is shown below in the alternative language. You may click the link to switch the active language.<\/p><p>M\u00e9tiers du BTP, le pl\u00e2trier et le plaquiste rencontrent de nombreux risques \u00e0 l\u2019origine de s\u00e9rieux accidents de travail : chutes de hauteur lors de pose de plaques de pl\u00e2tre ou de laines d\u2019isolation, postures p\u00e9nibles, exposition au bruit, aux produits chimiques etc. N\u2019attendez plus pour responsabiliser vos salari\u00e9s et pr\u00e9venir des risques auxquels ils sont expos\u00e9s gr\u00e2ce au logiciel DUERP.<\/p>","protected":false},"excerpt":{"rendered":"<p>Sorry, this entry is only available in French. For the sake of viewer convenience, the content is shown below in the alternative language. You may click the link to switch the active language.M\u00e9tiers du BTP, le pl\u00e2trier et le plaquiste rencontrent de nombreux risques \u00e0 l\u2019origine de s\u00e9rieux accidents de travail : chutes de hauteur&hellip;<\/p>\n","protected":false},"author":1,"featured_media":0,"parent":0,"menu_order":0,"comment_status":"closed","ping_status":"closed","template":"","meta":[],"_links":{"self":[{"href":"https:\/\/www.duerp.com\/en\/wp-json\/wp\/v2\/pages\/1311"}],"collection":[{"href":"https:\/\/www.duerp.com\/en\/wp-json\/wp\/v2\/pages"}],"about":[{"href":"https:\/\/www.duerp.com\/en\/wp-json\/wp\/v2\/types\/page"}],"author":[{"embeddable":true,"href":"https:\/\/www.duerp.com\/en\/wp-json\/wp\/v2\/users\/1"}],"replies":[{"embeddable":true,"href":"https:\/\/www.duerp.com\/en\/wp-json\/wp\/v2\/comments?post=1311"}],"version-history":[{"count":1,"href":"https:\/\/www.duerp.com\/en\/wp-json\/wp\/v2\/pages\/1311\/revisions"}],"predecessor-version":[{"id":1313,"href":"https:\/\/www.duerp.com\/en\/wp-json\/wp\/v2\/pages\/1311\/revisions\/1313"}],"wp:attachment":[{"href":"https:\/\/www.duerp.com\/en\/wp-json\/wp\/v2\/media?parent=1311"}],"curies":[{"name":"wp","href":"https:\/\/api.w.org\/{rel}","templated":true}]}}