{"id":1329,"date":"2016-06-08T16:04:58","date_gmt":"2016-06-08T14:04:58","guid":{"rendered":"http:\/\/duerp.com\/?page_id=1329"},"modified":"2024-12-20T16:40:24","modified_gmt":"2024-12-20T15:40:24","slug":"nos-modeles-de-du-par-metier","status":"publish","type":"page","link":"https:\/\/www.duerp.com\/en\/nos-modeles-de-du-par-metier\/","title":{"rendered":"(Fran\u00e7ais) Nos mod\u00e8les de document unique par m\u00e9tier ou activit\u00e9"},"content":{"rendered":"<p class=\"qtranxs-available-languages-message qtranxs-available-languages-message-en\">Sorry, this entry is only available in <a href=\"https:\/\/www.duerp.com\/fr\/wp-json\/wp\/v2\/pages\/1329\" class=\"qtranxs-available-language-link qtranxs-available-language-link-fr\" title=\"Fran\u00e7ais\">French<\/a>. For the sake of viewer convenience, the content is shown below in the alternative language. You may click the link to switch the active language.<\/p><p>[vc_row][vc_column][vc_column_text]<\/p>\n<h3><span style=\"color: #005a91;\">Un artisan, un commer\u00e7ant ou une TPE est souvent confront\u00e9 au syndrome de la page blanche quand il ou elle entreprend d&#8217;\u00e9valuer ses risques professionnels<\/span><\/h3>\n<ul>\n<li>Quelle d\u00e9marche adopt\u00e9e ?<\/li>\n<li>De quelle mani\u00e8re r\u00e9diger son document unique ?<\/li>\n<li>Comment s&#8217;assurer que son Document Unique est suffisamment exhaustif et pertinent afin de diminuer au mieux la survenance d&#8217;accidents ou de maladies professionnelles ?<\/li>\n<li>Comment identifier les situations de travail, les dangers, les risques et les moyens de pr\u00e9vention ?<\/li>\n<li>Comment cot\u00e9 efficacement les risques auxquels sont expos\u00e9s les salari\u00e9s ?<\/li>\n<\/ul>\n<p>Autant de questions que se pose une entreprise au moment de r\u00e9pondre \u00e0 cette obligation l\u00e9gale.<\/p>\n<p>Ainsi, pour simplifier et faire gagner du temps \u00e0 l&#8217;artisan, commer\u00e7ant ou responsable d&#8217;une TPE, la soci\u00e9t\u00e9 ALEA PREVENTION a con\u00e7u \u00e0 partir des normes et documentations des diff\u00e9rentes institutions existantes sur le secteur de la s\u00e9curit\u00e9 et la sant\u00e9 au travail des mod\u00e8les de Document Unique pour chaque type de m\u00e9tier ou secteur d&#8217;activit\u00e9.<\/p>\n<h4><span style=\"color: #005a91;\">Nos experts en pr\u00e9vention enregistr\u00e9s dans les DREETS (IPRP) ont con\u00e7us pour vous nos mod\u00e8les de document unique m\u00e9tier<\/span><\/h4>\n<p>Par ce qu&#8217;un mod\u00e8le de Document Unique ne suffit pas \u00e0 lui seul \u00e0 aider une entreprise \u00e0 r\u00e9diger son Document Unique, ALEA PREVENTION s&#8217;est entour\u00e9 d&#8217;intervenants et d&#8217;experts en pr\u00e9vention des risques professionnels (IPRP) ainsi que de soci\u00e9t\u00e9s de formation sp\u00e9cialis\u00e9es dans ce secteur afin de vous accompagner de mani\u00e8re qualitative et quantitative dans la d\u00e9marche d&#8217;\u00e9valuation de vos risques professionnels.<\/p>\n<h4><span style=\"color: #005a91;\">Nos mod\u00e8les sont enti\u00e8rement personnalisables et tr\u00e8s complets afin de prot\u00e9ger au mieux la sant\u00e9 et la s\u00e9curit\u00e9 des salari\u00e9s et le dirigeant de la faute inexcusable de l&#8217;employeur en cas d&#8217;accident !<\/span><\/h4>\n<p>Tous nos mod\u00e8les de document unique, quelque que soit le m\u00e9tier, sont :<\/p>\n<ul>\n<li>Enti\u00e8rement personnalisables,<\/li>\n<li>Tr\u00e8s exhaustifs et contiennent des informations tr\u00e8s d\u00e9taill\u00e9es sur les situations de travail des m\u00e9tiers exerc\u00e9s par vos salari\u00e9s (unit\u00e9 de travail, activit\u00e9, t\u00e2che),<\/li>\n<li>Pr\u00e9remplis avec des dangers et des risques <strong>TOUS<\/strong> pr\u00e9cot\u00e9s avec la gravit\u00e9, la fr\u00e9quence d&#8217;exposition et la probabilit\u00e9 de survenance (sur la base des statistiques de sinistralit\u00e9 AMELI de votre activit\u00e9),<\/li>\n<li>Pr\u00e9 renseign\u00e9s avec des mesures de pr\u00e9vention associ\u00e9s \u00e0 chaque risque afin de vous permettre de les ma\u00eetriser.<\/li>\n<\/ul>\n<h4><span style=\"color: #005a91;\">Retrouvez ci-dessous tous nos mod\u00e8les de document unique :<\/span><\/h4>\n<p>Dans le cas o\u00f9 vous ne retrouvez pas votre m\u00e9tier, c&#8217;est que nous sommes entrain de le mod\u00e9liser ! Contactez nous pour que nous vous le mettions \u00e0 votre disposition.<\/p>\n<p><a href=\"https:\/\/tpe.duerp.com\/lp-tous-les-metiers\/\">Activit\u00e9s des si\u00e8ges sociaux<\/a><br \/>\n<a href=\"https:\/\/tpe.duerp.com\/lp-tous-les-metiers\/\">Activit\u00e9s juridiques et notariales<\/a><br \/>\n<a href=\"https:\/\/tpe.duerp.com\/lp-agence-immobiliere\/\">Agence immobili\u00e8re<\/a><br \/>\n<a href=\"https:\/\/tpe.duerp.com\/lp-tous-les-metiers\/\">Agent de propret\u00e9<\/a><br \/>\n<a href=\"https:\/\/tpe.duerp.com\/lp-tous-les-metiers\/\">Agent de protection rapproch\u00e9e (garde du corps)<\/a><br \/>\n<a href=\"https:\/\/tpe.duerp.com\/lp-tous-les-metiers\/\">Agent de s\u00e9curit\u00e9<\/a><br \/>\n<a href=\"https:\/\/tpe.duerp.com\/lp-tous-les-metiers\/\">Agent d&#8217;entretien d&#8217;espace Vert<\/a><br \/>\n<a href=\"https:\/\/tpe.duerp.com\/lp-agents-et-courtiers-assurance\/\">Agents et courtiers d&#8217;assurance<\/a><\/p>\n<p><a href=\"https:\/\/tpe.duerp.com\/lp-aide-a-domicile\/\">Aide \u00e0 domicile<\/a><br \/>\n<a href=\"https:\/\/tpe.duerp.com\/lp-transport-sanitaire\/\">Ambulancier<\/a><br \/>\n<a href=\"https:\/\/tpe.duerp.com\/lp-tous-les-metiers\/\">Analyses, essais et inspections techniques<\/a><br \/>\n<a href=\"https:\/\/tpe.duerp.com\/lp-architecte\/\">Architecte<\/a><br \/>\n<a href=\"https:\/\/tpe.duerp.com\/lp-tous-les-metiers\/\">Ascensoriste<\/a><br \/>\n<a href=\"https:\/\/tpe.duerp.com\/lp-assainissement\/\">Assainissement, curage, d\u00e9sinsectisation, d\u00e9ratisation<\/a><br \/>\n<a href=\"https:\/\/tpe.duerp.com\/lp-tous-les-metiers\/\">Association humanitaire internationale<\/a><br \/>\n<a href=\"https:\/\/tpe.duerp.com\/lp-tous-les-metiers\/\">Association sportive omnisports<\/a><br \/>\n<a href=\"https:\/\/tpe.duerp.com\/lp-auto-ecole\/\">Auto-\u00e9cole<\/a><br \/>\n<a href=\"https:\/\/tpe.duerp.com\/lp-tous-les-metiers\/\">Autres services de restauration<\/a><\/p>\n<p><a href=\"https:\/\/tpe.duerp.com\/lp-bar\/\">Bar<\/a><br \/>\n<a href=\"https:\/\/tpe.duerp.com\/lp-bar-tabac\/\">Bar Tabac<\/a><br \/>\n<a href=\"https:\/\/tpe.duerp.com\/lp-tous-les-metiers\/\">B\u00e2timent Travaux Publics et g\u00e9nie civil<\/a><br \/>\n<a href=\"https:\/\/tpe.duerp.com\/lp-tous-les-metiers\/\">Biblioth\u00e8que<\/a><br \/>\n<a href=\"https:\/\/tpe.duerp.com\/lp-bijoutier-joailler\/\">Bijouterie-joaillerie<\/a><br \/>\n<a href=\"https:\/\/tpe.duerp.com\/lp-tous-les-metiers\/\">Blanchisserie teinturerie de gros<\/a><br \/>\n<a href=\"https:\/\/tpe.duerp.com\/lp-boucherie-charcuterie\/\">Boucherie<\/a><br \/>\n<a href=\"https:\/\/tpe.duerp.com\/lp-boucherie-charcuterie\/\">Boucherie, charcuterie, traiteur<\/a><br \/>\n<a href=\"https:\/\/tpe.duerp.com\/lp-boulangerie-patisserie\/\">Boulangerie p\u00e2tisserie, salon de th\u00e9<\/a><br \/>\n<a href=\"https:\/\/tpe.duerp.com\/lp-brasseur\/\">Brasserie<\/a><br \/>\n<a href=\"https:\/\/tpe.duerp.com\/lp-brasseur\/\">Brasseur de bi\u00e8re<\/a><br \/>\n<a href=\"https:\/\/tpe.duerp.com\/lp-brasseur\/\">Brasserie artisanale<\/a><br \/>\n<a href=\"https:\/\/tpe.duerp.com\/lp-bucheron\/\">B\u00fbcheron<\/a><br \/>\n<a href=\"https:\/\/tpe.duerp.com\/lp-cabinet-de-conseil-en-ingenierie\/\">Bureau d&#8217;\u00e9tudes et d&#8217;ing\u00e9nierie<\/a><br \/>\n<a href=\"https:\/\/tpe.duerp.com\/lp-tous-les-metiers\/\">Cabinet Comptable<\/a><br \/>\n<a href=\"https:\/\/tpe.duerp.com\/lp-architecte\/\">Cabinet d&#8217;architecture<\/a><br \/>\n<a href=\"https:\/\/tpe.duerp.com\/lp-cabinet-dentaire-dentiste\/\">Cabinet dentaire<\/a><br \/>\n<a href=\"https:\/\/tpe.duerp.com\/lp-veterinaire\/\">Cabinets et cliniques v\u00e9t\u00e9rinaires<\/a><br \/>\n<a href=\"https:\/\/tpe.duerp.com\/lp-tous-les-metiers\/\">Caf\u00e9t\u00e9ria<\/a><br \/>\n<a href=\"https:\/\/tpe.duerp.com\/lp-restaurant\/\">Cafetier H\u00f4tel Restaurant Traiteur<\/a><br \/>\n<a href=\"https:\/\/tpe.duerp.com\/lp-tous-les-metiers\/\">Carreleur<\/a><br \/>\n<a href=\"https:\/\/tpe.duerp.com\/lp-tous-les-metiers\/\">Carrossier<\/a><br \/>\n<a href=\"https:\/\/tpe.duerp.com\/lp-casse-automobile\/\">Casse Automobile<\/a><br \/>\n<a href=\"https:\/\/tpe.duerp.com\/lp-tous-les-metiers\/\">Centre d&#8217;affaires<\/a><br \/>\n<a href=\"https:\/\/tpe.duerp.com\/lp-tous-les-metiers\/\">Centre de documentation et d&#8217;information<\/a><br \/>\n<a href=\"https:\/\/tpe.duerp.com\/lp-tous-les-metiers\/\">Centre de vacances Montagne<\/a><br \/>\n<a href=\"https:\/\/tpe.duerp.com\/lp-tous-les-metiers\/\">Centre d&#8217;imagerie m\u00e9dicale<\/a><br \/>\n<a href=\"https:\/\/tpe.duerp.com\/lp-boucherie-charcuterie\/\">Charcuterie<\/a><br \/>\n<a href=\"https:\/\/tpe.duerp.com\/lp-tous-les-metiers\/\">Chaudronnier<\/a><br \/>\n<a href=\"https:\/\/tpe.duerp.com\/lp-plombier-chauffagiste\/\">Chauffage, ventilation et climatisation<\/a><br \/>\n<a href=\"https:\/\/tpe.duerp.com\/lp-transport-de-marchandises\/\">Chauffeur poids lourd<\/a><br \/>\n<a href=\"https:\/\/tpe.duerp.com\/lp-tous-les-metiers\/\">Collecte et traitement des eaux us\u00e9es<\/a><br \/>\n<a href=\"https:\/\/tpe.duerp.com\/lp-tous-les-metiers\/\">Coll\u00e8ge<\/a><br \/>\n<a href=\"https:\/\/tpe.duerp.com\/lp-tous-les-metiers\/\">Commerce de d\u00e9tail<\/a><br \/>\n<a href=\"https:\/\/tpe.duerp.com\/lp-tous-les-metiers\/\">Commerce de d\u00e9tail de biens d&#8217;occasion en magasin<\/a><br \/>\n<a href=\"https:\/\/tpe.duerp.com\/lp-tous-les-metiers\/\">Commerce de d\u00e9tail de maroquinerie et d&#8217;articles de voyage<\/a><br \/>\n<a href=\"https:\/\/tpe.duerp.com\/lp-tous-les-metiers\/\">Commerce de gros non sp\u00e9cialis\u00e9<\/a><br \/>\n<a href=\"https:\/\/tpe.duerp.com\/lp-tous-les-metiers\/\">Commerce et r\u00e9paration de cycles<\/a><br \/>\n<a href=\"https:\/\/tpe.duerp.com\/lp-tous-les-metiers\/\">Commune moyenne<\/a><br \/>\n<a href=\"https:\/\/tpe.duerp.com\/lp-tous-les-metiers\/\">Commune petite<\/a><br \/>\n<a href=\"https:\/\/tpe.duerp.com\/lp-tous-les-metiers\/\">Concession automobile<\/a><br \/>\n<a href=\"https:\/\/tpe.duerp.com\/lp-entreprise-de-service-du-numerique\/\">Conseil en syst\u00e8mes et logiciels informatiques<\/a><br \/>\n<a href=\"https:\/\/tpe.duerp.com\/lp-tous-les-metiers\/\">Conservatoire de musique<\/a><br \/>\n<a href=\"https:\/\/tpe.duerp.com\/lp-tous-les-metiers\/\">Construction de routes et autoroutes<\/a><br \/>\n<a href=\"https:\/\/tpe.duerp.com\/lp-controle-technique-automobile\/\">Contr\u00f4le Technique Automobile<\/a><br \/>\n<a href=\"https:\/\/tpe.duerp.com\/lp-tous-les-metiers\/\">Courtier en pr\u00eat immobilier<\/a><br \/>\n<a href=\"https:\/\/tpe.duerp.com\/lp-creche\/\">Cr\u00e8che<\/a><br \/>\n<a href=\"https:\/\/tpe.duerp.com\/lp-desinfection\/\">D\u00e9sinfection, d\u00e9sinsectisation, d\u00e9ratisation<\/a><br \/>\n<a href=\"https:\/\/tpe.duerp.com\/lp-ehpad\/\">EHPAD<\/a><br \/>\n<a href=\"https:\/\/tpe.duerp.com\/lp-electricien-du-batiment\/\">Electricien<\/a><br \/>\n<a href=\"https:\/\/tpe.duerp.com\/lp-centre-equestre\/\">\u00c9levage de chevaux et autres \u00e9quid\u00e9s<\/a><br \/>\n<a href=\"https:\/\/tpe.duerp.com\/lp-tous-les-metiers\/\">Enseignement<\/a><br \/>\n<a href=\"https:\/\/tpe.duerp.com\/lp-tous-les-metiers\/\">Enseignement pr\u00e9-primaire<\/a><br \/>\n<a href=\"https:\/\/tpe.duerp.com\/lp-tous-les-metiers\/\">Entreposage et stockage frigorifique<\/a><br \/>\n<a href=\"https:\/\/tpe.duerp.com\/lp-tous-les-metiers\/\">Entreposage et stockage non frigorifique<\/a><br \/>\n<a href=\"https:\/\/tpe.duerp.com\/lp-desinfection\/\">Entreprise de menuiserie bois et PVC<\/a><br \/>\n<a href=\"https:\/\/tpe.duerp.com\/lp-entreprise-de-service-du-numerique\/\">Entreprise de services du num\u00e9rique<\/a><br \/>\n<a href=\"https:\/\/tpe.duerp.com\/lp-tous-les-metiers\/\">Entreprise G\u00e9n\u00e9rale de B\u00e2timent<\/a><br \/>\n<a href=\"https:\/\/tpe.duerp.com\/lp-commercants-alimentaires-de-proximite\/\">Epicerie commerce de d\u00e9tail<\/a><br \/>\n<a href=\"https:\/\/tpe.duerp.com\/lp-tous-les-metiers\/\">Exploitation de gravi\u00e8res et sabli\u00e8res<\/a><br \/>\n<a href=\"https:\/\/tpe.duerp.com\/lp-tous-les-metiers\/\">Exploitation foresti\u00e8re<\/a><br \/>\n<a href=\"https:\/\/tpe.duerp.com\/lp-fabrication-de-vetements\/\">Fabrication de v\u00eatements<\/a><br \/>\n<a href=\"https:\/\/tpe.duerp.com\/lp-tous-les-metiers\/\">Fabrique d&#8217;autres mat\u00e9riels \u00e9lectriques<\/a><br \/>\n<a href=\"https:\/\/tpe.duerp.com\/lp-tous-les-metiers\/\">Fabrique d&#8217;enseignes et d&#8217;appareils d&#8217;\u00e9clairage \u00e9lectrique<\/a><br \/>\n<a href=\"https:\/\/tpe.duerp.com\/lp-fleuriste\">Fleuriste<\/a><br \/>\n<a href=\"https:\/\/tpe.duerp.com\/lp-forestier-sapeur\/\">Forestier sapeur<\/a><br \/>\n<a href=\"https:\/\/tpe.duerp.com\/lp-tous-les-metiers\/\">Formation continue d&#8217;adultes<\/a><br \/>\n<a href=\"https:\/\/tpe.duerp.com\/lp-garage-automobile\/\">Garage automobile<\/a><br \/>\n<a href=\"https:\/\/tpe.duerp.com\/lp-tous-les-metiers\/\">Garage moto<\/a><br \/>\n<a href=\"https:\/\/tpe.duerp.com\/lp-tous-les-metiers\/\">Gardien d&#8217;immeuble<\/a><br \/>\n<a href=\"https:\/\/tpe.duerp.com\/lp-tous-les-metiers\/\">Gestion de fonds<\/a><br \/>\n<a href=\"https:\/\/tpe.duerp.com\/lp-tous-les-metiers\/\">Gestion d&#8217;installation sportives aquatiques<\/a><br \/>\n<a href=\"https:\/\/tpe.duerp.com\/lp-tous-les-metiers\/\">Gestion d&#8217;installations sportives<\/a><br \/>\n<a href=\"https:\/\/tpe.duerp.com\/lp-tous-les-metiers\/\">Gestionnaire de biens immobilier<\/a><br \/>\n<a href=\"https:\/\/tpe.duerp.com\/lp-club-de-golf\/\">Club de golf<\/a><br \/>\n<a href=\"https:\/\/tpe.duerp.com\/lp-club-de-tennis\/\">Club de tennis<\/a><br \/>\n<a href=\"https:\/\/tpe.duerp.com\/lp-tous-les-metiers\/\">Golf H\u00f4tel Restaurant Bar Piscine<\/a><br \/>\n<a href=\"https:\/\/tpe.duerp.com\/lp-commerce-de-gros-alimentaire\/\">Grossiste alimentaire<\/a><br \/>\n<a href=\"https:\/\/tpe.duerp.com\/lp-tous-les-metiers\/\">Grutiers<\/a><br \/>\n<a href=\"https:\/\/tpe.duerp.com\/lp-hotel\/\">H\u00f4tel 1 \u00e0 3 \u00e9toiles<\/a><br \/>\n<a href=\"https:\/\/tpe.duerp.com\/lp-hotel\/\">H\u00f4tel 3 \u00e9toiles \u00e0 Palace (Espace soins, SPA, Restaurant, Golf&#8230;)<\/a><br \/>\n<a href=\"https:\/\/tpe.duerp.com\/lp-tous-les-metiers\/\">Huissier de justice<\/a><br \/>\n<a href=\"https:\/\/tpe.duerp.com\/lp-industrie-graphique\/\">Imprimerie de labeur<\/a><br \/>\n<a href=\"https:\/\/tpe.duerp.com\/lp-industrie-graphique\/\">Industrie papeti\u00e8re<\/a><br \/>\n<a href=\"https:\/\/tpe.duerp.com\/lp-institut-de-beaute\/\">Institut de beaut\u00e9<\/a><br \/>\n<a href=\"https:\/\/tpe.duerp.com\/lp-jardinier-paysagiste\/\">Jardinier<\/a><br \/>\n<a href=\"https:\/\/tpe.duerp.com\/lp-jardinier-paysagiste\/\">Jardinier-Paysagiste<\/a><br \/>\n<a href=\"https:\/\/tpe.duerp.com\/lp-laboratoire-analyses\/\">Laboratoire d&#8217;analyses medicales<\/a><br \/>\n<a href=\"https:\/\/tpe.duerp.com\/lp-tous-les-metiers\/\">Location de machines et \u00e9quipements<\/a><br \/>\n<a href=\"https:\/\/tpe.duerp.com\/lp-tous-les-metiers\/\">Magasin de vente et location ski<\/a><br \/>\n<a href=\"https:\/\/tpe.duerp.com\/lp-magasin-de-pret-a-porter\/\">Magasin pr\u00eat \u00e0 porter<\/a><br \/>\n<a href=\"https:\/\/tpe.duerp.com\/lp-garage-automobile\/\">M\u00e9canicien, atelier automobile<\/a><br \/>\n<a href=\"https:\/\/tpe.duerp.com\/lp-tous-les-metiers\/\">Meunerie<\/a><br \/>\n<a href=\"https:\/\/tpe.duerp.com\/lp-tous-les-metiers\/\">Nettoyage automobile<\/a><br \/>\n<a href=\"https:\/\/tpe.duerp.com\/lp-nettoyage-de-batiments\/\">Nettoyage courant de b\u00e2timents<\/a><br \/>\n<a href=\"https:\/\/tpe.duerp.com\/lp-nettoyage-de-batiments\/\">Nettoyage industriel<\/a><br \/>\n<a href=\"https:\/\/tpe.duerp.com\/lp-opticien\/\">Opticien-lunetier<\/a><br \/>\n<a href=\"https:\/\/tpe.duerp.com\/lp-parfumerie\/\">Parfumerie<\/a><br \/>\n<a href=\"https:\/\/tpe.duerp.com\/lp-jardinier-paysagiste\/\">Paysagiste<\/a><br \/>\n<a href=\"https:\/\/tpe.duerp.com\/lp-peinture-de-batiment\/\">Peintre<\/a><br \/>\n<a href=\"https:\/\/tpe.duerp.com\/lp-pharmacie\">Pharmacie<\/a><br \/>\n<a href=\"https:\/\/tpe.duerp.com\/lp-tous-les-metiers\/\">Pl\u00e2trier enduiseur<\/a><br \/>\n<a href=\"https:\/\/tpe.duerp.com\/lp-tous-les-metiers\/\">Pl\u00e2trier-plaquiste<\/a><br \/>\n<a href=\"https:\/\/tpe.duerp.com\/lp-plombier-chauffagiste\/\">Plombier<\/a><br \/>\n<a href=\"https:\/\/tpe.duerp.com\/lp-plombier-chauffagiste\/\">Plombier, Chauffagiste, Carreleur, Peintre<\/a><br \/>\n<a href=\"https:\/\/tpe.duerp.com\/lp-tous-les-metiers\/\">Plongeur de restauration<\/a><br \/>\n<a href=\"https:\/\/tpe.duerp.com\/lp-tous-les-metiers\/\">Point de vente meuble de mobilier<\/a><br \/>\n<a href=\"https:\/\/tpe.duerp.com\/lp-tous-les-metiers\/\">Poseur en menuiserie<\/a><br \/>\n<a href=\"https:\/\/tpe.duerp.com\/lp-pressing-blanchisserie\/\">Pressing blanchisserie<\/a><br \/>\n<a href=\"https:\/\/tpe.duerp.com\/lp-controle-technique-automobile\/\">Promotion immobili\u00e8re<\/a><br \/>\n<a href=\"https:\/\/tpe.duerp.com\/lp-tous-les-metiers\/\">Prospecteur &#8211; Porte \u00e0 Porte<\/a><br \/>\n<a href=\"https:\/\/tpe.duerp.com\/lp-prothesiste-dentaire\/\">Proth\u00e9siste dentaire<\/a><br \/>\n<a href=\"https:\/\/tpe.duerp.com\/lp-tous-les-metiers\/\">Recherche-d\u00e9veloppement en biotechnologie<\/a><br \/>\n<a href=\"https:\/\/tpe.duerp.com\/lp-recyclage-des-metaux\/\">Recyclage des m\u00e9taux<\/a><br \/>\n<a href=\"https:\/\/tpe.duerp.com\/lp-tous-les-metiers\/\">R\u00e9paration d&#8217;\u00e9quipements \u00e9lectriques<\/a><br \/>\n<a href=\"https:\/\/tpe.duerp.com\/lp-restaurant\">Restaurant de salle de sport<\/a><br \/>\n<a href=\"https:\/\/tpe.duerp.com\/lp-restaurant\">Restaurant, bar<\/a><br \/>\n<a href=\"https:\/\/tpe.duerp.com\/lp-restaurant\">Restauration collective<\/a><br \/>\n<a href=\"https:\/\/tpe.duerp.com\/lp-restauration-rapide\/\">Restauration rapide<\/a><br \/>\n<a href=\"https:\/\/tpe.duerp.com\/lp-restaurant\">Restauration traditionnelle<\/a><br \/>\n<a href=\"https:\/\/tpe.duerp.com\/lp-tous-les-metiers\/\">Risques g\u00e9n\u00e9raux<\/a><br \/>\n<a href=\"https:\/\/tpe.duerp.com\/lp-tous-les-metiers\/\">Risques transverses<\/a><br \/>\n<a href=\"https:\/\/tpe.duerp.com\/lp-salle-de-sport\/\">Salle de remise en forme<\/a><br \/>\n<a href=\"https:\/\/tpe.duerp.com\/lp-salon-de-coiffure\/\">Salon de coiffure<\/a><br \/>\n<a href=\"https:\/\/tpe.duerp.com\/lp-tous-les-metiers\/\">Salon de th\u00e9<\/a><br \/>\n<a href=\"https:\/\/tpe.duerp.com\/lp-serrurier-vitrier\/\">Serrurier<\/a><br \/>\n<a href=\"https:\/\/tpe.duerp.com\/lp-tous-les-metiers\/\">Serveur de restauration<\/a><br \/>\n<a href=\"https:\/\/tpe.duerp.com\/lp-aide-a-domicile\/\">Service \u00e0 la personne<\/a><br \/>\n<a href=\"https:\/\/tpe.duerp.com\/lp-tous-les-metiers\/\">Solier moquettiste<\/a><br \/>\n<a href=\"https:\/\/tpe.duerp.com\/lp-tous-les-metiers\/\">Soudage<\/a><br \/>\n<a href=\"https:\/\/tpe.duerp.com\/lp-tous-les-metiers\/\">SPA<\/a><br \/>\n<a href=\"https:\/\/tpe.duerp.com\/lp-tous-les-metiers\/\">Station service<\/a><br \/>\n<a href=\"https:\/\/tpe.duerp.com\/lp-commercants-alimentaires-de-proximite\/\">Superette<\/a><br \/>\n<a href=\"https:\/\/tpe.duerp.com\/lp-tous-les-metiers\/\">Terrains de camping et parcs pour caravanes ou v\u00e9hicules de loisirs<\/a><br \/>\n<a href=\"https:\/\/tpe.duerp.com\/lp-tous-les-metiers\/\">Terrassement<\/a><br \/>\n<a href=\"https:\/\/tpe.duerp.com\/lp-tous-les-metiers\/\">Tertiaire<\/a><br \/>\n<a href=\"https:\/\/tpe.duerp.com\/lp-tous-les-metiers\/\">Tierce maintenance de syst\u00e8mes et d&#8217;applications informatiques<\/a><br \/>\n<a href=\"https:\/\/tpe.duerp.com\/lp-tous-les-metiers\/\">Toiletteur canin<\/a><br \/>\n<a href=\"https:\/\/tpe.duerp.com\/lp-tous-les-metiers\/\">Tourneur Fraiseur<\/a><br \/>\n<a href=\"https:\/\/tpe.duerp.com\/lp-tous-les-metiers\/\">Traitement de surface<\/a><br \/>\n<a href=\"https:\/\/tpe.duerp.com\/lp-traiteur\/\">Traiteur<\/a><br \/>\n<a href=\"https:\/\/tpe.duerp.com\/lp-transport-de-marchandises\/\">Transport d&#8217;agr\u00e9gats<\/a><br \/>\n<a href=\"https:\/\/tpe.duerp.com\/lp-transport-de-marchandises\/\">Transports routiers de fret de proximit\u00e9<\/a><br \/>\n<a href=\"https:\/\/tpe.duerp.com\/lp-transport-de-marchandises\/\">Transports de marchandises<\/a><br \/>\n<a href=\"https:\/\/tpe.duerp.com\/lp-transport-de-marchandises\/\">Transports routiers de fret et services de d\u00e9m\u00e9nagement<\/a><br \/>\n<a href=\"https:\/\/tpe.duerp.com\/lp-transport-routier-de-voyageurs\/\">Transports routiers de voyageurs<\/a><br \/>\n<a href=\"https:\/\/tpe.duerp.com\/lp-tous-les-metiers\/\">Travaux de couverture<\/a><br \/>\n<a href=\"https:\/\/tpe.duerp.com\/lp-tous-les-metiers\/\">Travaux de menuiserie<\/a><br \/>\n<a href=\"https:\/\/tpe.duerp.com\/lp-tous-les-metiers\/\">Usinage de pr\u00e9cision<\/a><br \/>\n<a href=\"https:\/\/tpe.duerp.com\/lp-tous-les-metiers\/\">Vente et installation de chemin\u00e9es<\/a><br \/>\n<a href=\"https:\/\/tpe.duerp.com\/lp-tous-les-metiers\/\">Viticulture<\/a><br \/>\n<a href=\"https:\/\/tpe.duerp.com\/lp-tous-les-metiers\/\">Vitrier<\/a><br \/>\n<a href=\"https:\/\/tpe.duerp.com\/lp-assainissement\/\">Voirie et assainissement<\/a><\/p>","protected":false},"excerpt":{"rendered":"<p>Sorry, this entry is only available in French. For the sake of viewer convenience, the content is shown below in the alternative language. You may click the link to switch the active language.[vc_row][vc_column][vc_column_text] Un artisan, un commer\u00e7ant ou une TPE est souvent confront\u00e9 au syndrome de la page blanche quand il ou elle entreprend d&#8217;\u00e9valuer&hellip;<\/p>\n","protected":false},"author":1,"featured_media":0,"parent":0,"menu_order":0,"comment_status":"closed","ping_status":"closed","template":"","meta":[],"_links":{"self":[{"href":"https:\/\/www.duerp.com\/en\/wp-json\/wp\/v2\/pages\/1329"}],"collection":[{"href":"https:\/\/www.duerp.com\/en\/wp-json\/wp\/v2\/pages"}],"about":[{"href":"https:\/\/www.duerp.com\/en\/wp-json\/wp\/v2\/types\/page"}],"author":[{"embeddable":true,"href":"https:\/\/www.duerp.com\/en\/wp-json\/wp\/v2\/users\/1"}],"replies":[{"embeddable":true,"href":"https:\/\/www.duerp.com\/en\/wp-json\/wp\/v2\/comments?post=1329"}],"version-history":[{"count":43,"href":"https:\/\/www.duerp.com\/en\/wp-json\/wp\/v2\/pages\/1329\/revisions"}],"predecessor-version":[{"id":3166,"href":"https:\/\/www.duerp.com\/en\/wp-json\/wp\/v2\/pages\/1329\/revisions\/3166"}],"wp:attachment":[{"href":"https:\/\/www.duerp.com\/en\/wp-json\/wp\/v2\/media?parent=1329"}],"curies":[{"name":"wp","href":"https:\/\/api.w.org\/{rel}","templated":true}]}}