{"id":1333,"date":"2016-06-08T16:15:03","date_gmt":"2016-06-08T14:15:03","guid":{"rendered":"http:\/\/duerp.com\/?page_id=1333"},"modified":"2020-05-28T20:28:05","modified_gmt":"2020-05-28T18:28:05","slug":"duerp-laureat-du-prix-de-linnovation-preventica-lyon-2013","status":"publish","type":"page","link":"https:\/\/www.duerp.com\/en\/duerp-laureat-du-prix-de-linnovation-preventica-lyon-2013\/","title":{"rendered":"(Fran\u00e7ais) DUERP, laur\u00e9at du prix de l&#8217;innovation PREVENTICA \u00e0 Lyon en 2013"},"content":{"rendered":"<p class=\"qtranxs-available-languages-message qtranxs-available-languages-message-en\">Sorry, this entry is only available in <a href=\"https:\/\/www.duerp.com\/fr\/wp-json\/wp\/v2\/pages\/1333\" class=\"qtranxs-available-language-link qtranxs-available-language-link-fr\" title=\"Fran\u00e7ais\">French<\/a>. For the sake of viewer convenience, the content is shown below in the alternative language. You may click the link to switch the active language.<\/p><p><\/p>\n<h5><span style=\"color: #808080;\">[vc_single_image image=&#8221;1335&#8243; img_size=&#8221;full&#8221; alignment=&#8221;center&#8221;]<\/span><\/h5>\n<h5><span style=\"color: #808080;\">[vc_row][vc_column][vc_column_text]La suite logicielle DUERP\u00ae, qui contribue \u00e0 la r\u00e9duction des accidents de travail et des maladies professionnelles, a remport\u00e9 le Prix de l\u2019innovation lors du salon Pr\u00e9ventica qui s\u2019est tenu \u00e0 Lyon du 24 au 26 septembre 2013.<\/span><\/h5>\n<p><iframe loading=\"lazy\" title=\"Le logiciel DUERvP : Identification et \u00e9valuation des risques\" width=\"1200\" height=\"675\" src=\"https:\/\/www.youtube.com\/embed\/8fbZtuIsLLw?feature=oembed\" frameborder=\"0\" allow=\"accelerometer; autoplay; encrypted-media; gyroscope; picture-in-picture\" allowfullscreen><\/iframe><\/p>\n<h5><\/h5>\n<h5><span style=\"color: #808080;\">En effet, la solution qui a \u00e9t\u00e9 pr\u00e9sent\u00e9 \u00e0 cette occasion \u00e9tait celle destin\u00e9e aux artisans, commer\u00e7ants et TPE qui leur permet de r\u00e9aliser leur Document Unique d&#8217;\u00e9valuation des risques professionnels en moins de 2 heures gr\u00e2ce \u00e0 plus de 130 mod\u00e8les de document unique sp\u00e9cifiques \u00e0 chaque m\u00e9tier et gr\u00e2ce \u00e0 une interface simple et intuitive.<\/span><span style=\"color: #808080;\">[\/vc_column_text]<\/span><\/h5>\n<h3><\/h3>\n<h3><span style=\"color: #005a91;\">Une solution logicielle innovante<\/span><\/h3>\n<h5><span style=\"color: #808080;\">[vc_column_text]<\/span><span style=\"color: #808080;\">Pour sa premi\u00e8re participation au salon Pr\u00e9ventica, r\u00e9f\u00e9rence incontournable dans le domaine de la sant\u00e9 au travail et de la s\u00e9curit\u00e9 des entreprises, la soci\u00e9t\u00e9 \u00e9ditrice de la solution logicielle DUERP\u00ae s\u2019est vu d\u00e9cerner, par un jury d\u2019experts, le Prix de l\u2019innovation dans la cat\u00e9gorie Logiciel \/ Multim\u00e9dia.<\/span><\/h5>\n<h5><span style=\"color: #808080;\">Une r\u00e9compense qui lui a valu un franc succ\u00e8s aupr\u00e8s des professionnels en qu\u00eate d\u2019une solution logicielle intuitive, performante, permettant de se conformer simplement et rapidement aux obligations l\u00e9gales relatives \u00e0 la pr\u00e9vention des risques professionnels.[\/vc_column_text][vc_single_image image=&#8221;1336&#8243; img_size=&#8221;large&#8221; alignment=&#8221;center&#8221;][\/vc_column][\/vc_row]<\/span><\/h5>\n<p><\/p>","protected":false},"excerpt":{"rendered":"<p>Sorry, this entry is only available in French. For the sake of viewer convenience, the content is shown below in the alternative language. You may click the link to switch the active language. [vc_single_image image=&#8221;1335&#8243; img_size=&#8221;full&#8221; alignment=&#8221;center&#8221;] [vc_row][vc_column][vc_column_text]La suite logicielle DUERP\u00ae, qui contribue \u00e0 la r\u00e9duction des accidents de travail et des maladies professionnelles, a&hellip;<\/p>\n","protected":false},"author":1,"featured_media":0,"parent":0,"menu_order":0,"comment_status":"closed","ping_status":"closed","template":"","meta":[],"_links":{"self":[{"href":"https:\/\/www.duerp.com\/en\/wp-json\/wp\/v2\/pages\/1333"}],"collection":[{"href":"https:\/\/www.duerp.com\/en\/wp-json\/wp\/v2\/pages"}],"about":[{"href":"https:\/\/www.duerp.com\/en\/wp-json\/wp\/v2\/types\/page"}],"author":[{"embeddable":true,"href":"https:\/\/www.duerp.com\/en\/wp-json\/wp\/v2\/users\/1"}],"replies":[{"embeddable":true,"href":"https:\/\/www.duerp.com\/en\/wp-json\/wp\/v2\/comments?post=1333"}],"version-history":[{"count":23,"href":"https:\/\/www.duerp.com\/en\/wp-json\/wp\/v2\/pages\/1333\/revisions"}],"predecessor-version":[{"id":2121,"href":"https:\/\/www.duerp.com\/en\/wp-json\/wp\/v2\/pages\/1333\/revisions\/2121"}],"wp:attachment":[{"href":"https:\/\/www.duerp.com\/en\/wp-json\/wp\/v2\/media?parent=1333"}],"curies":[{"name":"wp","href":"https:\/\/api.w.org\/{rel}","templated":true}]}}