{"id":1354,"date":"2016-06-09T11:00:13","date_gmt":"2016-06-09T09:00:13","guid":{"rendered":"http:\/\/duerp.com\/?page_id=1354"},"modified":"2024-08-29T15:10:41","modified_gmt":"2024-08-29T13:10:41","slug":"vous-etes-une-pme-pmi-eti","status":"publish","type":"page","link":"https:\/\/www.duerp.com\/en\/vous-etes-une-pme-pmi-eti\/","title":{"rendered":"(Fran\u00e7ais) Le document unique pour une PME\/PMI\/ETI"},"content":{"rendered":"<p class=\"qtranxs-available-languages-message qtranxs-available-languages-message-en\">Sorry, this entry is only available in <a href=\"https:\/\/www.duerp.com\/fr\/wp-json\/wp\/v2\/pages\/1354\" class=\"qtranxs-available-language-link qtranxs-available-language-link-fr\" title=\"Fran\u00e7ais\">French<\/a>. For the sake of viewer convenience, the content is shown below in the alternative language. You may click the link to switch the active language.<\/p><p>[vc_row][vc_column][vc_column_text]<\/p>\n<h3><span style=\"color: #005a91;\">Le pack DUERP PME, une licence full web pour g\u00e9rer la sant\u00e9 et s\u00e9curit\u00e9 au travail<\/span><\/h3>\n<p>La pr\u00e9vention des risques professionnels est pour vous un axe strat\u00e9gique vous permettant de concilier productivit\u00e9 et qualit\u00e9 de vie au travail ?<\/p>\n<p>Vous connaissez les exigences r\u00e9glementaires en mati\u00e8re d&#8217;hygi\u00e8ne et de s\u00e9curit\u00e9 li\u00e9es \u00e0 votre activit\u00e9. Mais comment r\u00e9pondez-vous \u00e0 ces exigences ? La gestion de vos risques professionnels est-elle optimis\u00e9e ? Votre document unique est-il exhaustif ? \u00cates-vous correctement prot\u00e9ger contre la faute inexcusable de l&#8217;employeur ?<\/p>\n<p style=\"text-align: left;\"><div class=\"gap\" style=\"line-height: 50px; height: 50px;\"><\/div>\n<p style=\"text-align: center;\"><a href=\"http:\/\/duerp.com\/les-solutions-technologiques\/\" class=\"btn-shortcode dt-btn-m dt-btn default-btn-color default-btn-hover-color default-btn-bg-color default-btn-bg-hover-color fadeIn animate-element animation-builder\" id=\"dt-btn-1\"><i class=\"fa fa-chevron-circle-right\"><\/i><span>Voir les solutions technologiques<\/span><\/a><\/p>\n<p style=\"text-align: left;\"><div class=\"gap\" style=\"line-height: 50px; height: 50px;\"><\/div>\n<h3><span style=\"color: #005a91;\">Que contient la licence pack DUERP PME ?<\/span><\/h3>\n<p style=\"text-align: left;\">Le pack DUERP Multi-sites est compos\u00e9 d&#8217;un nombre maximum de 4 licences <span style=\"color: #ff6600;\">&#8220;Site&#8221;<\/span>. Chaque licence est destin\u00e9e \u00e0 un manager ou un responsable d&#8217;\u00e9tablissement ou de site.<\/p>\n<p>Les responsables d&#8217;\u00e9tablissements pourront ainsi g\u00e9rer eux-m\u00eames leur plan d&#8217;action de pr\u00e9vention des risques et \u00e9galement mettre \u00e0 jour leur document unique.<\/p>\n<div class=\"gap\" style=\"line-height: 50px; height: 50px;\"><\/div>\n<h3><span style=\"color: #005a91;\">En option, la licence &#8220;Experte&#8221; pour g\u00e9rer de mani\u00e8re centralis\u00e9e et harmonis\u00e9e l&#8217;ensemble de vos \u00e9tablissements<\/span><\/h3>\n<p style=\"text-align: left;\">La licence utilisateur<span style=\"color: #ff6600;\">\u00a0&#8220;Experte&#8221;<\/span>\u00a0 est en g\u00e9n\u00e9rale destin\u00e9e \u00e0 la personne qui coordonne la pr\u00e9vention des risques de plusieurs \u00e9tablissements (responsable SST, Responsable QSE\/QHSE, coordinateur de pr\u00e9vention, &#8230;).<\/p>\n<p>Cette licence &#8220;Experte&#8221; partageable permet de g\u00e9rer un nombre illimit\u00e9 d&#8217;\u00e9tablissements sur la base de droits d&#8217;acc\u00e8s et d&#8217;habilitations fonctionnelles sp\u00e9cifiques.<\/p>\n<p>Cette licence peut \u00eatre partag\u00e9 avec d&#8217;autres personnes mais si vous souhaitez attribuer \u00e0 un autre utilisateur des droits d&#8217;acc\u00e8s \u00e0 des \u00e9tablissements diff\u00e9rents ou lui restreindre l&#8217;acc\u00e8s \u00e0 certaines fonctionnalit\u00e9s alors il faudra commander une licence<span style=\"color: #ff6600;\">\u00a0&#8220;Experte&#8221;<\/span>\u00a0suppl\u00e9mentaire.<\/p>\n<div class=\"gap\" style=\"line-height: 50px; height: 50px;\"><\/div>\n<h3><span style=\"color: #005a91;\">En option, le module de d\u00e9claration et de gestion des accidents du travail<\/span><\/h3>\n<p style=\"text-align: left;\">Si vous souhaitez permettre \u00e0 vos responsables RH, vos responsables de site, vos responsables de service ou encore vos responsables d&#8217;\u00e9tablissement de d\u00e9clarer en ligne des accidents du travail et en assurer le suivi, vous pouvez ajouter au pack DUERP Mono-site des<span style=\"color: #ff6600;\">\u00a0licences &#8220;AT-WEB&#8221;<span style=\"color: #333333;\">.\u00a0<\/span><\/span><\/p>\n<p style=\"text-align: left;\"><div class=\"gap\" style=\"line-height: 50px; height: 50px;\"><\/div>\n<p style=\"text-align: center;\"><a href=\"http:\/\/duerp.com\/nos_packs\/\" class=\"btn-shortcode dt-btn-m dt-btn default-btn-color default-btn-hover-color default-btn-bg-color default-btn-bg-hover-color fadeIn animate-element animation-builder\" id=\"dt-btn-2\"><i class=\"fa fa-chevron-circle-right\"><\/i><span>Voir la tarification de nos packs<\/span><\/a><\/p>\n<p style=\"text-align: left;\"><div class=\"gap\" style=\"line-height: 50px; height: 50px;\"><\/div>\n<h3><span style=\"color: #005a91;\">Une offre packag\u00e9e clef en main qui vous apporte une compl\u00e8te s\u00e9r\u00e9nit\u00e9<\/span><\/h3>\n<p>Lorsque vous vous abonnez \u00e0 notre solution logicielle DUERP Cloud PME et que vous participez \u00e0 au moins une journ\u00e9e de formation, vous b\u00e9n\u00e9ficiez, dans le cadre de votre abonnement, de tous les services qui vous permettront de g\u00e9rer sereinement la pr\u00e9vention des risques de votre \u00e9tablissement (jusqu&#8217;\u00e0 4 \u00e9tablissements) :<\/p>\n<ul>\n<li>Maintenance corrective qui vous met \u00e0 l&#8217;abri lors de dysfonctionnement de l&#8217;application<\/li>\n<li>Maintenance adaptative qui vous permet de continuer \u00e0 utiliser notre solution malgr\u00e9 les mises \u00e0 jour de vos navigateurs web<\/li>\n<li>Maintenance \u00e9volutive afin de b\u00e9n\u00e9ficier des derni\u00e8res fonctionnalit\u00e9s et \u00e9volutions comprises dans votre package<\/li>\n<li>Maintenance r\u00e9glementaire afin d&#8217;assurer une mise en conformit\u00e9 permanente de vos \u00e9tablissements<\/li>\n<li>Assistance t\u00e9l\u00e9phonique illimit\u00e9e<\/li>\n<\/ul>\n<p>Ainsi, nous nous engageons \u00e0 r\u00e9soudre les incidents techniques dans un d\u00e9lai de 48 heures \u00e0 compter de la d\u00e9claration de l&#8217;incident par t\u00e9l\u00e9phone, fax ou email.<\/p>\n<p>Les mises \u00e0 jour du logiciel vous sont automatiquement propos\u00e9es lors du lancement de l&#8217;application.<\/p>\n<div class=\"gap\" style=\"line-height: 50px; height: 50px;\"><\/div>\n<h3><span style=\"color: #005a91;\">Une assistance t\u00e9l\u00e9phonique gratuite 5 jours sur 7 incluse dans l&#8217;abonnement<\/span><\/h3>\n<p>Dans le cadre de nos <strong>offres packag\u00e9es clef en main<\/strong>, \u00e0 la condition d&#8217;avoir particip\u00e9 \u00e0 une journ\u00e9e \u00e0 minima de formation, vous b\u00e9n\u00e9ficiez \u00e9galement d&#8217;une <strong>assistance t\u00e9l\u00e9phonique GRATUITE 5 jours sur 7<\/strong>, du lundi au vendredi (hors week-end et jours f\u00e9ri\u00e9es) de 9h30 \u00e0 18h00.<\/p>\n<p>Notre \u00e9quipe est joignable au 01 60 17 57 64 et solutionnera vos probl\u00e8mes dans les plus brefs d\u00e9lais.<\/p>\n<div class=\"gap\" style=\"line-height: 50px; height: 50px;\"><\/div>\n<h3><span style=\"color: #005a91;\">Un abonnement annuel vous permettant de b\u00e9n\u00e9ficier de conseils gratuits pour utiliser au mieux le logiciel*<\/span><\/h3>\n<p>L&#8217;abonnement annuel \u00e0 notre logiciel DUERP Cloud vous permet de b\u00e9n\u00e9ficier des mises \u00e0 jour correctives, \u00e9volutives et r\u00e9glementaires et ce pendant tout le temps de votre abonnement.<\/p>\n<p>De plus, cet abonnement vous permet de b\u00e9n\u00e9ficier d&#8217;une aide et de conseils gratuits et illimit\u00e9s par t\u00e9l\u00e9phone et par email.\u00a0En effet, notre objectif est de vous fournir une solution logicielle la plus intuitive, la plus simple et la plus performante possible. Par cons\u00e9quent, si vous nous contactez pour une aide \u00e0 l&#8217;utilisation du logiciel, nous vous accompagnerons et nous ferons tous le n\u00e9cessaire pour que votre exp\u00e9rience utilisateur soit simplifi\u00e9e et am\u00e9lior\u00e9e.<\/p>\n<p>L&#8217; assistance t\u00e9l\u00e9phonique pour vous aider \u00e0 utiliser notre logiciel est disponible 5 jours sur 7 de 9h30 \u00e0 18h (hors week-end et jours f\u00e9ri\u00e9s). Pour les utilisateurs en dehors du fuseau horaire GMT+1, des am\u00e9nagements sont possibles.<\/p>\n<p><em>*Ce service est mis \u00e0 disposition pour les clients qui auront suivi une formation initiale d&#8217;au moins une journ\u00e9e au logiciel<\/em><\/p>\n<p>[\/vc_column_text][\/vc_column][\/vc_row]<\/p>","protected":false},"excerpt":{"rendered":"<p>Sorry, this entry is only available in French. For the sake of viewer convenience, the content is shown below in the alternative language. You may click the link to switch the active language.[vc_row][vc_column][vc_column_text] Le pack DUERP PME, une licence full web pour g\u00e9rer la sant\u00e9 et s\u00e9curit\u00e9 au travail La pr\u00e9vention des risques professionnels est&hellip;<\/p>\n","protected":false},"author":1,"featured_media":0,"parent":0,"menu_order":0,"comment_status":"closed","ping_status":"closed","template":"","meta":[],"_links":{"self":[{"href":"https:\/\/www.duerp.com\/en\/wp-json\/wp\/v2\/pages\/1354"}],"collection":[{"href":"https:\/\/www.duerp.com\/en\/wp-json\/wp\/v2\/pages"}],"about":[{"href":"https:\/\/www.duerp.com\/en\/wp-json\/wp\/v2\/types\/page"}],"author":[{"embeddable":true,"href":"https:\/\/www.duerp.com\/en\/wp-json\/wp\/v2\/users\/1"}],"replies":[{"embeddable":true,"href":"https:\/\/www.duerp.com\/en\/wp-json\/wp\/v2\/comments?post=1354"}],"version-history":[{"count":43,"href":"https:\/\/www.duerp.com\/en\/wp-json\/wp\/v2\/pages\/1354\/revisions"}],"predecessor-version":[{"id":3101,"href":"https:\/\/www.duerp.com\/en\/wp-json\/wp\/v2\/pages\/1354\/revisions\/3101"}],"wp:attachment":[{"href":"https:\/\/www.duerp.com\/en\/wp-json\/wp\/v2\/media?parent=1354"}],"curies":[{"name":"wp","href":"https:\/\/api.w.org\/{rel}","templated":true}]}}