{"id":1377,"date":"2016-06-09T13:17:58","date_gmt":"2016-06-09T11:17:58","guid":{"rendered":"http:\/\/duerp.com\/?page_id=1377"},"modified":"2019-03-29T09:19:28","modified_gmt":"2019-03-29T08:19:28","slug":"les-10-commandements-du-document-unique","status":"publish","type":"page","link":"https:\/\/www.duerp.com\/en\/les-10-commandements-du-document-unique\/","title":{"rendered":"(Fran\u00e7ais) Les 10 commandements du Document Unique"},"content":{"rendered":"<p class=\"qtranxs-available-languages-message qtranxs-available-languages-message-en\">Sorry, this entry is only available in <a href=\"https:\/\/www.duerp.com\/fr\/wp-json\/wp\/v2\/pages\/1377\" class=\"qtranxs-available-language-link qtranxs-available-language-link-fr\" title=\"Fran\u00e7ais\">French<\/a>. For the sake of viewer convenience, the content is shown below in the alternative language. You may click the link to switch the active language.<\/p><p>[vc_row][vc_column][vc_column_text]Suivez ces dix commandements et vous r\u00e9duirez ainsi fortement la probabilit\u00e9 de survenance d&#8217;accidents de travail et de maladies professionnelles dans votre entreprise ou collectivit\u00e9 locale.[\/vc_column_text][vc_single_image image=&#8221;1373&#8243; img_size=&#8221;large&#8221; alignment=&#8221;center&#8221;][vc_column_text]<\/p>\n<ol>\n<li>\n<h3><span style=\"color: #005a91;\"><u>D\u00e8s le premier salari\u00e9, un Document Unique tu cr\u00e9eras<\/u><\/span><\/h3>\n<\/li>\n<\/ol>\n<p>D\u00e8s le premier salari\u00e9, l\u2019employeur a l\u2019obligation de cr\u00e9er un Document Unique d\u2019\u00c9valuation des Risques Professionnels.<\/p>\n<p>DUERP\u00ae\u00a0 vous permettra de r\u00e9pondre \u00e0 cette obligation. Par \u00e9tape, vous pourrez auditer votre structure rapidement, \u00e9valuer vos risques de fa\u00e7on pr\u00e9cise, pr\u00e9venir les risques de stress et d\u2019accident du travail de mani\u00e8re optimale.<\/p>\n<ol start=\"2\">\n<li>\n<h3><span style=\"color: #005a91;\"><u>Le bon support de r\u00e9daction, tu utiliseras<\/u><\/span><\/h3>\n<\/li>\n<\/ol>\n<p>Le Document Unique peut \u00eatre cr\u00e9\u00e9 sur support papier ou num\u00e9rique, \u00e0 condition qu\u2019une logique entre risque et moyen de pr\u00e9vention soit respect\u00e9e.<\/p>\n<p>DUERP\u00ae\u00a0 vous propose de cr\u00e9er votre document sur un support num\u00e9rique que vous pourrez ensuite facilement imprimer. Ainsi, cr\u00e9ez votre Document Unique dans les meilleurs conditions, profitez des avantages offerts de la version num\u00e9rique : communication \u00e9lectronique, mises \u00e0 jour facilit\u00e9es, suivi du plan d\u2019action, etc&#8230;<\/p>\n<ol start=\"3\">\n<li>\n<h3><span style=\"color: #005a91;\"><u>Tous les risques de tes employ\u00e9s, tu identifieras et \u00e9valueras<\/u><\/span><\/h3>\n<\/li>\n<\/ol>\n<p>Le Document Unique doit rapporter l&#8217;ensemble des risques professionnels de chaque employ\u00e9. L&#8217;objectif \u00e9tant d&#8217;am\u00e9liorer le cadre de travail de chacun.<\/p>\n<p>DUERP \u00ae, par sa pr\u00e9sentation structur\u00e9e des postes de travail, vous permettra de travailler en collaboration direct avec vos salari\u00e9s pour le recensement de leurs risques, leurs cons\u00e9quences sur leur activit\u00e9 de tous les jours, et ainsi permettre la mise en place de moyens de pr\u00e9ventions adapt\u00e9s et individualis\u00e9s.<\/p>\n<ol start=\"4\">\n<li>\n<h3><span style=\"color: #005a91;\"><u>Pour chaque risque, un ou plusieurs moyens de pr\u00e9vention tu d\u00e9clineras<\/u><\/span><\/h3>\n<\/li>\n<\/ol>\n<p>L&#8217;inspecteur du travail veille aux bonnes conditions de travail de chacun,\u00a0 ainsi relever les risques permettra de faire de la pr\u00e9vention et am\u00e9liorer les conditions de travail de vos salari\u00e9s.<\/p>\n<p>Planifier vos actions de pr\u00e9vention sur DUERP \u00ae en fonction de priorit\u00e9 d\u00e9finie, de l&#8217;importance de chaque risque,\u00a0 de votre budget\u2026\u00a0 D\u00e9finissez des dates de mise \u00e0 jour, g\u00e9rez plusieurs types de MPAE (mat\u00e9riel, formation, travaux\u2026), vous pourrez \u00e9galement vous aider de la biblioth\u00e8que de donn\u00e9es.<\/p>\n<ol start=\"5\">\n<li>\n<h3><span style=\"color: #005a91;\"><u>La mise en \u0153uvre de tes actions de pr\u00e9vention, tu assureras<\/u><\/span><\/h3>\n<\/li>\n<\/ol>\n<p>Un employeur a une obligation de r\u00e9sultats (pas de moyens mais de r\u00e9sultats) dans la pr\u00e9servation de la sant\u00e9 physique et mentale de ses salari\u00e9s. Il est pr\u00e9vu par d\u00e9cret minist\u00e9riel qu&#8217;il se serve de l&#8217;\u00e9laboration du document unique pour lister les risques dans son entreprise et les moyens mis en place pour les emp\u00eacher ou tout du moins les r\u00e9duire au maximum.<\/p>\n<p>DUERP \u00ae vous alerte en cas de retard sur vos moyens de pr\u00e9vention. Vous pourrez \u00e9galement suivre l&#8217;\u00e9volution des actions de pr\u00e9vention, savoir quels sont les ressources pr\u00e9vues, les r\u00e9sultats attendus, obtenus\u2026<\/p>\n<ol start=\"6\">\n<li>\n<h3><span style=\"color: #005a91;\"><u>Pour chacune de tes structures, un Document unique tu g\u00e8reras<\/u><\/span><\/h3>\n<\/li>\n<\/ol>\n<p>Chaque Document Unique doit \u00eatre attach\u00e9 \u00e0 une structure, c&#8217;est-\u00e0-dire qu&#8217;une soci\u00e9t\u00e9 doit avoir un Document Unique par succursale, boutique, lieu d&#8217;intervention\u2026<\/p>\n<p>Avec DUERP \u00ae, cr\u00e9er un nombre illimit\u00e9 de Document Unique, importer les Documents Uniques existants pour en cr\u00e9er de nouveaux, comparer plusieurs Documents Uniques entre eux&#8230;<\/p>\n<ol start=\"7\">\n<li>\n<h3><span style=\"color: #005a91;\"><u>\u00c0 tes collaborateurs et tes partenaires sociaux, ton Document Unique tu communiqueras<\/u><\/span><\/h3>\n<\/li>\n<\/ol>\n<p>le Document Unique doit \u00eatre transmis aux salari\u00e9s et l&#8217;employeur doit s&#8217;assurer de sa bonne lecture. Le DU, doit \u00e9galement \u00eatre tenu \u00e0 la disposition de la m\u00e9decine du travail et sur demande de l&#8217;inspecteur du travail.<\/p>\n<p>DUERP \u00ae vous permet d&#8217;extraire en un clic votre Document Unique en PDF, vous n&#8217;avez plus qu&#8217;\u00e0 l&#8217;imprimer, o\u00f9 l&#8217;envoyer par mail \u00e0 vos collaborateurs .<\/p>\n<ol start=\"8\">\n<li>\n<h3><span style=\"color: #005a91;\"><u>Chaque ann\u00e9e ou apr\u00e8s chaque changement, ton Document unique tu actualiseras<\/u><\/span><\/h3>\n<\/li>\n<\/ol>\n<p>Votre Document Unique doit refl\u00e9ter l\u2019\u00e9tat de votre soci\u00e9t\u00e9 \u00e0 une p\u00e9riode donn\u00e9e, pour se faire, il doit \u00eatre mis \u00e0 jour annuellement ou en cas de modification op\u00e9rationnelle.<\/p>\n<p>DUERP \u00ae vous donne la possibilit\u00e9 de comparer plusieurs Documents Uniques, d\u2019analyser vos d\u00e9lais de mise en place de vos moyens de pr\u00e9vention, d\u2019en ressortir une nouvelle analyse de vos risques professionnels\u2026 De mieux appr\u00e9hender l\u2019avenir.<\/p>\n<ol start=\"9\">\n<li>\n<h3><span style=\"color: #005a91;\"><u>Garant de la sant\u00e9 physique et morale de tes collaborateurs, tu seras<\/u><\/span><\/h3>\n<\/li>\n<\/ol>\n<p>Les magistrats condamnent d\u00e9sormais les chefs d&#8217;entreprise \u00e0 des peines de prison s&#8217;ils n&#8217;ont pas tout fait pour prot\u00e9ger la sant\u00e9 physique et mentale de leurs salari\u00e9s.<\/p>\n<p>DUERP \u00ae vous donne la possibilit\u00e9 de faire directement le lien entre la cause d\u2019un mal \u00eatre, d\u2019un accident de travail (AT) ou d\u2019un taux d\u2019absent\u00e9isme important et l\u2019effet sur votre activit\u00e9. Vous pourrez ainsi agir directement sur vos probl\u00e9matiques de ressources humaines (RH).<\/p>\n<ol start=\"10\">\n<li>\n<h3><span style=\"color: #005a91;\"><u>Le fruit de la cr\u00e9ation de ton Document Unique, tu r\u00e9colteras<\/u><\/span><\/h3>\n<\/li>\n<\/ol>\n<p>Il est d&#8217;usage de dire qu&#8217;un salari\u00e9 avertit en vos deux&#8230;<\/p>\n<p>2 salari\u00e9s, c\u2019est 2 fois plus de productivit\u00e9 ![\/vc_column_text][\/vc_column][\/vc_row]<\/p>","protected":false},"excerpt":{"rendered":"<p>Sorry, this entry is only available in French. For the sake of viewer convenience, the content is shown below in the alternative language. You may click the link to switch the active language.[vc_row][vc_column][vc_column_text]Suivez ces dix commandements et vous r\u00e9duirez ainsi fortement la probabilit\u00e9 de survenance d&#8217;accidents de travail et de maladies professionnelles dans votre entreprise&hellip;<\/p>\n","protected":false},"author":1,"featured_media":0,"parent":0,"menu_order":0,"comment_status":"closed","ping_status":"closed","template":"","meta":[],"_links":{"self":[{"href":"https:\/\/www.duerp.com\/en\/wp-json\/wp\/v2\/pages\/1377"}],"collection":[{"href":"https:\/\/www.duerp.com\/en\/wp-json\/wp\/v2\/pages"}],"about":[{"href":"https:\/\/www.duerp.com\/en\/wp-json\/wp\/v2\/types\/page"}],"author":[{"embeddable":true,"href":"https:\/\/www.duerp.com\/en\/wp-json\/wp\/v2\/users\/1"}],"replies":[{"embeddable":true,"href":"https:\/\/www.duerp.com\/en\/wp-json\/wp\/v2\/comments?post=1377"}],"version-history":[{"count":3,"href":"https:\/\/www.duerp.com\/en\/wp-json\/wp\/v2\/pages\/1377\/revisions"}],"predecessor-version":[{"id":3055,"href":"https:\/\/www.duerp.com\/en\/wp-json\/wp\/v2\/pages\/1377\/revisions\/3055"}],"wp:attachment":[{"href":"https:\/\/www.duerp.com\/en\/wp-json\/wp\/v2\/media?parent=1377"}],"curies":[{"name":"wp","href":"https:\/\/api.w.org\/{rel}","templated":true}]}}