{"id":1388,"date":"2016-06-10T13:37:49","date_gmt":"2016-06-10T11:37:49","guid":{"rendered":"http:\/\/duerp.com\/?page_id=1388"},"modified":"2016-06-10T13:37:49","modified_gmt":"2016-06-10T11:37:49","slug":"que-doit-contenir-la-fiche","status":"publish","type":"page","link":"https:\/\/www.duerp.com\/en\/que-doit-contenir-la-fiche\/","title":{"rendered":"(Fran\u00e7ais) Que doit contenir la fiche ?"},"content":{"rendered":"<p class=\"qtranxs-available-languages-message qtranxs-available-languages-message-en\">Sorry, this entry is only available in <a href=\"https:\/\/www.duerp.com\/fr\/wp-json\/wp\/v2\/pages\/1388\" class=\"qtranxs-available-language-link qtranxs-available-language-link-fr\" title=\"Fran\u00e7ais\">French<\/a>. For the sake of viewer convenience, the content is shown below in the alternative language. You may click the link to switch the active language.<\/p><p>La fiche nominative de pr\u00e9vention doit comporter obligatoirement les mentions suivantes (Code du travail, art. D. 4121-6) :<\/p>\n<ul>\n<li>Les conditions habituelles d\u2019exposition appr\u00e9ci\u00e9es notamment \u00e0 partir du document unique ainsi que les \u00e9v\u00e9nements particuliers survenus ayant eu pour effet d\u2019augmenter l\u2019exposition des salari\u00e9s ;<\/li>\n<li>la p\u00e9riode d\u2019exposition ;<\/li>\n<li>les mesures de pr\u00e9vention (organisationnelles, collectives ou individuelles) mises en \u0153uvre pour r\u00e9duire ou supprimer les facteurs de risques durant cette p\u00e9riode.<\/li>\n<\/ul>\n<p>Cette fiche doit \u00eatre actualis\u00e9e lors de toute modification des conditions d\u2019exposition pouvant avoir un impact sur la sant\u00e9 du salari\u00e9. Sa mise \u00e0 jour doit aussi tenir compte des nouvelles connaissances que votre entreprise a sur les produits et m\u00e9thodes qu\u2019elle utilise.<\/p>","protected":false},"excerpt":{"rendered":"<p>Sorry, this entry is only available in French. For the sake of viewer convenience, the content is shown below in the alternative language. You may click the link to switch the active language.La fiche nominative de pr\u00e9vention doit comporter obligatoirement les mentions suivantes (Code du travail, art. D. 4121-6) : Les conditions habituelles d\u2019exposition appr\u00e9ci\u00e9es&hellip;<\/p>\n","protected":false},"author":1,"featured_media":0,"parent":0,"menu_order":0,"comment_status":"closed","ping_status":"closed","template":"","meta":[],"_links":{"self":[{"href":"https:\/\/www.duerp.com\/en\/wp-json\/wp\/v2\/pages\/1388"}],"collection":[{"href":"https:\/\/www.duerp.com\/en\/wp-json\/wp\/v2\/pages"}],"about":[{"href":"https:\/\/www.duerp.com\/en\/wp-json\/wp\/v2\/types\/page"}],"author":[{"embeddable":true,"href":"https:\/\/www.duerp.com\/en\/wp-json\/wp\/v2\/users\/1"}],"replies":[{"embeddable":true,"href":"https:\/\/www.duerp.com\/en\/wp-json\/wp\/v2\/comments?post=1388"}],"version-history":[{"count":1,"href":"https:\/\/www.duerp.com\/en\/wp-json\/wp\/v2\/pages\/1388\/revisions"}],"predecessor-version":[{"id":1390,"href":"https:\/\/www.duerp.com\/en\/wp-json\/wp\/v2\/pages\/1388\/revisions\/1390"}],"wp:attachment":[{"href":"https:\/\/www.duerp.com\/en\/wp-json\/wp\/v2\/media?parent=1388"}],"curies":[{"name":"wp","href":"https:\/\/api.w.org\/{rel}","templated":true}]}}