{"id":1391,"date":"2016-06-10T13:38:32","date_gmt":"2016-06-10T11:38:32","guid":{"rendered":"http:\/\/duerp.com\/?page_id=1391"},"modified":"2021-09-25T16:19:37","modified_gmt":"2021-09-25T14:19:37","slug":"a-qui-est-destinee","status":"publish","type":"page","link":"https:\/\/www.duerp.com\/en\/a-qui-est-destinee\/","title":{"rendered":"A qui est-ce destin\u00e9e ?"},"content":{"rendered":"<p>Chaque fiche (et ses mises \u00e0 jour) doit \u00eatre communiqu\u00e9e au service de sant\u00e9 au travail qui la transmettra par la suite au m\u00e9decin du travail. Une copie doit \u00e9galement \u00eatre remise au salari\u00e9 :<\/p>\n<ul>\n<li>Lors de son d\u00e9part de l\u2019\u00e9tablissement ;<\/li>\n<li>En cas d\u2019arr\u00eat de travail d\u2019au moins 30 jours cons\u00e9cutifs suite \u00e0 un Accident de travail ou d&#8217;une maladie professionnelle ;<\/li>\n<li>Lors de toute d\u00e9claration de maladie professionnelle.<\/li>\n<\/ul>\n<p>Tout salari\u00e9 concern\u00e9 par une exposition \u00e0 un ou plusieurs facteurs de p\u00e9nibilit\u00e9 doit pouvoir prendre connaissance \u00e0 tout moment de sa fiche nominative. Il peut ainsi demander la rectification des informations qui y figurent.<\/p>\n<p>Ce document ne peut en revanche \u00eatre communiqu\u00e9 \u00e0 un autre employeur, par votre entreprise.<\/p>\n","protected":false},"excerpt":{"rendered":"<p>Chaque fiche (et ses mises \u00e0 jour) doit \u00eatre communiqu\u00e9e au service de sant\u00e9 au travail qui la transmettra par la suite au m\u00e9decin du travail. Une copie doit \u00e9galement \u00eatre remise au salari\u00e9 : Lors de son d\u00e9part de l\u2019\u00e9tablissement ; En cas d\u2019arr\u00eat de travail d\u2019au moins 30 jours cons\u00e9cutifs suite \u00e0 un&hellip;<\/p>\n","protected":false},"author":1,"featured_media":0,"parent":0,"menu_order":0,"comment_status":"closed","ping_status":"closed","template":"","meta":[],"_links":{"self":[{"href":"https:\/\/www.duerp.com\/en\/wp-json\/wp\/v2\/pages\/1391"}],"collection":[{"href":"https:\/\/www.duerp.com\/en\/wp-json\/wp\/v2\/pages"}],"about":[{"href":"https:\/\/www.duerp.com\/en\/wp-json\/wp\/v2\/types\/page"}],"author":[{"embeddable":true,"href":"https:\/\/www.duerp.com\/en\/wp-json\/wp\/v2\/users\/1"}],"replies":[{"embeddable":true,"href":"https:\/\/www.duerp.com\/en\/wp-json\/wp\/v2\/comments?post=1391"}],"version-history":[{"count":3,"href":"https:\/\/www.duerp.com\/en\/wp-json\/wp\/v2\/pages\/1391\/revisions"}],"predecessor-version":[{"id":2693,"href":"https:\/\/www.duerp.com\/en\/wp-json\/wp\/v2\/pages\/1391\/revisions\/2693"}],"wp:attachment":[{"href":"https:\/\/www.duerp.com\/en\/wp-json\/wp\/v2\/media?parent=1391"}],"curies":[{"name":"wp","href":"https:\/\/api.w.org\/{rel}","templated":true}]}}