{"id":1397,"date":"2016-06-10T13:39:41","date_gmt":"2016-06-10T11:39:41","guid":{"rendered":"http:\/\/duerp.com\/?page_id=1397"},"modified":"2016-06-10T13:39:41","modified_gmt":"2016-06-10T11:39:41","slug":"demarche-de-prevention","status":"publish","type":"page","link":"https:\/\/www.duerp.com\/en\/demarche-de-prevention\/","title":{"rendered":"(Fran\u00e7ais) D\u00e9marche de pr\u00e9vention"},"content":{"rendered":"<p class=\"qtranxs-available-languages-message qtranxs-available-languages-message-en\">Sorry, this entry is only available in <a href=\"https:\/\/www.duerp.com\/fr\/wp-json\/wp\/v2\/pages\/1397\" class=\"qtranxs-available-language-link qtranxs-available-language-link-fr\" title=\"Fran\u00e7ais\">French<\/a>. For the sake of viewer convenience, the content is shown below in the alternative language. You may click the link to switch the active language.<\/p><p>Identifier les postes concern\u00e9s :<\/p>\n<p>La vari\u00e9t\u00e9 des situations implique un travail d\u2019analyse des modalit\u00e9s d\u2019exposition dans l\u2019entreprise \u00e0 partir de crit\u00e8res objectifs :<\/p>\n<ul>\n<li>seuils<\/li>\n<li>limites<\/li>\n<li>intensit\u00e9s<\/li>\n<li>dur\u00e9es quotidiennes et\/ou hebdomadaires ou fr\u00e9quences d\u2019exposition<\/li>\n<li>moyens de protection existants<\/li>\n<\/ul>\n<p><\/p>","protected":false},"excerpt":{"rendered":"<p>Sorry, this entry is only available in French. For the sake of viewer convenience, the content is shown below in the alternative language. You may click the link to switch the active language.Identifier les postes concern\u00e9s : La vari\u00e9t\u00e9 des situations implique un travail d\u2019analyse des modalit\u00e9s d\u2019exposition dans l\u2019entreprise \u00e0 partir de crit\u00e8res objectifs&hellip;<\/p>\n","protected":false},"author":1,"featured_media":0,"parent":0,"menu_order":0,"comment_status":"closed","ping_status":"closed","template":"","meta":[],"_links":{"self":[{"href":"https:\/\/www.duerp.com\/en\/wp-json\/wp\/v2\/pages\/1397"}],"collection":[{"href":"https:\/\/www.duerp.com\/en\/wp-json\/wp\/v2\/pages"}],"about":[{"href":"https:\/\/www.duerp.com\/en\/wp-json\/wp\/v2\/types\/page"}],"author":[{"embeddable":true,"href":"https:\/\/www.duerp.com\/en\/wp-json\/wp\/v2\/users\/1"}],"replies":[{"embeddable":true,"href":"https:\/\/www.duerp.com\/en\/wp-json\/wp\/v2\/comments?post=1397"}],"version-history":[{"count":1,"href":"https:\/\/www.duerp.com\/en\/wp-json\/wp\/v2\/pages\/1397\/revisions"}],"predecessor-version":[{"id":1399,"href":"https:\/\/www.duerp.com\/en\/wp-json\/wp\/v2\/pages\/1397\/revisions\/1399"}],"wp:attachment":[{"href":"https:\/\/www.duerp.com\/en\/wp-json\/wp\/v2\/media?parent=1397"}],"curies":[{"name":"wp","href":"https:\/\/api.w.org\/{rel}","templated":true}]}}