{"id":1412,"date":"2016-06-10T13:59:31","date_gmt":"2016-06-10T11:59:31","guid":{"rendered":"http:\/\/duerp.com\/?page_id=1412"},"modified":"2016-06-10T13:59:31","modified_gmt":"2016-06-10T11:59:31","slug":"duerp-accompagne-employeurs-et-salaries-dans-la-prevention-de-la-penibilite","status":"publish","type":"page","link":"https:\/\/www.duerp.com\/en\/duerp-accompagne-employeurs-et-salaries-dans-la-prevention-de-la-penibilite\/","title":{"rendered":"(Fran\u00e7ais) DUERP accompagne employeurs et salari\u00e9s dans la pr\u00e9vention de la p\u00e9nibilit\u00e9"},"content":{"rendered":"<p class=\"qtranxs-available-languages-message qtranxs-available-languages-message-en\">Sorry, this entry is only available in <a href=\"https:\/\/www.duerp.com\/fr\/wp-json\/wp\/v2\/pages\/1412\" class=\"qtranxs-available-language-link qtranxs-available-language-link-fr\" title=\"Fran\u00e7ais\">French<\/a>. For the sake of viewer convenience, the content is shown below in the alternative language. You may click the link to switch the active language.<\/p><p>DUERP (expert en pr\u00e9vention des risques professionnels) se tient \u00e0 votre disposition pour :<\/p>\n<ul>\n<li>Vous conseiller sur la p\u00e9nibilit\u00e9 (expositions aux dangers, atteintes possibles \u00e0 la sant\u00e9) ;<\/li>\n<li>Vous aider \u00e0 \u00e9valuer l&#8217;ensemble de vos risques professionnels et en particulier les facteurs de p\u00e9nibilit\u00e9 en int\u00e9grant cette question dans la d\u00e9marche de r\u00e9daction du document unique ;<\/li>\n<li>Vous accompagner dans la d\u00e9finition et la mise en place de moyens de pr\u00e9vention.<\/li>\n<\/ul>\n<p>Notre progiciel, en plus de ses fonctions d&#8217;\u00e9laboration du Document Unique, vous permet de cr\u00e9er et g\u00e9rer simplement et rapidement vos fiches d&#8217;exposition individuelle \u00e0 la p\u00e9nibilit\u00e9 \u00e0 partir de votre document unique et de vos facteurs de p\u00e9nibilit\u00e9 identifi\u00e9s. Ceci vous permet tr\u00e8s rapidement de retracer le parcours des salari\u00e9s en fonction des postes occup\u00e9s. Le module de p\u00e9nibilit\u00e9 vous permettra de g\u00e9n\u00e9rer automatiquement et d&#8217;imprimer rapidement les fiches individuelles d&#8217;exposition de chacun de vos salari\u00e9s, et ce en conformit\u00e9 avec la r\u00e9glementation.<\/p>","protected":false},"excerpt":{"rendered":"<p>Sorry, this entry is only available in French. For the sake of viewer convenience, the content is shown below in the alternative language. You may click the link to switch the active language.DUERP (expert en pr\u00e9vention des risques professionnels) se tient \u00e0 votre disposition pour : Vous conseiller sur la p\u00e9nibilit\u00e9 (expositions aux dangers, atteintes&hellip;<\/p>\n","protected":false},"author":1,"featured_media":0,"parent":0,"menu_order":0,"comment_status":"closed","ping_status":"closed","template":"","meta":[],"_links":{"self":[{"href":"https:\/\/www.duerp.com\/en\/wp-json\/wp\/v2\/pages\/1412"}],"collection":[{"href":"https:\/\/www.duerp.com\/en\/wp-json\/wp\/v2\/pages"}],"about":[{"href":"https:\/\/www.duerp.com\/en\/wp-json\/wp\/v2\/types\/page"}],"author":[{"embeddable":true,"href":"https:\/\/www.duerp.com\/en\/wp-json\/wp\/v2\/users\/1"}],"replies":[{"embeddable":true,"href":"https:\/\/www.duerp.com\/en\/wp-json\/wp\/v2\/comments?post=1412"}],"version-history":[{"count":1,"href":"https:\/\/www.duerp.com\/en\/wp-json\/wp\/v2\/pages\/1412\/revisions"}],"predecessor-version":[{"id":1414,"href":"https:\/\/www.duerp.com\/en\/wp-json\/wp\/v2\/pages\/1412\/revisions\/1414"}],"wp:attachment":[{"href":"https:\/\/www.duerp.com\/en\/wp-json\/wp\/v2\/media?parent=1412"}],"curies":[{"name":"wp","href":"https:\/\/api.w.org\/{rel}","templated":true}]}}