{"id":1433,"date":"2016-06-10T14:13:54","date_gmt":"2016-06-10T12:13:54","guid":{"rendered":"http:\/\/duerp.com\/?page_id=1433"},"modified":"2016-06-10T14:13:54","modified_gmt":"2016-06-10T12:13:54","slug":"prevention-des-risques-comment-informer-ses-salaries","status":"publish","type":"page","link":"https:\/\/www.duerp.com\/en\/prevention-des-risques-comment-informer-ses-salaries\/","title":{"rendered":"(Fran\u00e7ais) Pr\u00e9vention des risques, comment informer ses salari\u00e9s ?"},"content":{"rendered":"<p class=\"qtranxs-available-languages-message qtranxs-available-languages-message-en\">Sorry, this entry is only available in <a href=\"https:\/\/www.duerp.com\/fr\/wp-json\/wp\/v2\/pages\/1433\" class=\"qtranxs-available-language-link qtranxs-available-language-link-fr\" title=\"Fran\u00e7ais\">French<\/a>. For the sake of viewer convenience, the content is shown below in the alternative language. You may click the link to switch the active language.<\/p><p><strong>Question <\/strong>: Pr\u00e9vention des risques, comment informer ses salari\u00e9s ?<\/p>\n<p><strong>R\u00e9ponse <\/strong>: L\u2019employeur informe les travailleurs sur les risques pour leur sant\u00e9 et leur s\u00e9curit\u00e9 d\u2019une mani\u00e8re compr\u00e9hensible pour chacun. Cette information est dispens\u00e9e lors de l\u2019embauche et chaque fois que n\u00e9cessaire.<\/p>\n<p>Elle porte sur :<\/p>\n<ul>\n<li>Les modalit\u00e9s d\u2019acc\u00e8s au document unique d\u2019\u00e9valuation des risques, mentionn\u00e9 ci-dessus ;<\/li>\n<li>Les mesures de pr\u00e9vention des risques identifi\u00e9s dans le document unique d\u2019\u00e9valuation des risques ;<\/li>\n<li>Le r\u00f4le du service de sant\u00e9 au travail et, le cas \u00e9ch\u00e9ant, des repr\u00e9sentants du personnel en mati\u00e8re de pr\u00e9vention des risques professionnels ;<\/li>\n<li>Le cas \u00e9ch\u00e9ant, les dispositions contenues dans le r\u00e8glement int\u00e9rieur, relatives \u00e0 la s\u00e9curit\u00e9 et aux conditions de travail ;<\/li>\n<\/ul>\n<p>Les consignes de s\u00e9curit\u00e9 incendie et instructions mentionn\u00e9es \u00e0 l\u2019article R. 4227-37 du code du travail ainsi que l\u2019identit\u00e9 des personnes charg\u00e9es de la mise en \u0153uvre des mesures pr\u00e9vues \u00e0 l\u2019article R. 4227-38 du m\u00eame code.<\/p>\n<p>Le temps consacr\u00e9 \u00e0 cette information est consid\u00e9r\u00e9 comme temps de travail. L\u2019information se d\u00e9roule pendant l\u2019horaire normal de travail.<\/p>","protected":false},"excerpt":{"rendered":"<p>Sorry, this entry is only available in French. For the sake of viewer convenience, the content is shown below in the alternative language. You may click the link to switch the active language.Question : Pr\u00e9vention des risques, comment informer ses salari\u00e9s ? R\u00e9ponse : L\u2019employeur informe les travailleurs sur les risques pour leur sant\u00e9 et&hellip;<\/p>\n","protected":false},"author":1,"featured_media":0,"parent":0,"menu_order":0,"comment_status":"closed","ping_status":"closed","template":"","meta":[],"_links":{"self":[{"href":"https:\/\/www.duerp.com\/en\/wp-json\/wp\/v2\/pages\/1433"}],"collection":[{"href":"https:\/\/www.duerp.com\/en\/wp-json\/wp\/v2\/pages"}],"about":[{"href":"https:\/\/www.duerp.com\/en\/wp-json\/wp\/v2\/types\/page"}],"author":[{"embeddable":true,"href":"https:\/\/www.duerp.com\/en\/wp-json\/wp\/v2\/users\/1"}],"replies":[{"embeddable":true,"href":"https:\/\/www.duerp.com\/en\/wp-json\/wp\/v2\/comments?post=1433"}],"version-history":[{"count":1,"href":"https:\/\/www.duerp.com\/en\/wp-json\/wp\/v2\/pages\/1433\/revisions"}],"predecessor-version":[{"id":1435,"href":"https:\/\/www.duerp.com\/en\/wp-json\/wp\/v2\/pages\/1433\/revisions\/1435"}],"wp:attachment":[{"href":"https:\/\/www.duerp.com\/en\/wp-json\/wp\/v2\/media?parent=1433"}],"curies":[{"name":"wp","href":"https:\/\/api.w.org\/{rel}","templated":true}]}}