{"id":1439,"date":"2016-06-10T14:15:33","date_gmt":"2016-06-10T12:15:33","guid":{"rendered":"http:\/\/duerp.com\/?page_id=1439"},"modified":"2016-06-10T14:15:33","modified_gmt":"2016-06-10T12:15:33","slug":"quelles-actions-de-prevention-une-entreprise-doit-elle-mettre-en-oeuvre","status":"publish","type":"page","link":"https:\/\/www.duerp.com\/en\/quelles-actions-de-prevention-une-entreprise-doit-elle-mettre-en-oeuvre\/","title":{"rendered":"(Fran\u00e7ais) Quelles actions de pr\u00e9vention une entreprise doit-elle mettre en oeuvre ?"},"content":{"rendered":"<p class=\"qtranxs-available-languages-message qtranxs-available-languages-message-en\">Sorry, this entry is only available in <a href=\"https:\/\/www.duerp.com\/fr\/wp-json\/wp\/v2\/pages\/1439\" class=\"qtranxs-available-language-link qtranxs-available-language-link-fr\" title=\"Fran\u00e7ais\">French<\/a>. For the sake of viewer convenience, the content is shown below in the alternative language. You may click the link to switch the active language.<\/p><p><strong>Question <\/strong>: Quelles actions de pr\u00e9vention une entreprise doit-elle mettre en oeuvre ?<\/p>\n<p><strong>R\u00e9ponse <\/strong>: Outre l\u2019obligation de faire respecter les consignes de s\u00e9curit\u00e9, l\u2019employeur doit mettre en \u0153uvre des actions de pr\u00e9vention appropri\u00e9es, parmi lesquelles figure l\u2019information et la formation des salari\u00e9s \u00e0 la s\u00e9curit\u00e9, impos\u00e9e par le Code du travail. L\u2019employeur a \u00e9galement l\u2019obligation de pr\u00e9senter au CHSCT (ou \u00e0 d\u00e9faut, aux DP), au moins une fois par an, un programme annuel de pr\u00e9vention des risques professionnels et d\u2019am\u00e9lioration des conditions de travail.<\/p>","protected":false},"excerpt":{"rendered":"<p>Sorry, this entry is only available in French. For the sake of viewer convenience, the content is shown below in the alternative language. You may click the link to switch the active language.Question : Quelles actions de pr\u00e9vention une entreprise doit-elle mettre en oeuvre ? R\u00e9ponse : Outre l\u2019obligation de faire respecter les consignes de&hellip;<\/p>\n","protected":false},"author":1,"featured_media":0,"parent":0,"menu_order":0,"comment_status":"closed","ping_status":"closed","template":"","meta":[],"_links":{"self":[{"href":"https:\/\/www.duerp.com\/en\/wp-json\/wp\/v2\/pages\/1439"}],"collection":[{"href":"https:\/\/www.duerp.com\/en\/wp-json\/wp\/v2\/pages"}],"about":[{"href":"https:\/\/www.duerp.com\/en\/wp-json\/wp\/v2\/types\/page"}],"author":[{"embeddable":true,"href":"https:\/\/www.duerp.com\/en\/wp-json\/wp\/v2\/users\/1"}],"replies":[{"embeddable":true,"href":"https:\/\/www.duerp.com\/en\/wp-json\/wp\/v2\/comments?post=1439"}],"version-history":[{"count":1,"href":"https:\/\/www.duerp.com\/en\/wp-json\/wp\/v2\/pages\/1439\/revisions"}],"predecessor-version":[{"id":1441,"href":"https:\/\/www.duerp.com\/en\/wp-json\/wp\/v2\/pages\/1439\/revisions\/1441"}],"wp:attachment":[{"href":"https:\/\/www.duerp.com\/en\/wp-json\/wp\/v2\/media?parent=1439"}],"curies":[{"name":"wp","href":"https:\/\/api.w.org\/{rel}","templated":true}]}}