{"id":1452,"date":"2016-06-10T15:34:54","date_gmt":"2016-06-10T13:34:54","guid":{"rendered":"http:\/\/duerp.com\/?page_id=1452"},"modified":"2016-06-10T15:34:54","modified_gmt":"2016-06-10T13:34:54","slug":"evaluer-les-risques-quelles-obligations","status":"publish","type":"page","link":"https:\/\/www.duerp.com\/en\/evaluer-les-risques-quelles-obligations\/","title":{"rendered":"(Fran\u00e7ais) Evaluer les risques : quelles obligations ?"},"content":{"rendered":"<p class=\"qtranxs-available-languages-message qtranxs-available-languages-message-en\">Sorry, this entry is only available in <a href=\"https:\/\/www.duerp.com\/fr\/wp-json\/wp\/v2\/pages\/1452\" class=\"qtranxs-available-language-link qtranxs-available-language-link-fr\" title=\"Fran\u00e7ais\">French<\/a>. For the sake of viewer convenience, the content is shown below in the alternative language. You may click the link to switch the active language.<\/p><p><strong>Question<\/strong> : Evaluer les risques : quelles obligations ?<\/p>\n<p><strong>R\u00e9ponse <\/strong>: L\u2019\u00e9valuation des risques consiste \u00e0 appr\u00e9hender les dangers pour la sant\u00e9 et la s\u00e9curit\u00e9 des travailleurs dans tous les aspects li\u00e9s \u00e0 l\u2019activit\u00e9 de l\u2019entreprise. Il s\u2019agit d\u2019un travail d\u2019analyse des modalit\u00e9s d\u2019exposition des salari\u00e9s \u00e0 :<\/p>\n<ul>\n<li>des dangers (rep\u00e9rage d\u2019un \u00e9quipement, d\u2019une substance, d\u2019une m\u00e9thode de travail susceptible de causer un dommage pour la sant\u00e9\u2026) ;<\/li>\n<li>des facteurs de risques (conditions de travail, contraintes subies, marges de man\u0153uvre dont disposent les salari\u00e9s dans l\u2019exercice de leur activit\u00e9).<\/li>\n<\/ul>\n<p>L\u2019\u00e9valuation doit \u00eatre op\u00e9r\u00e9e pour chaque unit\u00e9 de travail (poste de travail, ensemble de postes aux caract\u00e9ristiques communes\u2026 ) :<\/p>\n<ul>\n<li>r\u00e9guli\u00e8rement, au moins une fois par an ;<\/li>\n<li>lors du choix des proc\u00e9d\u00e9s de fabrication, des \u00e9quipements de travail, des substances et pr\u00e9parations chimiques ;<\/li>\n<li>\u00e0 l\u2019occasion de l\u2019am\u00e9nagement des lieux de travail ou des installations et de la d\u00e9finition des postes de travail ;<\/li>\n<li>lors de toute transformation importante des postes, cons\u00e9cutive \u00e0 la modification de l\u2019outillage ou de l\u2019organisation du travail, au changement d\u2019\u00e9quipement, de cadences, de normes de productivit\u00e9\u2026<\/li>\n<\/ul>\n<p>Ses r\u00e9sultats sont obligatoirement consign\u00e9s dans un document unique et donnent lieu, si n\u00e9cessaire, \u00e0 la mise en \u0153uvre d\u2019actions de pr\u00e9vention.<\/p>","protected":false},"excerpt":{"rendered":"<p>Sorry, this entry is only available in French. For the sake of viewer convenience, the content is shown below in the alternative language. You may click the link to switch the active language.Question : Evaluer les risques : quelles obligations ? R\u00e9ponse : L\u2019\u00e9valuation des risques consiste \u00e0 appr\u00e9hender les dangers pour la sant\u00e9 et&hellip;<\/p>\n","protected":false},"author":1,"featured_media":0,"parent":0,"menu_order":0,"comment_status":"closed","ping_status":"closed","template":"","meta":[],"_links":{"self":[{"href":"https:\/\/www.duerp.com\/en\/wp-json\/wp\/v2\/pages\/1452"}],"collection":[{"href":"https:\/\/www.duerp.com\/en\/wp-json\/wp\/v2\/pages"}],"about":[{"href":"https:\/\/www.duerp.com\/en\/wp-json\/wp\/v2\/types\/page"}],"author":[{"embeddable":true,"href":"https:\/\/www.duerp.com\/en\/wp-json\/wp\/v2\/users\/1"}],"replies":[{"embeddable":true,"href":"https:\/\/www.duerp.com\/en\/wp-json\/wp\/v2\/comments?post=1452"}],"version-history":[{"count":1,"href":"https:\/\/www.duerp.com\/en\/wp-json\/wp\/v2\/pages\/1452\/revisions"}],"predecessor-version":[{"id":1454,"href":"https:\/\/www.duerp.com\/en\/wp-json\/wp\/v2\/pages\/1452\/revisions\/1454"}],"wp:attachment":[{"href":"https:\/\/www.duerp.com\/en\/wp-json\/wp\/v2\/media?parent=1452"}],"curies":[{"name":"wp","href":"https:\/\/api.w.org\/{rel}","templated":true}]}}