{"id":1464,"date":"2016-06-10T15:37:56","date_gmt":"2016-06-10T13:37:56","guid":{"rendered":"http:\/\/duerp.com\/?page_id=1464"},"modified":"2016-06-10T15:37:56","modified_gmt":"2016-06-10T13:37:56","slug":"comment-soigner-les-troubles-musculo-squelettiques","status":"publish","type":"page","link":"https:\/\/www.duerp.com\/en\/comment-soigner-les-troubles-musculo-squelettiques\/","title":{"rendered":"(Fran\u00e7ais) Comment soigner les troubles musculo-squelettiques ?"},"content":{"rendered":"<p class=\"qtranxs-available-languages-message qtranxs-available-languages-message-en\">Sorry, this entry is only available in <a href=\"https:\/\/www.duerp.com\/fr\/wp-json\/wp\/v2\/pages\/1464\" class=\"qtranxs-available-language-link qtranxs-available-language-link-fr\" title=\"Fran\u00e7ais\">French<\/a>. For the sake of viewer convenience, the content is shown below in the alternative language. You may click the link to switch the active language.<\/p><p><strong>Question<\/strong>: Comment soigner les troubles musculo-squelettiques ?<\/p>\n<p><strong>Reponse<\/strong>: La plupart des TMS sont soign\u00e9s avec les traitements suivants, adapt\u00e9s \u00e0 chaque cas par le m\u00e9decin traitant en coordination avec des m\u00e9decins sp\u00e9cialistes :<\/p>\n<ul>\n<li>si possible, arr\u00eat des activit\u00e9s de force, r\u00e9p\u00e9titives ou posturales provoquant les douleurs et limitation des mouvements \u00e0 ceux qui ne sont pas douloureux ;<\/li>\n<li>immobilisation par orth\u00e8ses de l&#8217;articulation douloureuse ;<\/li>\n<li>prescription d&#8217;antalgiques et d&#8217;anti-inflammatoires ;<\/li>\n<li>infiltrations de cortico\u00efdes ;<\/li>\n<li>massage, physioth\u00e9rapie, r\u00e9\u00e9ducation, etc.<\/li>\n<\/ul>\n<p>Certains TMS n\u00e9cessitent une intervention chirurgicale.<\/p>","protected":false},"excerpt":{"rendered":"<p>Sorry, this entry is only available in French. For the sake of viewer convenience, the content is shown below in the alternative language. You may click the link to switch the active language.Question: Comment soigner les troubles musculo-squelettiques ? Reponse: La plupart des TMS sont soign\u00e9s avec les traitements suivants, adapt\u00e9s \u00e0 chaque cas par&hellip;<\/p>\n","protected":false},"author":1,"featured_media":0,"parent":0,"menu_order":0,"comment_status":"closed","ping_status":"closed","template":"","meta":[],"_links":{"self":[{"href":"https:\/\/www.duerp.com\/en\/wp-json\/wp\/v2\/pages\/1464"}],"collection":[{"href":"https:\/\/www.duerp.com\/en\/wp-json\/wp\/v2\/pages"}],"about":[{"href":"https:\/\/www.duerp.com\/en\/wp-json\/wp\/v2\/types\/page"}],"author":[{"embeddable":true,"href":"https:\/\/www.duerp.com\/en\/wp-json\/wp\/v2\/users\/1"}],"replies":[{"embeddable":true,"href":"https:\/\/www.duerp.com\/en\/wp-json\/wp\/v2\/comments?post=1464"}],"version-history":[{"count":1,"href":"https:\/\/www.duerp.com\/en\/wp-json\/wp\/v2\/pages\/1464\/revisions"}],"predecessor-version":[{"id":1466,"href":"https:\/\/www.duerp.com\/en\/wp-json\/wp\/v2\/pages\/1464\/revisions\/1466"}],"wp:attachment":[{"href":"https:\/\/www.duerp.com\/en\/wp-json\/wp\/v2\/media?parent=1464"}],"curies":[{"name":"wp","href":"https:\/\/api.w.org\/{rel}","templated":true}]}}