{"id":1467,"date":"2016-06-10T15:38:27","date_gmt":"2016-06-10T13:38:27","guid":{"rendered":"http:\/\/duerp.com\/?page_id=1467"},"modified":"2016-06-10T15:38:27","modified_gmt":"2016-06-10T13:38:27","slug":"comment-reconnaitre-les-troubles-musculosquelettiques","status":"publish","type":"page","link":"https:\/\/www.duerp.com\/en\/comment-reconnaitre-les-troubles-musculosquelettiques\/","title":{"rendered":"(Fran\u00e7ais) Comment reconna\u00eetre les troubles musculosquelettiques ?"},"content":{"rendered":"<p class=\"qtranxs-available-languages-message qtranxs-available-languages-message-en\">Sorry, this entry is only available in <a href=\"https:\/\/www.duerp.com\/fr\/wp-json\/wp\/v2\/pages\/1467\" class=\"qtranxs-available-language-link qtranxs-available-language-link-fr\" title=\"Fran\u00e7ais\">French<\/a>. For the sake of viewer convenience, the content is shown below in the alternative language. You may click the link to switch the active language.<\/p><p><strong>Question<\/strong>: Comment reconna\u00eetre les troubles musculosquelettiques ?<\/p>\n<p><strong>R\u00e9ponse<\/strong>: Les sympt\u00f4mes des TMS d\u00e9pendent de la localisation et de la nature de l&#8217;affection. Ils sont faiblement ressentis au d\u00e9but, et l&#8217;\u00e9volution se fait g\u00e9n\u00e9ralement en plusieurs phases.<\/p>\n<p>Le stade initial : les douleurs et une g\u00eane fonctionnelle (perte de mobilit\u00e9 ou de force) apparaissent pendant l&#8217;activit\u00e9 exerc\u00e9e. Elles disparaissent le soir, au repos, et ne r\u00e9duisent pas la capacit\u00e9 de travail.<\/p>\n<p>Le stade interm\u00e9diaire : les douleurs et une g\u00eane fonctionnelle d\u00e9butent de plus en plus t\u00f4t dans la journ\u00e9e, et persistent le soir ou au repos. Elles r\u00e9duisent la capacit\u00e9 de travail.<\/p>\n<p>Le stade de pathologie av\u00e9r\u00e9e : les signes sont plus sp\u00e9cifiques, selon la nature de l&#8217;affection (signes d&#8217;inflammation, perte de mobilit\u00e9 articulaire ou de force, fonte musculaire&#8230;). Ils s&#8217;accompagnent d&#8217;une incapacit\u00e9 \u00e0 accomplir son travail.<\/p>","protected":false},"excerpt":{"rendered":"<p>Sorry, this entry is only available in French. For the sake of viewer convenience, the content is shown below in the alternative language. You may click the link to switch the active language.Question: Comment reconna\u00eetre les troubles musculosquelettiques ? R\u00e9ponse: Les sympt\u00f4mes des TMS d\u00e9pendent de la localisation et de la nature de l&#8217;affection. Ils&hellip;<\/p>\n","protected":false},"author":1,"featured_media":0,"parent":0,"menu_order":0,"comment_status":"closed","ping_status":"closed","template":"","meta":[],"_links":{"self":[{"href":"https:\/\/www.duerp.com\/en\/wp-json\/wp\/v2\/pages\/1467"}],"collection":[{"href":"https:\/\/www.duerp.com\/en\/wp-json\/wp\/v2\/pages"}],"about":[{"href":"https:\/\/www.duerp.com\/en\/wp-json\/wp\/v2\/types\/page"}],"author":[{"embeddable":true,"href":"https:\/\/www.duerp.com\/en\/wp-json\/wp\/v2\/users\/1"}],"replies":[{"embeddable":true,"href":"https:\/\/www.duerp.com\/en\/wp-json\/wp\/v2\/comments?post=1467"}],"version-history":[{"count":1,"href":"https:\/\/www.duerp.com\/en\/wp-json\/wp\/v2\/pages\/1467\/revisions"}],"predecessor-version":[{"id":1469,"href":"https:\/\/www.duerp.com\/en\/wp-json\/wp\/v2\/pages\/1467\/revisions\/1469"}],"wp:attachment":[{"href":"https:\/\/www.duerp.com\/en\/wp-json\/wp\/v2\/media?parent=1467"}],"curies":[{"name":"wp","href":"https:\/\/api.w.org\/{rel}","templated":true}]}}