{"id":1470,"date":"2016-06-10T15:39:02","date_gmt":"2016-06-10T13:39:02","guid":{"rendered":"http:\/\/duerp.com\/?page_id=1470"},"modified":"2016-06-10T15:39:02","modified_gmt":"2016-06-10T13:39:02","slug":"comment-et-a-qui-est-declare-laccident-du-travail-dun-salarie","status":"publish","type":"page","link":"https:\/\/www.duerp.com\/en\/comment-et-a-qui-est-declare-laccident-du-travail-dun-salarie\/","title":{"rendered":"(Fran\u00e7ais) Comment et \u00e0 qui est d\u00e9clar\u00e9 l\u2019accident du travail d\u2019un salari\u00e9 ?"},"content":{"rendered":"<p class=\"qtranxs-available-languages-message qtranxs-available-languages-message-en\">Sorry, this entry is only available in <a href=\"https:\/\/www.duerp.com\/fr\/wp-json\/wp\/v2\/pages\/1470\" class=\"qtranxs-available-language-link qtranxs-available-language-link-fr\" title=\"Fran\u00e7ais\">French<\/a>. For the sake of viewer convenience, the content is shown below in the alternative language. You may click the link to switch the active language.<\/p><p><strong>Question<\/strong>: Comment et \u00e0 qui est d\u00e9clar\u00e9 l\u2019accident du travail d\u2019un salari\u00e9 ?<\/p>\n<p><strong>R\u00e9ponse <\/strong>: Le salari\u00e9 victime d\u2019un accident du travail doit en informer son employeur dans les 24 heures. Celui-ci a l\u2019obligation de le d\u00e9clarer \u00e0 la Caisse primaire d\u2019assurance maladie (CPAM) dont rel\u00e8ve la victime dans les 48 heures. La CPAM transmet ensuite la d\u00e9claration d\u2019accidents \u00e0 la Caisse d\u2019assurance retraite et de la sant\u00e9 au travail (CARSAT, anciennement CRAM) dont d\u00e9pend l\u2019\u00e9tablissement employeur. Les renseignements recueillis par chacune de ces caisses (frais engendr\u00e9s \u00e0 la suite du sinistre pour imputation au compte employeur, causes du sinistre et l\u00e9sions physiques, etc.) sont enfin centralis\u00e9s par la Caisse nationale d\u2019assurance maladie des travailleurs salari\u00e9s (CNAMTS) afin d\u2019\u00e9tablir les statistiques des accidents du travail et des maladies professionnelles.<\/p>","protected":false},"excerpt":{"rendered":"<p>Sorry, this entry is only available in French. For the sake of viewer convenience, the content is shown below in the alternative language. You may click the link to switch the active language.Question: Comment et \u00e0 qui est d\u00e9clar\u00e9 l\u2019accident du travail d\u2019un salari\u00e9 ? R\u00e9ponse : Le salari\u00e9 victime d\u2019un accident du travail doit&hellip;<\/p>\n","protected":false},"author":1,"featured_media":0,"parent":0,"menu_order":0,"comment_status":"closed","ping_status":"closed","template":"","meta":[],"_links":{"self":[{"href":"https:\/\/www.duerp.com\/en\/wp-json\/wp\/v2\/pages\/1470"}],"collection":[{"href":"https:\/\/www.duerp.com\/en\/wp-json\/wp\/v2\/pages"}],"about":[{"href":"https:\/\/www.duerp.com\/en\/wp-json\/wp\/v2\/types\/page"}],"author":[{"embeddable":true,"href":"https:\/\/www.duerp.com\/en\/wp-json\/wp\/v2\/users\/1"}],"replies":[{"embeddable":true,"href":"https:\/\/www.duerp.com\/en\/wp-json\/wp\/v2\/comments?post=1470"}],"version-history":[{"count":1,"href":"https:\/\/www.duerp.com\/en\/wp-json\/wp\/v2\/pages\/1470\/revisions"}],"predecessor-version":[{"id":1472,"href":"https:\/\/www.duerp.com\/en\/wp-json\/wp\/v2\/pages\/1470\/revisions\/1472"}],"wp:attachment":[{"href":"https:\/\/www.duerp.com\/en\/wp-json\/wp\/v2\/media?parent=1470"}],"curies":[{"name":"wp","href":"https:\/\/api.w.org\/{rel}","templated":true}]}}