{"id":1484,"date":"2016-06-10T16:09:00","date_gmt":"2016-06-10T14:09:00","guid":{"rendered":"http:\/\/duerp.com\/?page_id=1484"},"modified":"2016-06-10T16:09:00","modified_gmt":"2016-06-10T14:09:00","slug":"je-ne-souhaite-pas-rediger-de-document-unique-quels-sont-les-risques-que-jencours","status":"publish","type":"page","link":"https:\/\/www.duerp.com\/en\/je-ne-souhaite-pas-rediger-de-document-unique-quels-sont-les-risques-que-jencours\/","title":{"rendered":"(Fran\u00e7ais) Je ne souhaite pas r\u00e9diger de Document Unique, quels sont les risques que j&#8217;encours ?"},"content":{"rendered":"<p class=\"qtranxs-available-languages-message qtranxs-available-languages-message-en\">Sorry, this entry is only available in <a href=\"https:\/\/www.duerp.com\/fr\/wp-json\/wp\/v2\/pages\/1484\" class=\"qtranxs-available-language-link qtranxs-available-language-link-fr\" title=\"Fran\u00e7ais\">French<\/a>. For the sake of viewer convenience, the content is shown below in the alternative language. You may click the link to switch the active language.<\/p><p>[vc_row][vc_column][vc_column_text]<strong>Question<\/strong>: Je ne souhaite pas r\u00e9diger de Document Unique, quels sont les risques que j&#8217;encours ?<\/p>\n<p><strong>R\u00e9ponse <\/strong>:Le document unique doit \u00eatre tenu \u00e0 disposition des inspecteurs du travail ainsi que de la m\u00e9decine du travail. Quand le document unique n\u2019existe pas, qu\u2019il est insuffisant ou non mis \u00e0 jour au moins une fois par an, l\u2019entreprise risque une amende d&#8217;un minimum de 1 500\u20ac.<\/p>\n<p>De plus tous document unique non accessible aux salari\u00e9s d\u2019une soci\u00e9t\u00e9 peu \u00e9galement entra\u00eener des poursuites contre le dirigeant. En cas d\u2019accident du travail, l\u2019absence de Document Unique entraine une faute inexcusable pour l\u2019employeur. C\u2019est sa responsabilit\u00e9 civile qui est alors directement engag\u00e9.<\/p>\n<p>Pourtant, r\u00e9duire les risques professionnels de vos salari\u00e9s peut vous donner acc\u00e8s \u00e0 un certain nombre de r\u00e9ductions (cr\u00e9dit d\u2019imp\u00f4t, baisse de votre taux AT\/MP [Accidents du travail \/ Maladies professionnels]\u2026)<\/p>\n<p>Ne pas avoir de Document Unique est donc un risque inutile. Optimiser le cadre professionnel de vos collaborateurs, essayer DUERP \u00ae[\/vc_column_text][\/vc_column][\/vc_row]<\/p>","protected":false},"excerpt":{"rendered":"<p>Sorry, this entry is only available in French. For the sake of viewer convenience, the content is shown below in the alternative language. You may click the link to switch the active language.[vc_row][vc_column][vc_column_text]Question: Je ne souhaite pas r\u00e9diger de Document Unique, quels sont les risques que j&#8217;encours ? R\u00e9ponse :Le document unique doit \u00eatre tenu&hellip;<\/p>\n","protected":false},"author":1,"featured_media":0,"parent":0,"menu_order":0,"comment_status":"closed","ping_status":"closed","template":"","meta":[],"_links":{"self":[{"href":"https:\/\/www.duerp.com\/en\/wp-json\/wp\/v2\/pages\/1484"}],"collection":[{"href":"https:\/\/www.duerp.com\/en\/wp-json\/wp\/v2\/pages"}],"about":[{"href":"https:\/\/www.duerp.com\/en\/wp-json\/wp\/v2\/types\/page"}],"author":[{"embeddable":true,"href":"https:\/\/www.duerp.com\/en\/wp-json\/wp\/v2\/users\/1"}],"replies":[{"embeddable":true,"href":"https:\/\/www.duerp.com\/en\/wp-json\/wp\/v2\/comments?post=1484"}],"version-history":[{"count":1,"href":"https:\/\/www.duerp.com\/en\/wp-json\/wp\/v2\/pages\/1484\/revisions"}],"predecessor-version":[{"id":1486,"href":"https:\/\/www.duerp.com\/en\/wp-json\/wp\/v2\/pages\/1484\/revisions\/1486"}],"wp:attachment":[{"href":"https:\/\/www.duerp.com\/en\/wp-json\/wp\/v2\/media?parent=1484"}],"curies":[{"name":"wp","href":"https:\/\/api.w.org\/{rel}","templated":true}]}}