{"id":1490,"date":"2016-06-10T16:11:02","date_gmt":"2016-06-10T14:11:02","guid":{"rendered":"http:\/\/duerp.com\/?page_id=1490"},"modified":"2016-06-10T16:11:02","modified_gmt":"2016-06-10T14:11:02","slug":"quest-ce-que-le-document-unique","status":"publish","type":"page","link":"https:\/\/www.duerp.com\/en\/quest-ce-que-le-document-unique\/","title":{"rendered":"(Fran\u00e7ais) Qu\u2019est-ce que le Document Unique ?"},"content":{"rendered":"<p class=\"qtranxs-available-languages-message qtranxs-available-languages-message-en\">Sorry, this entry is only available in <a href=\"https:\/\/www.duerp.com\/fr\/wp-json\/wp\/v2\/pages\/1490\" class=\"qtranxs-available-language-link qtranxs-available-language-link-fr\" title=\"Fran\u00e7ais\">French<\/a>. For the sake of viewer convenience, the content is shown below in the alternative language. You may click the link to switch the active language.<\/p><p><strong>Question<\/strong>: Qu\u2019est-ce que le Document Unique ?<\/p>\n<p><strong>R\u00e9ponse <\/strong>:Cr\u00e9er par le d\u00e9cret n\u00b0 2001-1016 du 5 novembre 2001, le Document Unique ou Document Unique d\u2019\u00e9valuation des risques est une obligation impos\u00e9e aux chefs d\u2019entreprises par le code du travail (article R. 4121-1), il a pour but de r\u00e9unir sur un m\u00eame support l\u2019ensemble des risques pouvant nuire \u00e0 la s\u00e9curit\u00e9 de vos collaborateurs, de fa\u00e7on hi\u00e9rarchique en fonction des diff\u00e9rents postes occup\u00e9s par vos salari\u00e9s au sein de vos diff\u00e9rentes activit\u00e9s. Cette obligation prend \u00e9galement en compte la mise a jour des moyens de pr\u00e9vention existants et \u00e0 engager, et leurs applications.<\/p>","protected":false},"excerpt":{"rendered":"<p>Sorry, this entry is only available in French. For the sake of viewer convenience, the content is shown below in the alternative language. You may click the link to switch the active language.Question: Qu\u2019est-ce que le Document Unique ? R\u00e9ponse :Cr\u00e9er par le d\u00e9cret n\u00b0 2001-1016 du 5 novembre 2001, le Document Unique ou Document&hellip;<\/p>\n","protected":false},"author":1,"featured_media":0,"parent":0,"menu_order":0,"comment_status":"closed","ping_status":"closed","template":"","meta":[],"_links":{"self":[{"href":"https:\/\/www.duerp.com\/en\/wp-json\/wp\/v2\/pages\/1490"}],"collection":[{"href":"https:\/\/www.duerp.com\/en\/wp-json\/wp\/v2\/pages"}],"about":[{"href":"https:\/\/www.duerp.com\/en\/wp-json\/wp\/v2\/types\/page"}],"author":[{"embeddable":true,"href":"https:\/\/www.duerp.com\/en\/wp-json\/wp\/v2\/users\/1"}],"replies":[{"embeddable":true,"href":"https:\/\/www.duerp.com\/en\/wp-json\/wp\/v2\/comments?post=1490"}],"version-history":[{"count":1,"href":"https:\/\/www.duerp.com\/en\/wp-json\/wp\/v2\/pages\/1490\/revisions"}],"predecessor-version":[{"id":1492,"href":"https:\/\/www.duerp.com\/en\/wp-json\/wp\/v2\/pages\/1490\/revisions\/1492"}],"wp:attachment":[{"href":"https:\/\/www.duerp.com\/en\/wp-json\/wp\/v2\/media?parent=1490"}],"curies":[{"name":"wp","href":"https:\/\/api.w.org\/{rel}","templated":true}]}}