{"id":1493,"date":"2016-06-10T16:11:49","date_gmt":"2016-06-10T14:11:49","guid":{"rendered":"http:\/\/duerp.com\/?page_id=1493"},"modified":"2016-06-10T16:11:49","modified_gmt":"2016-06-10T14:11:49","slug":"quelles-sont-les-entreprises-concernees","status":"publish","type":"page","link":"https:\/\/www.duerp.com\/en\/quelles-sont-les-entreprises-concernees\/","title":{"rendered":"(Fran\u00e7ais) Quelles sont les entreprises concern\u00e9es ?"},"content":{"rendered":"<p class=\"qtranxs-available-languages-message qtranxs-available-languages-message-en\">Sorry, this entry is only available in <a href=\"https:\/\/www.duerp.com\/fr\/wp-json\/wp\/v2\/pages\/1493\" class=\"qtranxs-available-language-link qtranxs-available-language-link-fr\" title=\"Fran\u00e7ais\">French<\/a>. For the sake of viewer convenience, the content is shown below in the alternative language. You may click the link to switch the active language.<\/p><p><strong>Question<\/strong>: Quelles sont les entreprises concern\u00e9es ?<\/p>\n<p><strong>R\u00e9ponse <\/strong>: Toutes les entreprises ayant au moins 1 salari\u00e9 sont concern\u00e9es, quelque soit la nature de leurs activit\u00e9s.<\/p>","protected":false},"excerpt":{"rendered":"<p>Sorry, this entry is only available in French. For the sake of viewer convenience, the content is shown below in the alternative language. You may click the link to switch the active language.Question: Quelles sont les entreprises concern\u00e9es ? R\u00e9ponse : Toutes les entreprises ayant au moins 1 salari\u00e9 sont concern\u00e9es, quelque soit la nature&hellip;<\/p>\n","protected":false},"author":1,"featured_media":0,"parent":0,"menu_order":0,"comment_status":"closed","ping_status":"closed","template":"","meta":[],"_links":{"self":[{"href":"https:\/\/www.duerp.com\/en\/wp-json\/wp\/v2\/pages\/1493"}],"collection":[{"href":"https:\/\/www.duerp.com\/en\/wp-json\/wp\/v2\/pages"}],"about":[{"href":"https:\/\/www.duerp.com\/en\/wp-json\/wp\/v2\/types\/page"}],"author":[{"embeddable":true,"href":"https:\/\/www.duerp.com\/en\/wp-json\/wp\/v2\/users\/1"}],"replies":[{"embeddable":true,"href":"https:\/\/www.duerp.com\/en\/wp-json\/wp\/v2\/comments?post=1493"}],"version-history":[{"count":1,"href":"https:\/\/www.duerp.com\/en\/wp-json\/wp\/v2\/pages\/1493\/revisions"}],"predecessor-version":[{"id":1495,"href":"https:\/\/www.duerp.com\/en\/wp-json\/wp\/v2\/pages\/1493\/revisions\/1495"}],"wp:attachment":[{"href":"https:\/\/www.duerp.com\/en\/wp-json\/wp\/v2\/media?parent=1493"}],"curies":[{"name":"wp","href":"https:\/\/api.w.org\/{rel}","templated":true}]}}