{"id":1496,"date":"2016-06-10T16:13:00","date_gmt":"2016-06-10T14:13:00","guid":{"rendered":"http:\/\/duerp.com\/?page_id=1496"},"modified":"2016-06-10T16:44:01","modified_gmt":"2016-06-10T14:44:01","slug":"a-qui-sadresse-le-document-unique","status":"publish","type":"page","link":"https:\/\/www.duerp.com\/en\/a-qui-sadresse-le-document-unique\/","title":{"rendered":"(Fran\u00e7ais) A qui s&#8217;adresse le Document Unique ?"},"content":{"rendered":"<p class=\"qtranxs-available-languages-message qtranxs-available-languages-message-en\">Sorry, this entry is only available in <a href=\"https:\/\/www.duerp.com\/fr\/wp-json\/wp\/v2\/pages\/1496\" class=\"qtranxs-available-language-link qtranxs-available-language-link-fr\" title=\"Fran\u00e7ais\">French<\/a>. For the sake of viewer convenience, the content is shown below in the alternative language. You may click the link to switch the active language.<\/p><p><strong>Question<\/strong>: A qui s&#8217;adresse le Document Unique ?<\/p>\n<p><strong>R\u00e9ponse <\/strong>:Le Document Unique d\u2019\u00e9valuation des risques professionnels doit \u00eatre tenu \u00e0 disposition :<\/p>\n<ul>\n<li>du Comit\u00e9 d&#8217;Hygi\u00e8ne, de S\u00e9curit\u00e9 et des Conditions de Travail (CHSCT),<\/li>\n<li>des d\u00e9l\u00e9gu\u00e9s du personnel,<\/li>\n<li>des salari\u00e9s qui doivent \u00eatre tenu inform\u00e9s de la mise \u00e0 disposition du document unique. De m\u00eame la cr\u00e9ation d\u2019un nouveau poste doit \u00eatre suivi d\u2019une mise \u00e0 jour du document unique, chaque nouveau salari\u00e9 d\u2019une structure doit \u00eatre inform\u00e9 d\u00e8s son arriv\u00e9e de la fiche d\u2019\u00e9valuation des risques de son poste et du document unique en g\u00e9n\u00e9ral,<\/li>\n<li>du m\u00e9decin du travail,<\/li>\n<li>de l&#8217;inspection du travail,<\/li>\n<li>des agents des services de pr\u00e9vention des organismes de S\u00e9curit\u00e9 sociale,<\/li>\n<li>des organismes professionnels d&#8217;hygi\u00e8ne, de s\u00e9curit\u00e9 et des conditions de travail, constitu\u00e9s dans les branches d&#8217;activit\u00e9 \u00e0 hauts risques.<\/li>\n<\/ul>\n<p><\/p>","protected":false},"excerpt":{"rendered":"<p>Sorry, this entry is only available in French. For the sake of viewer convenience, the content is shown below in the alternative language. You may click the link to switch the active language.Question: A qui s&#8217;adresse le Document Unique ? R\u00e9ponse :Le Document Unique d\u2019\u00e9valuation des risques professionnels doit \u00eatre tenu \u00e0 disposition : du&hellip;<\/p>\n","protected":false},"author":1,"featured_media":0,"parent":0,"menu_order":0,"comment_status":"closed","ping_status":"closed","template":"","meta":[],"_links":{"self":[{"href":"https:\/\/www.duerp.com\/en\/wp-json\/wp\/v2\/pages\/1496"}],"collection":[{"href":"https:\/\/www.duerp.com\/en\/wp-json\/wp\/v2\/pages"}],"about":[{"href":"https:\/\/www.duerp.com\/en\/wp-json\/wp\/v2\/types\/page"}],"author":[{"embeddable":true,"href":"https:\/\/www.duerp.com\/en\/wp-json\/wp\/v2\/users\/1"}],"replies":[{"embeddable":true,"href":"https:\/\/www.duerp.com\/en\/wp-json\/wp\/v2\/comments?post=1496"}],"version-history":[{"count":1,"href":"https:\/\/www.duerp.com\/en\/wp-json\/wp\/v2\/pages\/1496\/revisions"}],"predecessor-version":[{"id":1498,"href":"https:\/\/www.duerp.com\/en\/wp-json\/wp\/v2\/pages\/1496\/revisions\/1498"}],"wp:attachment":[{"href":"https:\/\/www.duerp.com\/en\/wp-json\/wp\/v2\/media?parent=1496"}],"curies":[{"name":"wp","href":"https:\/\/api.w.org\/{rel}","templated":true}]}}