{"id":1509,"date":"2016-06-13T11:00:26","date_gmt":"2016-06-13T09:00:26","guid":{"rendered":"http:\/\/duerp.com\/?page_id=1509"},"modified":"2022-10-13T11:29:35","modified_gmt":"2022-10-13T09:29:35","slug":"reference","status":"publish","type":"page","link":"https:\/\/www.duerp.com\/en\/reference\/","title":{"rendered":"(Fran\u00e7ais) R\u00e9f\u00e9rences"},"content":{"rendered":"<p class=\"qtranxs-available-languages-message qtranxs-available-languages-message-en\">Sorry, this entry is only available in <a href=\"https:\/\/www.duerp.com\/fr\/wp-json\/wp\/v2\/pages\/1509\" class=\"qtranxs-available-language-link qtranxs-available-language-link-fr\" title=\"Fran\u00e7ais\">French<\/a>. For the sake of viewer convenience, the content is shown below in the alternative language. You may click the link to switch the active language.<\/p><p>[vc_row full_width_row=&#8221;true&#8221;][vc_column][vc_raw_html]JTNDZGl2JTIwY2xhc3MlM0QlMjJqdm8lMjIlM0UlMEElMjAlMjAlM0N1bCUyMGNsYXNzJTNEJTIyanZvJTIyJTNFJTBBJTIwJTIwJTIwJTIwJTNDbGklMjBjbGFzcyUzRCUyMmp2byUyMiUzRSUzQ2ElMjBocmVmJTNEJTIyaHR0cHMlM0ElMkYlMkZ3d3cub2ZmaWNlZGVwb3QuZnIlMjIlM0UlM0NpbWclMjBzcmMlM0QlMjJodHRwJTNBJTJGJTJGZHVlcnAuY29tJTJGd3AtY29udGVudCUyRnVwbG9hZHMlMkZvZmZpY2UtZGVwb3QuanBnJTIyJTIwJTJGJTNFJTNDJTJGYSUzRSUzQyUyRmxpJTNFJTBBJTIwJTIwJTIwJTIwJTNDbGklMjBjbGFzcyUzRCUyMmp2byUyMiUzRSUzQ2ElMjBocmVmJTNEJTIyaHR0cCUzQSUyRiUyRnd3dy5nYWxlcmllc2xhZmF5ZXR0ZS5jb20lMjIlM0UlM0NpbWclMjBzcmMlM0QlMjJodHRwJTNBJTJGJTJGZHVlcnAuY29tJTJGd3AtY29udGVudCUyRnVwbG9hZHMlMkZsYWZheWV0dGUtZTE0NjEzMTkwNjY4MDQuanBnJTIyJTIwJTJGJTNFJTNDJTJGYSUzRSUzQyUyRmxpJTNFJTBBJTIwJTIwJTIwJTIwJTNDbGklMjBjbGFzcyUzRCUyMmp2byUyMiUzRSUzQ2ElMjBocmVmJTNEJTIyaHR0cCUzQSUyRiUyRnd3dy5iaHYuZnIlMjIlM0UlM0NpbWclMjBzcmMlM0QlMjJodHRwJTNBJTJGJTJGZHVlcnAuY29tJTJGd3AtY29udGVudCUyRnVwbG9hZHMlMkZiaHYucG5nJTIyJTIwJTJGJTNFJTNDJTJGYSUzRSUzQyUyRmxpJTNFJTBBJTIwJTIwJTIwJTIwJTNDbGklMjBjbGFzcyUzRCUyMmp2byUyMiUzRSUzQ2ElMjBocmVmJTNEJTIyaHR0cCUzQSUyRiUyRnd3dy5laWZmYWdlZW5lcmdpZS5jb20lMjIlM0UlM0NpbWclMjBzcmMlM0QlMjJodHRwJTNBJTJGJTJGZHVlcnAuY29tJTJGd3AtY29udGVudCUyRnVwbG9hZHMlMkZlaWZmYWdlLWVuZXJnaWUuanBnJTIyJTIwJTJGJTNFJTNDJTJGYSUzRSUzQyUyRmxpJTNFJTBBJTIwJTIwJTIwJTIwJTNDbGklMjBjbGFzcyUzRCUyMmp2byUyMiUzRSUzQ2ElMjBocmVmJTNEJTIyaHR0cHMlM0ElMkYlMkZ3d3cuaWJtLmNvbSUyRmZyLWZyJTJGJTIyJTNFJTNDaW1nJTIwc3JjJTNEJTIyaHR0cCUzQSUyRiUyRmR1ZXJwLmNvbSUyRndwLWNvbnRlbnQlMkZ1cGxvYWRzJTJGaWJtLmpwZyUyMiUyMCUyRiUzRSUzQyUyRmElM0UlM0MlMkZsaSUzRSUwQSUyMCUyMCUyMCUyMCUzQ2xpJTIwY2xhc3MlM0QlMjJqdm8lMjIlM0UlM0NhJTIwaHJlZiUzRCUyMmh0dHAlM0ElMkYlMkZ3d3cuY2FuYWxwbHVzLmZyJTIyJTNFJTNDaW1nJTIwc3JjJTNEJTIyaHR0cCUzQSUyRiUyRmR1ZXJwLmNvbSUyRndwLWNvbnRlbnQlMkZ1cGxvYWRzJTJGMjAxNiUyRjA0JTJGbG9nb0NhbmFsLWUxNDYwNjQ3NjYwMTU2LnBuZyUyMiUyMCUyRiUzRSUzQyUyRmElM0UlM0MlMkZsaSUzRSUwQSUyMCUyMCUyMCUyMCUzQ2xpJTIwY2xhc3MlM0QlMjJqdm8lMjIlM0UlM0NhJTIwaHJlZiUzRCUyMiUyMyUyMiUzRSUzQ2ltZyUyMHNyYyUzRCUyMmh0dHAlM0ElMkYlMkZkdWVycC5jb20lMkZ3cC1jb250ZW50JTJGdXBsb2FkcyUyRmdyb3VwZWxvcmVudHotZTE0NjEzMTk0NzE1MDAuanBnJTIyJTIwJTJGJTNFJTNDJTJGYSUzRSUzQyUyRmxpJTNFJTBBJTIwJTIwJTIwJTIwJTNDbGklMjBjbGFzcyUzRCUyMmp2byUyMiUzRSUzQ2ElMjBocmVmJTNEJTIyaHR0cCUzQSUyRiUyRnd3dzIuaG0uY29tJTJGZnJfZnIlMkYlMjIlM0UlM0NpbWclMjBzcmMlM0QlMjJodHRwJTNBJTJGJTJGZHVlcnAuY29tJTJGd3AtY29udGVudCUyRnVwbG9hZHMlMkZITS1Mb2dvLWUxNDYxMTQyNzQ1NTAxLnBuZyUyMiUyMCUyRiUzRSUzQyUyRmElM0UlM0MlMkZsaSUzRSUwQSUyMCUyMCUyMCUyMCUzQ2xpJTIwY2xhc3MlM0QlMjJqdm8lMjIlM0UlM0NhJTIwaHJlZiUzRCUyMiUyMyUyMiUzRSUzQ2ltZyUyMHNyYyUzRCUyMmh0dHAlM0ElMkYlMkZkdWVycC5jb20lMkZ3cC1jb250ZW50JTJGdXBsb2FkcyUyRmdhdC5qcGclMjIlMjAlMkYlM0UlM0MlMkZhJTNFJTNDJTJGbGklM0UlMjAlMEElMjAlMjAlMjAlMjAlM0NsaSUyMGNsYXNzJTNEJTIyanZvJTIyJTNFJTNDYSUyMGhyZWYlM0QlMjJodHRwJTNBJTJGJTJGd3d3Lm9yYW5nZS5mciUyRiUyMiUzRSUzQ2ltZyUyMHNyYyUzRCUyMmh0dHAlM0ElMkYlMkZkdWVycC5jb20lMkZ3cC1jb250ZW50JTJGdXBsb2FkcyUyRm9yYW5nZS5qcGclMjIlMjAlMkYlM0UlM0MlMkZhJTNFJTNDJTJGbGklM0UlMEElMjAlMjAlMjAlMjAlM0NsaSUyMGNsYXNzJTNEJTIyanZvJTIyJTNFJTNDYSUyMGhyZWYlM0QlMjJodHRwcyUzQSUyRiUyRnd3dy50ZWNobmlwZm1jLmNvbSUyRiUyMiUzRSUzQ2ltZyUyMHNyYyUzRCUyMmh0dHAlM0ElMkYlMkZkdWVycC5jb20lMkZ3cC1jb250ZW50JTJGdXBsb2FkcyUyRnRlY2hpcC5qcGclMjIlMjAlMkYlM0UlM0MlMkZhJTNFJTNDJTJGbGklM0UlMEElMjAlMjAlMjAlMjAlM0NsaSUyMGNsYXNzJTNEJTIyanZvJTIyJTNFJTNDYSUyMGhyZWYlM0QlMjJodHRwJTNBJTJGJTJGd3d3LmpvdXZlLmNvbSUyRmZyJTIyJTNFJTNDaW1nJTIwc3JjJTNEJTIyaHR0cCUzQSUyRiUyRmR1ZXJwLmNvbSUyRndwLWNvbnRlbnQlMkZ1cGxvYWRzJTJGam91dmUuanBlZyUyMiUyMCUyRiUzRSUzQyUyRmElM0UlM0MlMkZsaSUzRSUwQSUyMCUyMCUyMCUyMCUzQ2xpJTIwY2xhc3MlM0QlMjJqdm8lMjIlM0UlM0NhJTIwaHJlZiUzRCUyMiUyMyUyMiUzRSUzQ2ltZyUyMHNyYyUzRCUyMmh0dHAlM0ElMkYlMkZkdWVycC5jb20lMkZ3cC1jb250ZW50JTJGdXBsb2FkcyUyRm1hamVzdGljLmpwZyUyMiUyMCUyRiUzRSUzQyUyRmElM0UlM0MlMkZsaSUzRSUwQSUyMCUyMCUyMCUyMCUzQ2xpJTIwY2xhc3MlM0QlMjJqdm8lMjIlM0UlM0NhJTIwaHJlZiUzRCUyMiUyMyUyMiUzRSUzQ2ltZyUyMHNyYyUzRCUyMmh0dHAlM0ElMkYlMkZkdWVycC5jb20lMkZ3cC1jb250ZW50JTJGdXBsb2FkcyUyRnJhcGhhZWwtbG9nby5qcGclMjIlMjAlMkYlM0UlM0MlMkZhJTNFJTNDJTJGbGklM0UlMEElMjAlMjAlMjAlMjAlM0NsaSUyMGNsYXNzJTNEJTIyanZvJTIyJTNFJTNDYSUyMGhyZWYlM0QlMjIlMjMlMjIlM0UlM0NpbWclMjBzcmMlM0QlMjJodHRwJTNBJTJGJTJGZHVlcnAuY29tJTJGd3AtY29udGVudCUyRnVwbG9hZHMlMkZyZWdpbmEtbG9nby5qcGclMjIlMjAlMkYlM0UlM0MlMkZhJTNFJTNDJTJGbGklM0UlMEElMjAlMjAlMjAlMjAlM0NsaSUyMGNsYXNzJTNEJTIyanZvJTIyJTNFJTNDYSUyMGhyZWYlM0QlMjIlMjMlMjIlM0UlM0NpbWclMjBzcmMlM0QlMjJodHRwJTNBJTJGJTJGZHVlcnAuY29tJTJGd3AtY29udGVudCUyRnVwbG9hZHMlMkZnaXNlbGUuanBnJTIyJTIwJTJGJTNFJTNDJTJGYSUzRSUzQyUyRmxpJTNFJTBBJTIwJTIwJTIwJTIwJTNDbGklMjBjbGFzcyUzRCUyMmp2byUyMiUzRSUzQ2ElMjBocmVmJTNEJTIyaHR0cCUzQSUyRiUyRnd3dy5kZXBvdGJpbmdvLmNvbSUyRiUyMiUzRSUzQ2ltZyUyMHNyYyUzRCUyMmh0dHAlM0ElMkYlMkZkdWVycC5jb20lMkZ3cC1jb250ZW50JTJGdXBsb2FkcyUyRmRlcG90X2JpbmdvLWUxNDYxMTQ0NTMwNjk0LmpwZyUyMiUyMCUyRiUzRSUzQyUyRmElM0UlM0MlMkZsaSUzRSUwQSUyMCUyMCUyMCUyMCUzQ2xpJTIwY2xhc3MlM0QlMjJqdm8lMjIlM0UlM0NhJTIwaHJlZiUzRCUyMmh0dHAlM0ElMkYlMkZ3d3cudC1sLmNoJTJGJTIyJTNFJTNDaW1nJTIwc3JjJTNEJTIyaHR0cCUzQSUyRiUyRmR1ZXJwLmNvbSUyRndwLWNvbnRlbnQlMkZ1cGxvYWRzJTJGdGwtZTE0NjExNDMyMTg4NDIucG5nJTIyJTIwJTJGJTNFJTNDJTJGYSUzRSUzQyUyRmxpJTNFJTBBJTIwJTIwJTIwJTIwJTNDbGklMjBjbGFzcyUzRCUyMmp2byUyMiUzRSUzQ2ElMjBocmVmJTNEJTIyaHR0cHMlM0ElMkYlMkZ3d3cudGVyaWRlYWwuZnIlMkYlMjIlM0UlM0NpbWclMjBzcmMlM0QlMjJodHRwJTNBJTJGJTJGZHVlcnAuY29tJTJGd3AtY29udGVudCUyRnVwbG9hZHMlMkZzZWdleC5qcGclMjIlMjAlMkYlM0UlM0MlMkZhJTNFJTNDJTJGbGklM0UlMEElMjAlMjAlMjAlMjAlM0NsaSUyMGNsYXNzJTNEJTIyanZvJTIyJTNFJTNDYSUyMGhyZWYlM0QlMjJodHRwJTNBJTJGJTJGd3d3LmtlbGxvZ2dzLmZyJTJGZnJfRlIlMkZob21lLmh0bWwlMjIlM0UlM0NpbWclMjBzcmMlM0QlMjJodHRwJTNBJTJGJTJGZHVlcnAuY29tJTJGd3AtY29udGVudCUyRnVwbG9hZHMlMkZrZWxsb2dzLmpwZyUyMiUyMCUyRiUzRSUzQyUyRmElM0UlM0MlMkZsaSUzRSUwQSUyMCUyMCUyMCUyMCUzQ2xpJTIwY2xhc3MlM0QlMjJqdm8lMjIlM0UlM0NhJTIwaHJlZiUzRCUyMmh0dHAlM0ElMkYlMkZ3d3cudmV0YWdyby1zdXAuZnIlMkYlMjIlM0UlM0NpbWclMjBzcmMlM0QlMjJodHRwJTNBJTJGJTJGZHVlcnAuY29tJTJGd3AtY29udGVudCUyRnVwbG9hZHMlMkZ2ZXRhZ3JvLmpwZyUyMiUyMCUyRiUzRSUzQyUyRmElM0UlM0MlMkZsaSUzRSUwQSUyMCUyMCUyMCUyMCUzQ2xpJTIwY2xhc3MlM0QlMjJqdm8lMjIlM0UlM0NhJTIwaHJlZiUzRCUyMmh0dHAlM0ElMkYlMkZ3d3cubWFybmUtY2hhbnRlcmVpbmUuZnIlMkYlMjIlM0UlM0NpbWclMjBzcmMlM0QlMjJodHRwJTNBJTJGJTJGZHVlcnAuY29tJTJGd3AtY29udGVudCUyRnVwbG9hZHMlMkZtYXJuZV9ldF9jaGFudGVyZWluZS1lMTQ2MTMxOTY2NjIwNC5qcGclMjIlMjAlMkYlM0UlM0MlMkZhJTNFJTNDJTJGbGklM0UlMEElMjAlMjAlMjAlMjAlM0NsaSUyMGNsYXNzJTNEJTIyanZvJTIyJTNFJTNDYSUyMGhyZWYlM0QlMjJodHRwJTNBJTJGJTJGd3d3LmZsZXJzLWFnZ2xvLmZyJTJGJTIyJTNFJTNDaW1nJTIwc3JjJTNEJTIyaHR0cCUzQSUyRiUyRmR1ZXJwLmNvbSUyRndwLWNvbnRlbnQlMkZ1cGxvYWRzJTJGZmxlcnMuanBnJTIyJTIwJTJGJTNFJTNDJTJGYSUzRSUzQyUyRmxpJTNFJTBBJTIwJTIwJTIwJTIwJTNDbGklMjBjbGFzcyUzRCUyMmp2byUyMiUzRSUzQ2ElMjBocmVmJTNEJTIyaHR0cCUzQSUyRiUyRnd3dy5iYWlsbHktcm9tYWludmlsbGllcnMuZnIlMkYlMjIlM0UlM0NpbWclMjBzcmMlM0QlMjJodHRwJTNBJTJGJTJGZHVlcnAuY29tJTJGd3AtY29udGVudCUyRnVwbG9hZHMlMkZiYWlsbHkyLWUxNDYxMzE4NDg5NjU2LmpwZyUyMiUyMCUyRiUzRSUzQyUyRmElM0UlM0MlMkZsaSUzRSUwQSUyMCUyMCUyMCUyMCUzQ2xpJTIwY2xhc3MlM0QlMjJqdm8lMjIlM0UlM0NhJTIwaHJlZiUzRCUyMmh0dHAlM0ElMkYlMkZ3d3cudG91cm5hbi1lbi1icmllLmZyJTJGJTIyJTNFJTNDaW1nJTIwc3JjJTNEJTIyaHR0cCUzQSUyRiUyRmR1ZXJwLmNvbSUyRndwLWNvbnRlbnQlMkZ1cGxvYWRzJTJGdG91cm5hbi1lbi1icmllLmpwZyUyMiUyMCUyRiUzRSUzQyUyRmElM0UlM0MlMkZsaSUzRSUwQSUyMCUyMCUyMCUyMCUzQ2xpJTIwY2xhc3MlM0QlMjJqdm8lMjIlM0UlM0NhJTIwaHJlZiUzRCUyMmh0dHAlM0ElMkYlMkZ3d3cubWFnbnlsZWhvbmdyZS5mciUyRiUyMiUzRSUzQ2ltZyUyMHNyYyUzRCUyMmh0dHAlM0ElMkYlMkZkdWVycC5jb20lMkZ3cC1jb250ZW50JTJGdXBsb2FkcyUyRm1hZ255LmpwZyUyMiUyMCUyRiUzRSUzQyUyRmElM0UlM0MlMkZsaSUzRSUwQSUyMCUyMCUyMCUyMCUzQ2xpJTIwY2xhc3MlM0QlMjJqdm8lMjIlM0UlM0NhJTIwaHJlZiUzRCUyMmh0dHBzJTNBJTJGJTJGd3d3LnZpbGxlbm95LmZyJTJGJTIyJTNFJTNDaW1nJTIwc3JjJTNEJTIyaHR0cCUzQSUyRiUyRmR1ZXJwLmNvbSUyRndwLWNvbnRlbnQlMkZ1cGxvYWRzJTJGdmlsbGVub3kuanBnJTIyJTIwJTJGJTNFJTNDJTJGYSUzRSUzQyUyRmxpJTNFJTBBJTIwJTIwJTIwJTIwJTNDbGklMjBjbGFzcyUzRCUyMmp2byUyMiUzRSUzQ2ElMjBocmVmJTNEJTIyaHR0cCUzQSUyRiUyRnd3dy5sZXMtcGF2aWxsb25zLXNvdXMtYm9pcy5mciUyRiUyMiUzRSUzQ2ltZyUyMHNyYyUzRCUyMmh0dHAlM0ElMkYlMkZkdWVycC5jb20lMkZ3cC1jb250ZW50JTJGdXBsb2FkcyUyRmxlcy1wYXZpbGxvbnMtc291cy1ib2lzLTEtZTE0NjExNDQ2OTM2NDMucG5nJTIyJTIwJTJGJTNFJTNDJTJGYSUzRSUzQyUyRmxpJTNFJTBBJTIwJTIwJTIwJTIwJTNDbGklMjBjbGFzcyUzRCUyMmp2byUyMiUzRSUzQ2ElMjBocmVmJTNEJTIyJTIzJTIyJTNFJTNDaW1nJTIwc3JjJTNEJTIyaHR0cCUzQSUyRiUyRmR1ZXJwLmNvbSUyRndwLWNvbnRlbnQlMkZ1cGxvYWRzJTJGRkxFUlNfTk9STUFORElFLmpwZyUyMiUyMCUyRiUzRSUzQyUyRmElM0UlM0MlMkZsaSUzRSUwQSUyMCUyMCUyMCUyMCUzQ2xpJTIwY2xhc3MlM0QlMjJqdm8lMjIlM0UlM0NhJTIwaHJlZiUzRCUyMmh0dHBzJTNBJTJGJTJGd3d3LnZpbGxlbmV1dmVkYXNjcS5mciUyRiUyMiUzRSUzQ2ltZyUyMHNyYyUzRCUyMmh0dHAlM0ElMkYlMkZkdWVycC5jb20lMkZ3cC1jb250ZW50JTJGdXBsb2FkcyUyRnZpbGxuZXV2ZV9kYXNjLWUxNDYxMTQzODUyMTA0LnBuZyUyMiUyMCUyRiUzRSUzQyUyRmElM0UlM0MlMkZsaSUzRSUwQSUyMCUyMCUzQyUyRnVsJTNFJTBBJTNDJTJGZGl2JTNF[\/vc_raw_html][\/vc_column][\/vc_row]<\/p>","protected":false},"excerpt":{"rendered":"<p>Sorry, this entry is only available in French. For the sake of viewer convenience, the content is shown below in the alternative language. You may click the link to switch the active language.[vc_row full_width_row=&#8221;true&#8221;][vc_column][vc_raw_html]JTNDZGl2JTIwY2xhc3MlM0QlMjJqdm8lMjIlM0UlMEElMjAlMjAlM0N1bCUyMGNsYXNzJTNEJTIyanZvJTIyJTNFJTBBJTIwJTIwJTIwJTIwJTNDbGklMjBjbGFzcyUzRCUyMmp2byUyMiUzRSUzQ2ElMjBocmVmJTNEJTIyaHR0cHMlM0ElMkYlMkZ3d3cub2ZmaWNlZGVwb3QuZnIlMjIlM0UlM0NpbWclMjBzcmMlM0QlMjJodHRwJTNBJTJGJTJGZHVlcnAuY29tJTJGd3AtY29udGVudCUyRnVwbG9hZHMlMkZvZmZpY2UtZGVwb3QuanBnJTIyJTIwJTJGJTNFJTNDJTJGYSUzRSUzQyUyRmxpJTNFJTBBJTIwJTIwJTIwJTIwJTNDbGklMjBjbGFzcyUzRCUyMmp2byUyMiUzRSUzQ2ElMjBocmVmJTNEJTIyaHR0cCUzQSUyRiUyRnd3dy5nYWxlcmllc2xhZmF5ZXR0ZS5jb20lMjIlM0UlM0NpbWclMjBzcmMlM0QlMjJodHRwJTNBJTJGJTJGZHVlcnAuY29tJTJGd3AtY29udGVudCUyRnVwbG9hZHMlMkZsYWZheWV0dGUtZTE0NjEzMTkwNjY4MDQuanBnJTIyJTIwJTJGJTNFJTNDJTJGYSUzRSUzQyUyRmxpJTNFJTBBJTIwJTIwJTIwJTIwJTNDbGklMjBjbGFzcyUzRCUyMmp2byUyMiUzRSUzQ2ElMjBocmVmJTNEJTIyaHR0cCUzQSUyRiUyRnd3dy5iaHYuZnIlMjIlM0UlM0NpbWclMjBzcmMlM0QlMjJodHRwJTNBJTJGJTJGZHVlcnAuY29tJTJGd3AtY29udGVudCUyRnVwbG9hZHMlMkZiaHYucG5nJTIyJTIwJTJGJTNFJTNDJTJGYSUzRSUzQyUyRmxpJTNFJTBBJTIwJTIwJTIwJTIwJTNDbGklMjBjbGFzcyUzRCUyMmp2byUyMiUzRSUzQ2ElMjBocmVmJTNEJTIyaHR0cCUzQSUyRiUyRnd3dy5laWZmYWdlZW5lcmdpZS5jb20lMjIlM0UlM0NpbWclMjBzcmMlM0QlMjJodHRwJTNBJTJGJTJGZHVlcnAuY29tJTJGd3AtY29udGVudCUyRnVwbG9hZHMlMkZlaWZmYWdlLWVuZXJnaWUuanBnJTIyJTIwJTJGJTNFJTNDJTJGYSUzRSUzQyUyRmxpJTNFJTBBJTIwJTIwJTIwJTIwJTNDbGklMjBjbGFzcyUzRCUyMmp2byUyMiUzRSUzQ2ElMjBocmVmJTNEJTIyaHR0cHMlM0ElMkYlMkZ3d3cuaWJtLmNvbSUyRmZyLWZyJTJGJTIyJTNFJTNDaW1nJTIwc3JjJTNEJTIyaHR0cCUzQSUyRiUyRmR1ZXJwLmNvbSUyRndwLWNvbnRlbnQlMkZ1cGxvYWRzJTJGaWJtLmpwZyUyMiUyMCUyRiUzRSUzQyUyRmElM0UlM0MlMkZsaSUzRSUwQSUyMCUyMCUyMCUyMCUzQ2xpJTIwY2xhc3MlM0QlMjJqdm8lMjIlM0UlM0NhJTIwaHJlZiUzRCUyMmh0dHAlM0ElMkYlMkZ3d3cuY2FuYWxwbHVzLmZyJTIyJTNFJTNDaW1nJTIwc3JjJTNEJTIyaHR0cCUzQSUyRiUyRmR1ZXJwLmNvbSUyRndwLWNvbnRlbnQlMkZ1cGxvYWRzJTJGMjAxNiUyRjA0JTJGbG9nb0NhbmFsLWUxNDYwNjQ3NjYwMTU2LnBuZyUyMiUyMCUyRiUzRSUzQyUyRmElM0UlM0MlMkZsaSUzRSUwQSUyMCUyMCUyMCUyMCUzQ2xpJTIwY2xhc3MlM0QlMjJqdm8lMjIlM0UlM0NhJTIwaHJlZiUzRCUyMiUyMyUyMiUzRSUzQ2ltZyUyMHNyYyUzRCUyMmh0dHAlM0ElMkYlMkZkdWVycC5jb20lMkZ3cC1jb250ZW50JTJGdXBsb2FkcyUyRmdyb3VwZWxvcmVudHotZTE0NjEzMTk0NzE1MDAuanBnJTIyJTIwJTJGJTNFJTNDJTJGYSUzRSUzQyUyRmxpJTNFJTBBJTIwJTIwJTIwJTIwJTNDbGklMjBjbGFzcyUzRCUyMmp2byUyMiUzRSUzQ2ElMjBocmVmJTNEJTIyaHR0cCUzQSUyRiUyRnd3dzIuaG0uY29tJTJGZnJfZnIlMkYlMjIlM0UlM0NpbWclMjBzcmMlM0QlMjJodHRwJTNBJTJGJTJGZHVlcnAuY29tJTJGd3AtY29udGVudCUyRnVwbG9hZHMlMkZITS1Mb2dvLWUxNDYxMTQyNzQ1NTAxLnBuZyUyMiUyMCUyRiUzRSUzQyUyRmElM0UlM0MlMkZsaSUzRSUwQSUyMCUyMCUyMCUyMCUzQ2xpJTIwY2xhc3MlM0QlMjJqdm8lMjIlM0UlM0NhJTIwaHJlZiUzRCUyMiUyMyUyMiUzRSUzQ2ltZyUyMHNyYyUzRCUyMmh0dHAlM0ElMkYlMkZkdWVycC5jb20lMkZ3cC1jb250ZW50JTJGdXBsb2FkcyUyRmdhdC5qcGclMjIlMjAlMkYlM0UlM0MlMkZhJTNFJTNDJTJGbGklM0UlMjAlMEElMjAlMjAlMjAlMjAlM0NsaSUyMGNsYXNzJTNEJTIyanZvJTIyJTNFJTNDYSUyMGhyZWYlM0QlMjJodHRwJTNBJTJGJTJGd3d3Lm9yYW5nZS5mciUyRiUyMiUzRSUzQ2ltZyUyMHNyYyUzRCUyMmh0dHAlM0ElMkYlMkZkdWVycC5jb20lMkZ3cC1jb250ZW50JTJGdXBsb2FkcyUyRm9yYW5nZS5qcGclMjIlMjAlMkYlM0UlM0MlMkZhJTNFJTNDJTJGbGklM0UlMEElMjAlMjAlMjAlMjAlM0NsaSUyMGNsYXNzJTNEJTIyanZvJTIyJTNFJTNDYSUyMGhyZWYlM0QlMjJodHRwcyUzQSUyRiUyRnd3dy50ZWNobmlwZm1jLmNvbSUyRiUyMiUzRSUzQ2ltZyUyMHNyYyUzRCUyMmh0dHAlM0ElMkYlMkZkdWVycC5jb20lMkZ3cC1jb250ZW50JTJGdXBsb2FkcyUyRnRlY2hpcC5qcGclMjIlMjAlMkYlM0UlM0MlMkZhJTNFJTNDJTJGbGklM0UlMEElMjAlMjAlMjAlMjAlM0NsaSUyMGNsYXNzJTNEJTIyanZvJTIyJTNFJTNDYSUyMGhyZWYlM0QlMjJodHRwJTNBJTJGJTJGd3d3LmpvdXZlLmNvbSUyRmZyJTIyJTNFJTNDaW1nJTIwc3JjJTNEJTIyaHR0cCUzQSUyRiUyRmR1ZXJwLmNvbSUyRndwLWNvbnRlbnQlMkZ1cGxvYWRzJTJGam91dmUuanBlZyUyMiUyMCUyRiUzRSUzQyUyRmElM0UlM0MlMkZsaSUzRSUwQSUyMCUyMCUyMCUyMCUzQ2xpJTIwY2xhc3MlM0QlMjJqdm8lMjIlM0UlM0NhJTIwaHJlZiUzRCUyMiUyMyUyMiUzRSUzQ2ltZyUyMHNyYyUzRCUyMmh0dHAlM0ElMkYlMkZkdWVycC5jb20lMkZ3cC1jb250ZW50JTJGdXBsb2FkcyUyRm1hamVzdGljLmpwZyUyMiUyMCUyRiUzRSUzQyUyRmElM0UlM0MlMkZsaSUzRSUwQSUyMCUyMCUyMCUyMCUzQ2xpJTIwY2xhc3MlM0QlMjJqdm8lMjIlM0UlM0NhJTIwaHJlZiUzRCUyMiUyMyUyMiUzRSUzQ2ltZyUyMHNyYyUzRCUyMmh0dHAlM0ElMkYlMkZkdWVycC5jb20lMkZ3cC1jb250ZW50JTJGdXBsb2FkcyUyRnJhcGhhZWwtbG9nby5qcGclMjIlMjAlMkYlM0UlM0MlMkZhJTNFJTNDJTJGbGklM0UlMEElMjAlMjAlMjAlMjAlM0NsaSUyMGNsYXNzJTNEJTIyanZvJTIyJTNFJTNDYSUyMGhyZWYlM0QlMjIlMjMlMjIlM0UlM0NpbWclMjBzcmMlM0QlMjJodHRwJTNBJTJGJTJGZHVlcnAuY29tJTJGd3AtY29udGVudCUyRnVwbG9hZHMlMkZyZWdpbmEtbG9nby5qcGclMjIlMjAlMkYlM0UlM0MlMkZhJTNFJTNDJTJGbGklM0UlMEElMjAlMjAlMjAlMjAlM0NsaSUyMGNsYXNzJTNEJTIyanZvJTIyJTNFJTNDYSUyMGhyZWYlM0QlMjIlMjMlMjIlM0UlM0NpbWclMjBzcmMlM0QlMjJodHRwJTNBJTJGJTJGZHVlcnAuY29tJTJGd3AtY29udGVudCUyRnVwbG9hZHMlMkZnaXNlbGUuanBnJTIyJTIwJTJGJTNFJTNDJTJGYSUzRSUzQyUyRmxpJTNFJTBBJTIwJTIwJTIwJTIwJTNDbGklMjBjbGFzcyUzRCUyMmp2byUyMiUzRSUzQ2ElMjBocmVmJTNEJTIyaHR0cCUzQSUyRiUyRnd3dy5kZXBvdGJpbmdvLmNvbSUyRiUyMiUzRSUzQ2ltZyUyMHNyYyUzRCUyMmh0dHAlM0ElMkYlMkZkdWVycC5jb20lMkZ3cC1jb250ZW50JTJGdXBsb2FkcyUyRmRlcG90X2JpbmdvLWUxNDYxMTQ0NTMwNjk0LmpwZyUyMiUyMCUyRiUzRSUzQyUyRmElM0UlM0MlMkZsaSUzRSUwQSUyMCUyMCUyMCUyMCUzQ2xpJTIwY2xhc3MlM0QlMjJqdm8lMjIlM0UlM0NhJTIwaHJlZiUzRCUyMmh0dHAlM0ElMkYlMkZ3d3cudC1sLmNoJTJGJTIyJTNFJTNDaW1nJTIwc3JjJTNEJTIyaHR0cCUzQSUyRiUyRmR1ZXJwLmNvbSUyRndwLWNvbnRlbnQlMkZ1cGxvYWRzJTJGdGwtZTE0NjExNDMyMTg4NDIucG5nJTIyJTIwJTJGJTNFJTNDJTJGYSUzRSUzQyUyRmxpJTNFJTBBJTIwJTIwJTIwJTIwJTNDbGklMjBjbGFzcyUzRCUyMmp2byUyMiUzRSUzQ2ElMjBocmVmJTNEJTIyaHR0cHMlM0ElMkYlMkZ3d3cudGVyaWRlYWwuZnIlMkYlMjIlM0UlM0NpbWclMjBzcmMlM0QlMjJodHRwJTNBJTJGJTJGZHVlcnAuY29tJTJGd3AtY29udGVudCUyRnVwbG9hZHMlMkZzZWdleC5qcGclMjIlMjAlMkYlM0UlM0MlMkZhJTNFJTNDJTJGbGklM0UlMEElMjAlMjAlMjAlMjAlM0NsaSUyMGNsYXNzJTNEJTIyanZvJTIyJTNFJTNDYSUyMGhyZWYlM0QlMjJodHRwJTNBJTJGJTJGd3d3LmtlbGxvZ2dzLmZyJTJGZnJfRlIlMkZob21lLmh0bWwlMjIlM0UlM0NpbWclMjBzcmMlM0QlMjJodHRwJTNBJTJGJTJGZHVlcnAuY29tJTJGd3AtY29udGVudCUyRnVwbG9hZHMlMkZrZWxsb2dzLmpwZyUyMiUyMCUyRiUzRSUzQyUyRmElM0UlM0MlMkZsaSUzRSUwQSUyMCUyMCUyMCUyMCUzQ2xpJTIwY2xhc3MlM0QlMjJqdm8lMjIlM0UlM0NhJTIwaHJlZiUzRCUyMmh0dHAlM0ElMkYlMkZ3d3cudmV0YWdyby1zdXAuZnIlMkYlMjIlM0UlM0NpbWclMjBzcmMlM0QlMjJodHRwJTNBJTJGJTJGZHVlcnAuY29tJTJGd3AtY29udGVudCUyRnVwbG9hZHMlMkZ2ZXRhZ3JvLmpwZyUyMiUyMCUyRiUzRSUzQyUyRmElM0UlM0MlMkZsaSUzRSUwQSUyMCUyMCUyMCUyMCUzQ2xpJTIwY2xhc3MlM0QlMjJqdm8lMjIlM0UlM0NhJTIwaHJlZiUzRCUyMmh0dHAlM0ElMkYlMkZ3d3cubWFybmUtY2hhbnRlcmVpbmUuZnIlMkYlMjIlM0UlM0NpbWclMjBzcmMlM0QlMjJodHRwJTNBJTJGJTJGZHVlcnAuY29tJTJGd3AtY29udGVudCUyRnVwbG9hZHMlMkZtYXJuZV9ldF9jaGFudGVyZWluZS1lMTQ2MTMxOTY2NjIwNC5qcGclMjIlMjAlMkYlM0UlM0MlMkZhJTNFJTNDJTJGbGklM0UlMEElMjAlMjAlMjAlMjAlM0NsaSUyMGNsYXNzJTNEJTIyanZvJTIyJTNFJTNDYSUyMGhyZWYlM0QlMjJodHRwJTNBJTJGJTJGd3d3LmZsZXJzLWFnZ2xvLmZyJTJGJTIyJTNFJTNDaW1nJTIwc3JjJTNEJTIyaHR0cCUzQSUyRiUyRmR1ZXJwLmNvbSUyRndwLWNvbnRlbnQlMkZ1cGxvYWRzJTJGZmxlcnMuanBnJTIyJTIwJTJGJTNFJTNDJTJGYSUzRSUzQyUyRmxpJTNFJTBBJTIwJTIwJTIwJTIwJTNDbGklMjBjbGFzcyUzRCUyMmp2byUyMiUzRSUzQ2ElMjBocmVmJTNEJTIyaHR0cCUzQSUyRiUyRnd3dy5iYWlsbHktcm9tYWludmlsbGllcnMuZnIlMkYlMjIlM0UlM0NpbWclMjBzcmMlM0QlMjJodHRwJTNBJTJGJTJGZHVlcnAuY29tJTJGd3AtY29udGVudCUyRnVwbG9hZHMlMkZiYWlsbHkyLWUxNDYxMzE4NDg5NjU2LmpwZyUyMiUyMCUyRiUzRSUzQyUyRmElM0UlM0MlMkZsaSUzRSUwQSUyMCUyMCUyMCUyMCUzQ2xpJTIwY2xhc3MlM0QlMjJqdm8lMjIlM0UlM0NhJTIwaHJlZiUzRCUyMmh0dHAlM0ElMkYlMkZ3d3cudG91cm5hbi1lbi1icmllLmZyJTJGJTIyJTNFJTNDaW1nJTIwc3JjJTNEJTIyaHR0cCUzQSUyRiUyRmR1ZXJwLmNvbSUyRndwLWNvbnRlbnQlMkZ1cGxvYWRzJTJGdG91cm5hbi1lbi1icmllLmpwZyUyMiUyMCUyRiUzRSUzQyUyRmElM0UlM0MlMkZsaSUzRSUwQSUyMCUyMCUyMCUyMCUzQ2xpJTIwY2xhc3MlM0QlMjJqdm8lMjIlM0UlM0NhJTIwaHJlZiUzRCUyMmh0dHAlM0ElMkYlMkZ3d3cubWFnbnlsZWhvbmdyZS5mciUyRiUyMiUzRSUzQ2ltZyUyMHNyYyUzRCUyMmh0dHAlM0ElMkYlMkZkdWVycC5jb20lMkZ3cC1jb250ZW50JTJGdXBsb2FkcyUyRm1hZ255LmpwZyUyMiUyMCUyRiUzRSUzQyUyRmElM0UlM0MlMkZsaSUzRSUwQSUyMCUyMCUyMCUyMCUzQ2xpJTIwY2xhc3MlM0QlMjJqdm8lMjIlM0UlM0NhJTIwaHJlZiUzRCUyMmh0dHBzJTNBJTJGJTJGd3d3LnZpbGxlbm95LmZyJTJGJTIyJTNFJTNDaW1nJTIwc3JjJTNEJTIyaHR0cCUzQSUyRiUyRmR1ZXJwLmNvbSUyRndwLWNvbnRlbnQlMkZ1cGxvYWRzJTJGdmlsbGVub3kuanBnJTIyJTIwJTJGJTNFJTNDJTJGYSUzRSUzQyUyRmxpJTNFJTBBJTIwJTIwJTIwJTIwJTNDbGklMjBjbGFzcyUzRCUyMmp2byUyMiUzRSUzQ2ElMjBocmVmJTNEJTIyaHR0cCUzQSUyRiUyRnd3dy5sZXMtcGF2aWxsb25zLXNvdXMtYm9pcy5mciUyRiUyMiUzRSUzQ2ltZyUyMHNyYyUzRCUyMmh0dHAlM0ElMkYlMkZkdWVycC5jb20lMkZ3cC1jb250ZW50JTJGdXBsb2FkcyUyRmxlcy1wYXZpbGxvbnMtc291cy1ib2lzLTEtZTE0NjExNDQ2OTM2NDMucG5nJTIyJTIwJTJGJTNFJTNDJTJGYSUzRSUzQyUyRmxpJTNFJTBBJTIwJTIwJTIwJTIwJTNDbGklMjBjbGFzcyUzRCUyMmp2byUyMiUzRSUzQ2ElMjBocmVmJTNEJTIyJTIzJTIyJTNFJTNDaW1nJTIwc3JjJTNEJTIyaHR0cCUzQSUyRiUyRmR1ZXJwLmNvbSUyRndwLWNvbnRlbnQlMkZ1cGxvYWRzJTJGRkxFUlNfTk9STUFORElFLmpwZyUyMiUyMCUyRiUzRSUzQyUyRmElM0UlM0MlMkZsaSUzRSUwQSUyMCUyMCUyMCUyMCUzQ2xpJTIwY2xhc3MlM0QlMjJqdm8lMjIlM0UlM0NhJTIwaHJlZiUzRCUyMmh0dHBzJTNBJTJGJTJGd3d3LnZpbGxlbmV1dmVkYXNjcS5mciUyRiUyMiUzRSUzQ2ltZyUyMHNyYyUzRCUyMmh0dHAlM0ElMkYlMkZkdWVycC5jb20lMkZ3cC1jb250ZW50JTJGdXBsb2FkcyUyRnZpbGxuZXV2ZV9kYXNjLWUxNDYxMTQzODUyMTA0LnBuZyUyMiUyMCUyRiUzRSUzQyUyRmElM0UlM0MlMkZsaSUzRSUwQSUyMCUyMCUzQyUyRnVsJTNFJTBBJTNDJTJGZGl2JTNF[\/vc_raw_html][\/vc_column][\/vc_row]<\/p>\n","protected":false},"author":1,"featured_media":0,"parent":0,"menu_order":0,"comment_status":"closed","ping_status":"closed","template":"","meta":[],"_links":{"self":[{"href":"https:\/\/www.duerp.com\/en\/wp-json\/wp\/v2\/pages\/1509"}],"collection":[{"href":"https:\/\/www.duerp.com\/en\/wp-json\/wp\/v2\/pages"}],"about":[{"href":"https:\/\/www.duerp.com\/en\/wp-json\/wp\/v2\/types\/page"}],"author":[{"embeddable":true,"href":"https:\/\/www.duerp.com\/en\/wp-json\/wp\/v2\/users\/1"}],"replies":[{"embeddable":true,"href":"https:\/\/www.duerp.com\/en\/wp-json\/wp\/v2\/comments?post=1509"}],"version-history":[{"count":11,"href":"https:\/\/www.duerp.com\/en\/wp-json\/wp\/v2\/pages\/1509\/revisions"}],"predecessor-version":[{"id":2998,"href":"https:\/\/www.duerp.com\/en\/wp-json\/wp\/v2\/pages\/1509\/revisions\/2998"}],"wp:attachment":[{"href":"https:\/\/www.duerp.com\/en\/wp-json\/wp\/v2\/media?parent=1509"}],"curies":[{"name":"wp","href":"https:\/\/api.w.org\/{rel}","templated":true}]}}