{"id":1952,"date":"2018-10-26T20:36:04","date_gmt":"2018-10-26T18:36:04","guid":{"rendered":"http:\/\/duerp.com\/?page_id=1952"},"modified":"2024-08-30T11:41:45","modified_gmt":"2024-08-30T09:41:45","slug":"un-iprp-ou-consultant-en-prevention-des-risques","status":"publish","type":"page","link":"https:\/\/www.duerp.com\/en\/un-iprp-ou-consultant-en-prevention-des-risques\/","title":{"rendered":"(Fran\u00e7ais) Un IPRP ou consultant en pr\u00e9vention des risques"},"content":{"rendered":"<p class=\"qtranxs-available-languages-message qtranxs-available-languages-message-en\">Sorry, this entry is only available in <a href=\"https:\/\/www.duerp.com\/fr\/wp-json\/wp\/v2\/pages\/1952\" class=\"qtranxs-available-language-link qtranxs-available-language-link-fr\" title=\"Fran\u00e7ais\">French<\/a>. For the sake of viewer convenience, the content is shown below in the alternative language. You may click the link to switch the active language.<\/p><p><\/p>\n<h3><span style=\"color: #005a91;\">Devenez Partenaire et rejoignez le Cercle national des Pr\u00e9venteurs<\/span><\/h3>\n<div class=\"wpb_text_column wpb_content_element \">\n<div class=\"wpb_wrapper\">\n<ul>\n<li>Rejoignez un r\u00e9seau actif de Pr\u00e9venteurs (IPRP, cabinets et consultants en pr\u00e9vention des risques professionnels)<\/li>\n<li>Diff\u00e9renciez-vous de la concurrence en proposant des logiciels innovants \u00e0 vos clients<\/li>\n<\/ul>\n<p>&nbsp;<\/p>\n<\/div>\n<\/div>\n<div class=\"sc-icon-with-title sc-icon-with-title-icon-size-medium\">\n<div class=\"sc-iconed-title\">\n<h3><span style=\"color: #005a91;\">Accompagnez vos clients avec un outil intuitif qui s&#8217;adapte \u00e0 votre m\u00e9thodologie<\/span><\/h3>\n<\/div>\n<\/div>\n<div class=\"wpb_text_column wpb_content_element \">\n<div class=\"wpb_wrapper\">\n<ul>\n<li>Enrichissez votre offre aupr\u00e8s de vos clients avec une solution innovante sur le march\u00e9<\/li>\n<li>Proposez \u00e0 vos clients un logiciel facile d\u2019utilisation, simple \u00e0 mettre en place et abordable<\/li>\n<\/ul>\n<p>&nbsp;<\/p>\n<div class=\"sc-icon-with-title sc-icon-with-title-icon-size-medium\">\n<div class=\"sc-iconed-title\">\n<h3><span style=\"color: #005a91;\">Appuyez-vous sur plus de 160 mod\u00e8les de document unique m\u00e9tiers\u00a0<\/span><\/h3>\n<\/div>\n<\/div>\n<div class=\"wpb_text_column wpb_content_element \">\n<div class=\"wpb_wrapper\">\n<ul>\n<li>Faites l&#8217;acquisition de mod\u00e8les de documents uniques m\u00e9tiers \u00e0 tout moment et personnalisez-les \u00e0 volont\u00e9<\/li>\n<li>Utilisez les mod\u00e8les lors de vos audits sur site afin de gagner du temps dans la r\u00e9alisation de vos livrables<\/li>\n<li>Cr\u00e9er vos propres mod\u00e8les de DUERP r\u00e9utilisables pour autant de clients que vous le souhaitez<\/li>\n<\/ul>\n<div class=\"sc-icon-with-title sc-icon-with-title-icon-size-medium\">\n<div class=\"sc-iconed-title\">\n<div class=\"sc-icon-with-title sc-icon-with-title-icon-size-medium\">\n<div class=\"sc-iconed-title\">\n<h2><\/h2>\n<h3><span style=\"color: #005a91;\">Am\u00e9liorez votre notori\u00e9t\u00e9<\/span><\/h3>\n<\/div>\n<\/div>\n<\/div>\n<\/div>\n<div class=\"wpb_text_column wpb_content_element \">\n<div class=\"wpb_wrapper\">\n<ul>\n<li>Augmentez la satisfaction et fid\u00e9lisez vos clients<\/li>\n<li>Profiter de notre r\u00e9activit\u00e9 commerciale, notre souplesse, notre r\u00e9activit\u00e9 et notre technicit\u00e9<\/li>\n<\/ul>\n<\/div>\n<\/div>\n<\/div>\n<\/div>\n<\/div>\n<\/div>\n<p><\/p>","protected":false},"excerpt":{"rendered":"<p>Sorry, this entry is only available in French. For the sake of viewer convenience, the content is shown below in the alternative language. You may click the link to switch the active language. Devenez Partenaire et rejoignez le Cercle national des Pr\u00e9venteurs Rejoignez un r\u00e9seau actif de Pr\u00e9venteurs (IPRP, cabinets et consultants en pr\u00e9vention des&hellip;<\/p>\n","protected":false},"author":1,"featured_media":0,"parent":0,"menu_order":0,"comment_status":"closed","ping_status":"closed","template":"","meta":[],"_links":{"self":[{"href":"https:\/\/www.duerp.com\/en\/wp-json\/wp\/v2\/pages\/1952"}],"collection":[{"href":"https:\/\/www.duerp.com\/en\/wp-json\/wp\/v2\/pages"}],"about":[{"href":"https:\/\/www.duerp.com\/en\/wp-json\/wp\/v2\/types\/page"}],"author":[{"embeddable":true,"href":"https:\/\/www.duerp.com\/en\/wp-json\/wp\/v2\/users\/1"}],"replies":[{"embeddable":true,"href":"https:\/\/www.duerp.com\/en\/wp-json\/wp\/v2\/comments?post=1952"}],"version-history":[{"count":5,"href":"https:\/\/www.duerp.com\/en\/wp-json\/wp\/v2\/pages\/1952\/revisions"}],"predecessor-version":[{"id":3107,"href":"https:\/\/www.duerp.com\/en\/wp-json\/wp\/v2\/pages\/1952\/revisions\/3107"}],"wp:attachment":[{"href":"https:\/\/www.duerp.com\/en\/wp-json\/wp\/v2\/media?parent=1952"}],"curies":[{"name":"wp","href":"https:\/\/api.w.org\/{rel}","templated":true}]}}