{"id":2309,"date":"2021-06-23T21:11:40","date_gmt":"2021-06-23T19:11:40","guid":{"rendered":"https:\/\/www.duerp.com\/?page_id=2309"},"modified":"2021-06-23T21:14:19","modified_gmt":"2021-06-23T19:14:19","slug":"demande-daccompagnement-au-duerp","status":"publish","type":"page","link":"https:\/\/www.duerp.com\/en\/demande-daccompagnement-au-duerp\/","title":{"rendered":"Demande d&#8217;accompagnement au DUERP"},"content":{"rendered":"<div role=\"form\" class=\"wpcf7\" id=\"wpcf7-f2308-o1\" lang=\"fr-FR\" dir=\"ltr\">\n<div class=\"screen-reader-response\"><p role=\"status\" aria-live=\"polite\" aria-atomic=\"true\"><\/p> <ul><\/ul><\/div>\n<form action=\"\/en\/wp-json\/wp\/v2\/pages\/2309#wpcf7-f2308-o1\" method=\"post\" class=\"wpcf7-form init\" novalidate=\"novalidate\" data-status=\"init\">\n<div style=\"display: none;\">\n<input type=\"hidden\" name=\"_wpcf7\" value=\"2308\" \/>\n<input type=\"hidden\" name=\"_wpcf7_version\" value=\"5.4\" \/>\n<input type=\"hidden\" name=\"_wpcf7_locale\" value=\"fr_FR\" \/>\n<input type=\"hidden\" name=\"_wpcf7_unit_tag\" value=\"wpcf7-f2308-o1\" \/>\n<input type=\"hidden\" name=\"_wpcf7_container_post\" value=\"0\" \/>\n<input type=\"hidden\" name=\"_wpcf7_posted_data_hash\" value=\"\" \/>\n<input type=\"hidden\" name=\"_wpcf7_recaptcha_response\" value=\"\" \/>\n<\/div>\n<p>Votre nom (obligatoire)<br \/>\n    <span class=\"wpcf7-form-control-wrap your-name\"><input type=\"text\" name=\"your-name\" value=\"\" size=\"40\" class=\"wpcf7-form-control wpcf7-text wpcf7-validates-as-required\" aria-required=\"true\" aria-invalid=\"false\" \/><\/span> <\/p>\n<p>Votre email (obligatoire)<br \/>\n    <span class=\"wpcf7-form-control-wrap your-email\"><input type=\"email\" name=\"your-email\" value=\"\" size=\"40\" class=\"wpcf7-form-control wpcf7-text wpcf7-email wpcf7-validates-as-required wpcf7-validates-as-email\" aria-required=\"true\" aria-invalid=\"false\" \/><\/span> <\/p>\n<p>Votre t\u00e9l\u00e9phone (obligatoire)<br \/>\n    <span class=\"wpcf7-form-control-wrap tel-701\"><input type=\"tel\" name=\"tel-701\" value=\"\" size=\"40\" class=\"wpcf7-form-control wpcf7-text wpcf7-tel wpcf7-validates-as-required wpcf7-validates-as-tel\" aria-required=\"true\" aria-invalid=\"false\" \/><\/span> <\/p>\n<p>Votre soci\u00e9t\u00e9 (obligatoire)<br \/>\n    <span class=\"wpcf7-form-control-wrap your-company\"><input type=\"text\" name=\"your-company\" value=\"\" size=\"40\" class=\"wpcf7-form-control wpcf7-text wpcf7-validates-as-required\" aria-required=\"true\" aria-invalid=\"false\" \/><\/span> <\/p>\n<p>Votre num\u00e9ro de Siren (obligatoire)<br \/>\n    <span class=\"wpcf7-form-control-wrap number-2\"><input type=\"number\" name=\"number-2\" value=\"\" class=\"wpcf7-form-control wpcf7-number wpcf7-validates-as-required wpcf7-validates-as-number\" min=\"9\" max=\"9\" aria-required=\"true\" aria-invalid=\"false\" \/><\/span> <\/p>\n<p>Sujet<br \/>\n<span class=\"wpcf7-form-control-wrap your-subject\"><select name=\"your-subject\" class=\"wpcf7-form-control wpcf7-select wpcf7-validates-as-required\" aria-required=\"true\" aria-invalid=\"false\"><option value=\"Analyse des AT\">Analyse des AT<\/option><option value=\"Audit SST\">Audit SST<\/option><option value=\"Audit du SMSST\">Audit du SMSST<\/option><option value=\"D\u00e9mo Plan d&#039;actions en ligne\">D\u00e9mo Plan d&#039;actions en ligne<\/option><option value=\"D\u00e9mo DUERP\">D\u00e9mo DUERP<\/option><option value=\"D\u00e9mo RISKOO\">D\u00e9mo RISKOO<\/option><option value=\"D\u00e9mo DIAG-SMSST\">D\u00e9mo DIAG-SMSST<\/option><option value=\"Diagnostic des RPS\">Diagnostic des RPS<\/option><option value=\"Diagnostic p\u00e9nibilit\u00e9\">Diagnostic p\u00e9nibilit\u00e9<\/option><option value=\"Evaluation des risques chimiques\">Evaluation des risques chimiques<\/option><option value=\"Formation guide-fil\/serre-fil\">Formation guide-fil\/serre-fil<\/option><option value=\"Formation manipulation extincteurs\">Formation manipulation extincteurs<\/option><option value=\"Formation PRAP\">Formation PRAP<\/option><option value=\"Formation SST\">Formation SST<\/option><option value=\"Pack PARTENAIRE sans abonnement\">Pack PARTENAIRE sans abonnement<\/option><option value=\"Pack PARTENAIRE avec abonnement\">Pack PARTENAIRE avec abonnement<\/option><option value=\"Pack TPE &lt; 20 salari\u00e9s\">Pack TPE &lt; 20 salari\u00e9s<\/option><option value=\"Pack PME 20 \u00e0 50 salari\u00e9s\">Pack PME 20 \u00e0 50 salari\u00e9s<\/option><option value=\"Pack PME 50 \u00e0 100 salari\u00e9s\">Pack PME 50 \u00e0 100 salari\u00e9s<\/option><option value=\"Pack MULTI-SITES &gt; 100 salari\u00e9s\" selected=\"selected\">Pack MULTI-SITES &gt; 100 salari\u00e9s<\/option><option value=\"R\u00e9alisation du Document unique\">R\u00e9alisation du Document unique<\/option><option value=\"R\u00e9alisation des Plans de Pr\u00e9vention\">R\u00e9alisation des Plans de Pr\u00e9vention<\/option><option value=\"R\u00e9alisation des Protocoles s\u00e9curit\u00e9\">R\u00e9alisation des Protocoles s\u00e9curit\u00e9<\/option><option value=\"R\u00e9alisation du livret d&#039;accueil\">R\u00e9alisation du livret d&#039;accueil<\/option><option value=\"Sensibilisation des managers aux RPS\">Sensibilisation des managers aux RPS<\/option><\/select><\/span><\/p>\n<p>Votre message<br \/>\n    <span class=\"wpcf7-form-control-wrap your-message\"><textarea name=\"your-message\" cols=\"40\" rows=\"10\" class=\"wpcf7-form-control wpcf7-textarea wpcf7-validates-as-required\" aria-required=\"true\" aria-invalid=\"false\"><\/textarea><\/span> <\/p>\n<p><input type=\"submit\" value=\"Envoyer\" class=\"wpcf7-form-control wpcf7-submit\" \/><\/p>\n<div class=\"wpcf7-response-output\" aria-hidden=\"true\"><\/div><\/form><\/div>\n","protected":false},"excerpt":{"rendered":"Votre nom (obligatoire) Votre email (obligatoire) Votre t\u00e9l\u00e9phone (obligatoire) Votre soci\u00e9t\u00e9 (obligatoire) Votre num\u00e9ro de Siren (obligatoire) Sujet Analyse des ATAudit SSTAudit du SMSSTD\u00e9mo Plan d&#039;actions en ligneD\u00e9mo DUERPD\u00e9mo RISKOOD\u00e9mo DIAG-SMSSTDiagnostic des RPSDiagnostic p\u00e9nibilit\u00e9Evaluation des risques chimiquesFormation guide-fil\/serre-filFormation manipulation extincteursFormation PRAPFormation SSTPack PARTENAIRE sans abonnementPack PARTENAIRE avec abonnementPack TPE &lt; 20 salari\u00e9sPack PME 20 \u00e0&hellip;","protected":false},"author":1,"featured_media":0,"parent":0,"menu_order":0,"comment_status":"closed","ping_status":"closed","template":"","meta":[],"_links":{"self":[{"href":"https:\/\/www.duerp.com\/en\/wp-json\/wp\/v2\/pages\/2309"}],"collection":[{"href":"https:\/\/www.duerp.com\/en\/wp-json\/wp\/v2\/pages"}],"about":[{"href":"https:\/\/www.duerp.com\/en\/wp-json\/wp\/v2\/types\/page"}],"author":[{"embeddable":true,"href":"https:\/\/www.duerp.com\/en\/wp-json\/wp\/v2\/users\/1"}],"replies":[{"embeddable":true,"href":"https:\/\/www.duerp.com\/en\/wp-json\/wp\/v2\/comments?post=2309"}],"version-history":[{"count":1,"href":"https:\/\/www.duerp.com\/en\/wp-json\/wp\/v2\/pages\/2309\/revisions"}],"predecessor-version":[{"id":2311,"href":"https:\/\/www.duerp.com\/en\/wp-json\/wp\/v2\/pages\/2309\/revisions\/2311"}],"wp:attachment":[{"href":"https:\/\/www.duerp.com\/en\/wp-json\/wp\/v2\/media?parent=2309"}],"curies":[{"name":"wp","href":"https:\/\/api.w.org\/{rel}","templated":true}]}}