{"id":2346,"date":"2021-06-29T11:53:33","date_gmt":"2021-06-29T09:53:33","guid":{"rendered":"https:\/\/www.duerp.com\/?page_id=2346"},"modified":"2021-07-13T17:39:41","modified_gmt":"2021-07-13T15:39:41","slug":"contact","status":"publish","type":"page","link":"https:\/\/www.duerp.com\/en\/contact\/","title":{"rendered":"Contact"},"content":{"rendered":"<p>[vc_row][vc_column][vc_single_image image=&#8221;2350&#8243; img_size=&#8221;Full&#8221;][vc_single_image image=&#8221;2350&#8243; img_size=&#8221;full&#8221;][\/vc_column][\/vc_row]<div role=\"form\" class=\"wpcf7\" id=\"wpcf7-f923-o1\" lang=\"fr-FR\" dir=\"ltr\">\n<div class=\"screen-reader-response\"><p role=\"status\" aria-live=\"polite\" aria-atomic=\"true\"><\/p> <ul><\/ul><\/div>\n<form action=\"\/en\/wp-json\/wp\/v2\/pages\/2346#wpcf7-f923-o1\" method=\"post\" class=\"wpcf7-form init\" novalidate=\"novalidate\" data-status=\"init\">\n<div style=\"display: none;\">\n<input type=\"hidden\" name=\"_wpcf7\" value=\"923\" \/>\n<input type=\"hidden\" name=\"_wpcf7_version\" value=\"5.4\" \/>\n<input type=\"hidden\" name=\"_wpcf7_locale\" value=\"fr_FR\" \/>\n<input type=\"hidden\" name=\"_wpcf7_unit_tag\" value=\"wpcf7-f923-o1\" \/>\n<input type=\"hidden\" name=\"_wpcf7_container_post\" value=\"0\" \/>\n<input type=\"hidden\" name=\"_wpcf7_posted_data_hash\" value=\"\" \/>\n<input type=\"hidden\" name=\"_wpcf7_recaptcha_response\" value=\"\" \/>\n<\/div>\n<p>Votre nom<br \/>\n<span class=\"wpcf7-form-control-wrap your-name\"><input type=\"text\" name=\"your-name\" value=\"\" size=\"40\" class=\"wpcf7-form-control wpcf7-text wpcf7-validates-as-required\" aria-required=\"true\" aria-invalid=\"false\" \/><\/span><\/p>\n<p>Votre email<br \/>\n<span class=\"wpcf7-form-control-wrap your-email\"><input type=\"email\" name=\"your-email\" value=\"\" size=\"40\" class=\"wpcf7-form-control wpcf7-text wpcf7-email wpcf7-validates-as-required wpcf7-validates-as-email\" aria-required=\"true\" aria-invalid=\"false\" \/><\/span><\/p>\n<p>T\u00e9l\u00e9phone<br \/>\n<span class=\"wpcf7-form-control-wrap tel-146\"><input type=\"tel\" name=\"tel-146\" value=\"\" size=\"40\" class=\"wpcf7-form-control wpcf7-text wpcf7-tel wpcf7-validates-as-required wpcf7-validates-as-tel\" aria-required=\"true\" aria-invalid=\"false\" \/><\/span><\/p>\n<p>Soci\u00e9t\u00e9<br \/>\n<span class=\"wpcf7-form-control-wrap your-societe\"><input type=\"text\" name=\"your-societe\" value=\"\" size=\"40\" class=\"wpcf7-form-control wpcf7-text wpcf7-validates-as-required\" aria-required=\"true\" aria-invalid=\"false\" \/><\/span><\/p>\n<p>Siren<br \/>\n<span class=\"wpcf7-form-control-wrap your-siren\"><input type=\"number\" name=\"your-siren\" value=\"\" class=\"wpcf7-form-control wpcf7-number wpcf7-validates-as-required wpcf7-validates-as-number\" min=\"100000000\" max=\"999999999\" aria-required=\"true\" aria-invalid=\"false\" \/><\/span><\/p>\n<p>Sujet<br \/>\n<span class=\"wpcf7-form-control-wrap your-subject\"><select name=\"your-subject\" class=\"wpcf7-form-control wpcf7-select wpcf7-validates-as-required\" aria-required=\"true\" aria-invalid=\"false\"><option value=\"Analyse des AT\">Analyse des AT<\/option><option value=\"Audit SST\">Audit SST<\/option><option value=\"Audit du SMSST\">Audit du SMSST<\/option><option value=\"D\u00e9mo Plan d&#039;actions en ligne\">D\u00e9mo Plan d&#039;actions en ligne<\/option><option value=\"D\u00e9mo DUERP\">D\u00e9mo DUERP<\/option><option value=\"D\u00e9mo RISKOO\">D\u00e9mo RISKOO<\/option><option value=\"D\u00e9mo DIAG-SMSST\">D\u00e9mo DIAG-SMSST<\/option><option value=\"Diagnostic des RPS\">Diagnostic des RPS<\/option><option value=\"Diagnostic p\u00e9nibilit\u00e9\">Diagnostic p\u00e9nibilit\u00e9<\/option><option value=\"Evaluation des risques chimiques\">Evaluation des risques chimiques<\/option><option value=\"Formation guide-fil\/serre-fil\">Formation guide-fil\/serre-fil<\/option><option value=\"Formation manipulation extincteurs\">Formation manipulation extincteurs<\/option><option value=\"Formation PRAP\">Formation PRAP<\/option><option value=\"Formation SST\">Formation SST<\/option><option value=\"Pack PARTENAIRE sans abonnement\">Pack PARTENAIRE sans abonnement<\/option><option value=\"Pack PARTENAIRE avec abonnement\">Pack PARTENAIRE avec abonnement<\/option><option value=\"Pack TPE &lt; 20 salari\u00e9s\">Pack TPE &lt; 20 salari\u00e9s<\/option><option value=\"Pack PME 20 \u00e0 50 salari\u00e9s\">Pack PME 20 \u00e0 50 salari\u00e9s<\/option><option value=\"Pack PME 50 \u00e0 100 salari\u00e9s\">Pack PME 50 \u00e0 100 salari\u00e9s<\/option><option value=\"Pack MULTI-SITES &gt; 100 salari\u00e9s\">Pack MULTI-SITES &gt; 100 salari\u00e9s<\/option><option value=\"R\u00e9alisation du Document unique\" selected=\"selected\">R\u00e9alisation du Document unique<\/option><option value=\"R\u00e9alisation des Plans de Pr\u00e9vention\">R\u00e9alisation des Plans de Pr\u00e9vention<\/option><option value=\"R\u00e9alisation des Protocoles s\u00e9curit\u00e9\">R\u00e9alisation des Protocoles s\u00e9curit\u00e9<\/option><option value=\"R\u00e9alisation du livret d&#039;accueil\">R\u00e9alisation du livret d&#039;accueil<\/option><option value=\"Sensibilisation des managers aux RPS\">Sensibilisation des managers aux RPS<\/option><\/select><\/span><\/p>\n<p>Votre message<br \/>\n<span class=\"wpcf7-form-control-wrap your-message\"><textarea name=\"your-message\" cols=\"40\" rows=\"10\" class=\"wpcf7-form-control wpcf7-textarea wpcf7-validates-as-required\" aria-required=\"true\" aria-invalid=\"false\"><\/textarea><\/span><\/p>\n\n<p><span class=\"wpcf7-form-control-wrap acceptance-302\"><span class=\"wpcf7-form-control wpcf7-acceptance\"><span class=\"wpcf7-list-item\"><label><input type=\"checkbox\" name=\"acceptance-302\" value=\"1\" aria-invalid=\"false\" \/><span class=\"wpcf7-list-item-label\">Vous acceptez que vos donn\u00e9es soient stock\u00e9es pour apporter une r\u00e9ponse<\/span><\/label><\/span><\/span><\/span><\/p>\n<p><input type=\"submit\" value=\"Envoyer\" class=\"wpcf7-form-control wpcf7-submit\" \/><\/p>\n<div class=\"wpcf7-response-output\" aria-hidden=\"true\"><\/div><\/form><\/div>\n","protected":false},"excerpt":{"rendered":"<p>[vc_row][vc_column][vc_single_image image=&#8221;2350&#8243; img_size=&#8221;Full&#8221;][vc_single_image image=&#8221;2350&#8243; img_size=&#8221;full&#8221;][\/vc_column][\/vc_row]<\/p>\n","protected":false},"author":1,"featured_media":0,"parent":0,"menu_order":0,"comment_status":"closed","ping_status":"closed","template":"","meta":[],"_links":{"self":[{"href":"https:\/\/www.duerp.com\/en\/wp-json\/wp\/v2\/pages\/2346"}],"collection":[{"href":"https:\/\/www.duerp.com\/en\/wp-json\/wp\/v2\/pages"}],"about":[{"href":"https:\/\/www.duerp.com\/en\/wp-json\/wp\/v2\/types\/page"}],"author":[{"embeddable":true,"href":"https:\/\/www.duerp.com\/en\/wp-json\/wp\/v2\/users\/1"}],"replies":[{"embeddable":true,"href":"https:\/\/www.duerp.com\/en\/wp-json\/wp\/v2\/comments?post=2346"}],"version-history":[{"count":2,"href":"https:\/\/www.duerp.com\/en\/wp-json\/wp\/v2\/pages\/2346\/revisions"}],"predecessor-version":[{"id":2354,"href":"https:\/\/www.duerp.com\/en\/wp-json\/wp\/v2\/pages\/2346\/revisions\/2354"}],"wp:attachment":[{"href":"https:\/\/www.duerp.com\/en\/wp-json\/wp\/v2\/media?parent=2346"}],"curies":[{"name":"wp","href":"https:\/\/api.w.org\/{rel}","templated":true}]}}