{"id":3183,"date":"2026-01-06T12:21:15","date_gmt":"2026-01-06T11:21:15","guid":{"rendered":"https:\/\/www.duerp.com\/?page_id=3183"},"modified":"2026-01-29T13:14:33","modified_gmt":"2026-01-29T12:14:33","slug":"les-nouveautes-de-la-solution-duerp-disponible-en-2026","status":"publish","type":"page","link":"https:\/\/www.duerp.com\/en\/les-nouveautes-de-la-solution-duerp-disponible-en-2026\/","title":{"rendered":"(Fran\u00e7ais) Les nouveaut\u00e9s de la solution DUERP en 2026 !"},"content":{"rendered":"<p class=\"qtranxs-available-languages-message qtranxs-available-languages-message-en\">Sorry, this entry is only available in <a href=\"https:\/\/www.duerp.com\/fr\/wp-json\/wp\/v2\/pages\/3183\" class=\"qtranxs-available-language-link qtranxs-available-language-link-fr\" title=\"Fran\u00e7ais\">French<\/a>. For the sake of viewer convenience, the content is shown below in the alternative language. You may click the link to switch the active language.<\/p><p><\/p>\n<p data-pm-slice=\"1 1 []\" data-prosemirror-content-type=\"node\" data-prosemirror-node-block=\"true\" data-prosemirror-node-name=\"paragraph\">Nous sommes ravis de vous annoncer les <strong data-prosemirror-content-type=\"mark\" data-prosemirror-mark-name=\"strong\">nouvelles fonctionnalit\u00e9s de notre solution DUERP<\/strong>, disponible d\u00e8s aujourd&#8217;hui. Cette version apporte des <strong data-prosemirror-content-type=\"mark\" data-prosemirror-mark-name=\"strong\">fonctionnalit\u00e9s in\u00e9dites<\/strong>, des <strong data-prosemirror-content-type=\"mark\" data-prosemirror-mark-name=\"strong\">am\u00e9liorations pour une meilleure conformit\u00e9<\/strong> et des <strong data-prosemirror-content-type=\"mark\" data-prosemirror-mark-name=\"strong\">corrections de dysfonctionnements<\/strong> pour une exp\u00e9rience toujours plus fluide.<\/p>\n<p>&nbsp;<\/p>\n<h3 data-prosemirror-content-type=\"node\" data-prosemirror-node-block=\"true\" data-prosemirror-node-name=\"paragraph\">\ud83d\ude80 <strong data-prosemirror-content-type=\"mark\" data-prosemirror-mark-name=\"strong\">Nouveaut\u00e9s et am\u00e9liorations<\/strong><\/h3>\n<p data-prosemirror-content-type=\"node\" data-prosemirror-node-block=\"true\" data-prosemirror-node-name=\"paragraph\">\u2714 <strong data-prosemirror-content-type=\"mark\" data-prosemirror-mark-name=\"strong\">Suggestions automatiques lors de l\u2019ajout d\u2019\u00e9l\u00e9ments<\/strong> \u2013 Par exemple, en ajoutant <em data-prosemirror-content-type=\"mark\" data-prosemirror-mark-name=\"em\">\u201cchute de hauteur\u201d<\/em>, l\u2019outil compl\u00e8te automatiquement avec le contenu associ\u00e9.<br \/>\n\u2714 <strong data-prosemirror-content-type=\"mark\" data-prosemirror-mark-name=\"strong\">Parcours utilisateur pour la mise \u00e0 jour du document unique <\/strong>\u2013 Par ce qu&#8217;un an c&#8217;est trop long, on vous accompagne automatiquement comme pour l&#8217;initialisation de votre document unique, \u00e9tape par \u00e9tape, \u00e0 sa mise \u00e0 jour annuelle.<br data-prosemirror-content-type=\"node\" data-prosemirror-node-inline=\"true\" data-prosemirror-node-name=\"hardBreak\" \/>\u2714 <strong data-prosemirror-content-type=\"mark\" data-prosemirror-mark-name=\"strong\">Annotations sur photos<\/strong> \u2013 vous pouvez d\u00e9sormais ajouter des fl\u00e8ches, zones de texte ou rep\u00e8res directement sur vos photos pour plus de pr\u00e9cision.<br data-prosemirror-content-type=\"node\" data-prosemirror-node-inline=\"true\" data-prosemirror-node-name=\"hardBreak\" \/>\u2714 <strong data-prosemirror-content-type=\"mark\" data-prosemirror-mark-name=\"strong\">Nouveau module de suivi des d\u00e9chets<\/strong> \u2013 Suivez vos bordereaux de d\u00e9chets : ce qui a \u00e9t\u00e9 envoy\u00e9 au recyclage, qui a assur\u00e9 le transport et \u00e0 quel organisme le traitement a \u00e9t\u00e9 confi\u00e9.<br data-prosemirror-content-type=\"node\" data-prosemirror-node-inline=\"true\" data-prosemirror-node-name=\"hardBreak\" \/>\u2714 <strong data-prosemirror-content-type=\"mark\" data-prosemirror-mark-name=\"strong\">Nouveau module de remont\u00e9e des incivilit\u00e9s<\/strong> \u2013 Signalez en tant que salari\u00e9 facilement les incivilit\u00e9s dans l\u2019outil, avec une prise en charge optimis\u00e9e par la structure de votre entreprise.<br data-prosemirror-content-type=\"node\" data-prosemirror-node-inline=\"true\" data-prosemirror-node-name=\"hardBreak\" \/>\u2714 <strong data-prosemirror-content-type=\"mark\" data-prosemirror-mark-name=\"strong\">Suivi de l\u2019efficacit\u00e9 des mesures<\/strong> \u2013 \u00c9valuez l\u2019impact de vos actions gr\u00e2ce \u00e0 un nouvel indicateur int\u00e9gr\u00e9 et mettez \u00e0 jour votre Papripact.<br \/>\n\u2714 <strong data-prosemirror-content-type=\"mark\" data-prosemirror-mark-name=\"strong\">Reporting par entit\u00e9 via Power BI<\/strong> \u2013 Compl\u00e9ter les indicateurs KPI de la solution en ajoutant des reportings personnalis\u00e9s gr\u00e2ce \u00e0 Power BI pour chaque niveau hi\u00e9rarchique de votre organisation et imprimez ais\u00e9ment vos rapports.<br \/>\n\u2714 <strong data-prosemirror-content-type=\"mark\" data-prosemirror-mark-name=\"strong\">Copier\/coller de tout ou partie d&#8217;un document unique <\/strong>\u2013 Copiez une unit\u00e9 de travail, une situation dangereuse, une action de pr\u00e9vention et m\u00eame un document unique et tous les \u00e9l\u00e9ments qui la\/le compose pour la\/le coller \u00e0 un autre endroit.<br \/>\n\u2714 <strong data-prosemirror-content-type=\"mark\" data-prosemirror-mark-name=\"strong\">Un PAPRIPACT qui colle \u00e0 la r\u00e9glementation <\/strong>\u2013 Le PAPRIPACT a \u00e9t\u00e9 compl\u00e9t\u00e9 d&#8217;informations qui le rend dor\u00e9navant conforme \u00e0 la r\u00e9glementation du code du travail.<\/p>\n<p>&nbsp;<\/p>\n<h3 data-prosemirror-content-type=\"node\" data-prosemirror-node-block=\"true\" data-prosemirror-node-name=\"paragraph\"><\/h3>\n<h3 data-prosemirror-content-type=\"node\" data-prosemirror-node-block=\"true\" data-prosemirror-node-name=\"paragraph\">\ud83c\udfaf <strong data-prosemirror-content-type=\"mark\" data-prosemirror-mark-name=\"strong\">Quels b\u00e9n\u00e9fices pour vous ?<\/strong><\/h3>\n<p data-prosemirror-content-type=\"node\" data-prosemirror-node-block=\"true\" data-prosemirror-node-name=\"paragraph\">\u2705 Mise en conformit\u00e9 facilit\u00e9e \u2013 R\u00e9pondez \u00e0 vos obligations r\u00e9glementaires en quelques clics.<br data-prosemirror-content-type=\"node\" data-prosemirror-node-inline=\"true\" data-prosemirror-node-name=\"hardBreak\" \/>\u2705 Meilleure tra\u00e7abilit\u00e9 \u2013 Suivez les d\u00e9chets, les incidents et les mesures prises pour s\u00e9curiser vos \u00e9quipes.<br data-prosemirror-content-type=\"node\" data-prosemirror-node-inline=\"true\" data-prosemirror-node-name=\"hardBreak\" \/>\u2705 Communication optimis\u00e9e \u2013 Illustrez vos constats directement sur photo et gagnez en pr\u00e9cision.<br \/>\n\u2705 Suivi am\u00e9lior\u00e9 \u2013 Des indicateurs qualit\u00e9 \u00e0 chaque niveau de votre organisation.<br \/>\n\u2705 Mise \u00e0 jour facilit\u00e9e \u2013 Gagnez du temps dans la mise \u00e0 jour de votre document unique.<\/p>\n<p>&nbsp;<\/p>\n<h3 data-prosemirror-content-type=\"node\" data-prosemirror-node-block=\"true\" data-prosemirror-node-name=\"paragraph\"><\/h3>\n<h3 data-prosemirror-content-type=\"node\" data-prosemirror-node-block=\"true\" data-prosemirror-node-name=\"paragraph\">\ud83d\udd27 <strong data-prosemirror-content-type=\"mark\" data-prosemirror-mark-name=\"strong\">Corrections et optimisations<\/strong><\/h3>\n<p data-prosemirror-content-type=\"node\" data-prosemirror-node-block=\"true\" data-prosemirror-node-name=\"paragraph\">\ud83d\udd39 Ajout de <strong data-prosemirror-content-type=\"mark\" data-prosemirror-mark-name=\"strong\">liens web<\/strong> depuis la page d\u2019accueil de l\u2019\u00e9tablissement pour un acc\u00e8s plus rapide aux ressources.<br data-prosemirror-content-type=\"node\" data-prosemirror-node-inline=\"true\" data-prosemirror-node-name=\"hardBreak\" \/>\ud83d\udd39 <strong data-prosemirror-content-type=\"mark\" data-prosemirror-mark-name=\"strong\">Refonte de l\u2019impression PDF<\/strong> du module Rapport Sant\u00e9 et S\u00e9curit\u00e9 utilis\u00e9 par nos clients Suisse pour plus de clart\u00e9 et de lisibilit\u00e9.<br data-prosemirror-content-type=\"node\" data-prosemirror-node-inline=\"true\" data-prosemirror-node-name=\"hardBreak\" \/>\ud83d\udd39 Mise en place d\u2019un <strong data-prosemirror-content-type=\"mark\" data-prosemirror-mark-name=\"strong\">mail r\u00e9capitulatif mensuel <\/strong>pour suivre les contr\u00f4les et v\u00e9rifications p\u00e9riodiques <strong data-prosemirror-content-type=\"mark\" data-prosemirror-mark-name=\"strong\"> (module CVP)<\/strong> .<br data-prosemirror-content-type=\"node\" data-prosemirror-node-inline=\"true\" data-prosemirror-node-name=\"hardBreak\" \/>\ud83d\udd39 Correction des dysfonctionnements sur le <strong data-prosemirror-content-type=\"mark\" data-prosemirror-mark-name=\"strong\">module CVP<\/strong> pour une meilleure fluidit\u00e9 et stabilit\u00e9.<br data-prosemirror-content-type=\"node\" data-prosemirror-node-inline=\"true\" data-prosemirror-node-name=\"hardBreak\" \/>\ud83d\udd39 Correction du dysfonctionnement sur l\u2019<strong data-prosemirror-content-type=\"mark\" data-prosemirror-mark-name=\"strong\">audit rapide<\/strong> pour un affichage et une prise en compte optimis\u00e9s.<\/p>\n<p>&nbsp;<\/p>\n<h3 data-prosemirror-content-type=\"node\" data-prosemirror-node-block=\"true\" data-prosemirror-node-name=\"paragraph\"><\/h3>\n<h3 data-prosemirror-content-type=\"node\" data-prosemirror-node-block=\"true\" data-prosemirror-node-name=\"paragraph\">\u26a1 <strong data-prosemirror-content-type=\"mark\" data-prosemirror-mark-name=\"strong\">Mise \u00e0 jour automatique<\/strong><\/h3>\n<p data-prosemirror-content-type=\"node\" data-prosemirror-node-block=\"true\" data-prosemirror-node-name=\"paragraph\">Ces am\u00e9liorations seront pour partie disponibles en ce d\u00e9but f\u00e9vrier 2026 pour tous les utilisateurs abonn\u00e9s ou en passe de l&#8217;\u00eatre.<\/p>\n<p>&nbsp;<\/p>\n<h3 data-prosemirror-content-type=\"node\" data-prosemirror-node-block=\"true\" data-prosemirror-node-name=\"paragraph\"><\/h3>\n<h3 data-prosemirror-content-type=\"node\" data-prosemirror-node-block=\"true\" data-prosemirror-node-name=\"paragraph\">\ud83d\udccc <strong data-prosemirror-content-type=\"mark\" data-prosemirror-mark-name=\"strong\">Besoin d\u2019aide ?<\/strong><\/h3>\n<p data-prosemirror-content-type=\"node\" data-prosemirror-node-block=\"true\" data-prosemirror-node-name=\"paragraph\">Notre support est \u00e0 votre disposition pour vous accompagner dans cette transition.<\/p>\n<p data-prosemirror-content-type=\"node\" data-prosemirror-node-block=\"true\" data-prosemirror-node-name=\"paragraph\">Merci pour votre confiance et \u00e0 tr\u00e8s bient\u00f4t sur <strong data-prosemirror-content-type=\"mark\" data-prosemirror-mark-name=\"strong\">DUERP <\/strong>!<\/p>\n<p><\/p>","protected":false},"excerpt":{"rendered":"<p>Sorry, this entry is only available in French. For the sake of viewer convenience, the content is shown below in the alternative language. You may click the link to switch the active language. Nous sommes ravis de vous annoncer les nouvelles fonctionnalit\u00e9s de notre solution DUERP, disponible d\u00e8s aujourd&#8217;hui. Cette version apporte des fonctionnalit\u00e9s in\u00e9dites,&hellip;<\/p>\n","protected":false},"author":1,"featured_media":0,"parent":0,"menu_order":0,"comment_status":"closed","ping_status":"closed","template":"","meta":[],"_links":{"self":[{"href":"https:\/\/www.duerp.com\/en\/wp-json\/wp\/v2\/pages\/3183"}],"collection":[{"href":"https:\/\/www.duerp.com\/en\/wp-json\/wp\/v2\/pages"}],"about":[{"href":"https:\/\/www.duerp.com\/en\/wp-json\/wp\/v2\/types\/page"}],"author":[{"embeddable":true,"href":"https:\/\/www.duerp.com\/en\/wp-json\/wp\/v2\/users\/1"}],"replies":[{"embeddable":true,"href":"https:\/\/www.duerp.com\/en\/wp-json\/wp\/v2\/comments?post=3183"}],"version-history":[{"count":19,"href":"https:\/\/www.duerp.com\/en\/wp-json\/wp\/v2\/pages\/3183\/revisions"}],"predecessor-version":[{"id":3204,"href":"https:\/\/www.duerp.com\/en\/wp-json\/wp\/v2\/pages\/3183\/revisions\/3204"}],"wp:attachment":[{"href":"https:\/\/www.duerp.com\/en\/wp-json\/wp\/v2\/media?parent=3183"}],"curies":[{"name":"wp","href":"https:\/\/api.w.org\/{rel}","templated":true}]}}