{"id":627,"date":"2016-04-27T10:30:21","date_gmt":"2016-04-27T08:30:21","guid":{"rendered":"http:\/\/duevrp.com\/?page_id=627"},"modified":"2021-09-25T16:34:32","modified_gmt":"2021-09-25T14:34:32","slug":"modules","status":"publish","type":"page","link":"https:\/\/www.duerp.com\/en\/modules\/","title":{"rendered":"Modules"},"content":{"rendered":"<p>[vc_row type=&#8221;2&#8243; margin_top=&#8221;-50&#8243;][vc_column][vc_column_text]<\/p>\n<h3><strong><u><span style=\"color: #000000;\">1.\u00a0<\/span>Une solution 100% Full Web pour la mise \u00e0 jour des plans d&#8217;action<\/u><\/strong><\/h3>\n<p>Permettez \u00e0 vos managers, responsables de service, responsables de magasin ou de boutique de mettre \u00e0 jour simplement le document unique via des plans d&#8217;action tr\u00e8s intuitif.<\/p>\n<h5>a)\u00a0Une page d&#8217;accueil simple et accessible 100% Full Web<\/h5>\n<p>[\/vc_column_text][vc_single_image image=&#8221;658&#8243; img_size=&#8221;medium&#8221; alignment=&#8221;center&#8221;][vc_column_text]La page d&#8217;accueil permet de t\u00e9l\u00e9charger le guide utilisateur d&#8217;utilisation, de renseigner le plan d&#8217;action ainsi que les personnes en charge de sa r\u00e9daction. Une fois r\u00e9vis\u00e9, le document unique sera accessible en t\u00e9l\u00e9chargement au format PDF.<\/p>\n<h5>b) Un plan d&#8217;action personnalis\u00e9 \u00e0 chaque collaborateur et tr\u00e8s simple d&#8217;utilisation 100% Full Web<\/h5>\n<p>[\/vc_column_text][vc_single_image image=&#8221;659&#8243; img_size=&#8221;large&#8221; alignment=&#8221;center&#8221;][vc_column_text]De par sa simplicit\u00e9 et sa pr\u00e9sentation, le plan d&#8217;action est \u00e0 la port\u00e9e de tous vos collaborateurs et clients.<\/p>\n<h5>c) Un suivi centralis\u00e9 des plans d&#8217;action par les coordinateurs SST ou les responsables HSE avec le logiciel DUEvRP Cloud<\/h5>\n<p>[\/vc_column_text][vc_single_image image=&#8221;660&#8243; img_size=&#8221;large&#8221; alignment=&#8221;center&#8221;][vc_column_text]Le module de suivi des plans d&#8217;action vous permet de suive l&#8217;\u00e9tat d&#8217;avancement du remplissage de chaque plan d&#8217;action de tous vos \u00e9tablissements, services, magasins, &#8230;<\/p>\n<h5>d) Une mise \u00e0 jour des donn\u00e9es en temps r\u00e9el au fur et \u00e0 mesure de la saisie par l&#8217;utilisateur<\/h5>\n<p>[\/vc_column_text][vc_single_image image=&#8221;661&#8243; img_size=&#8221;medium&#8221; alignment=&#8221;center&#8221;][vc_column_text]Chaque\u00a0information modifi\u00e9e\u00a0par l&#8217;utilisateur est instantan\u00e9ment enregistr\u00e9e sur le serveur permettant ainsi \u00e0 l&#8217;utilisateur de ne perdre aucune donn\u00e9e en cas d&#8217;interruption de son travail mais permet \u00e9galement au responsable HSE ou au Pr\u00e9venteur en charge du document unique de constater des modifications en temps r\u00e9el.<\/p>\n<h3><strong><u>2. La d\u00e9claration et le suivi des accidents du travail<\/u><\/strong><\/h3>\n<p>D\u00e9clarez les accidents du travail dans le logiciel, g\u00e9n\u00e9rez automatiquement une fiche synth\u00e9tique d&#8217;accident, g\u00e9n\u00e9rez le Cerfa S6200 au format PDF, d\u00e9clarez l&#8217;accident en ligne sur Net-entreprises et suivez vos accidents avec le module de gestion des accidents du logiciel DUEvRP.<\/p>\n<h5>a) Saisissez vos accidents du travail dans le logiciel afin d&#8217;assurer leur tra\u00e7abilit\u00e9<\/h5>\n<p>[\/vc_column_text][vc_single_image image=&#8221;669&#8243; img_size=&#8221;medium&#8221; alignment=&#8221;center&#8221;][vc_column_text]La saisie de l&#8217;accident peut se faire depuis l&#8217;interface principale ou depuis un employ\u00e9 ou encore depuis un risque. La fiche accident sera automatiquement aliment\u00e9e des donn\u00e9es concern\u00e9es (donn\u00e9es sur l&#8217;employ\u00e9 et le risque).[\/vc_column_text][vc_single_image image=&#8221;670&#8243; img_size=&#8221;medium&#8221; alignment=&#8221;center&#8221;][vc_column_text]Saisissez l&#8217;ensemble des informations indispensables au remplissage du document Cerfa S6200 ou pour le d\u00e9p\u00f4t EDI en ligne.<\/p>\n<h5>b) Rattachez l&#8217;accident \u00e0 la situation de travail du document unique et plus pr\u00e9cis\u00e9ment au risque \u00e0 l&#8217;origine de l&#8217;accident<\/h5>\n<p>[\/vc_column_text][vc_single_image image=&#8221;671&#8243; img_size=&#8221;large&#8221; alignment=&#8221;center&#8221;][vc_column_text]Le rattachement de l&#8217;accident du travail \u00e0 la situation de travail de votre document unique vous apportera les avantages suivants :<\/p>\n<ul>\n<li>Une actualisation automatiquement de la cotation du risque concern\u00e9 gr\u00e2ce au facteur de cotation du risque initial &#8220;Probabilit\u00e9&#8221;<\/li>\n<li>Une meilleure tra\u00e7abilit\u00e9 de l&#8217;accident<\/li>\n<li>Une facilitation de l&#8217;analyse de l&#8217;accident du travail via l&#8217;arbre des causes<\/li>\n<li>Une affectation et une identification rapide des mesures de pr\u00e9vention qui ont \u00e9t\u00e9 mises en oeuvre afin que l&#8217;accident ne se reproduise plus<\/li>\n<li>Une am\u00e9lioration des donn\u00e9es de statistiques dans le cadre de l&#8217;analyse des accidents du travail<\/li>\n<\/ul>\n<h5>c) G\u00e9n\u00e9rez la fiche descriptive de l&#8217;accident pour une communication interne (CHSCT)<\/h5>\n<p>[\/vc_column_text][vc_single_image image=&#8221;672&#8243; img_size=&#8221;medium&#8221; alignment=&#8221;center&#8221;][vc_column_text]Depuis la liste des accidents du travail, g\u00e9n\u00e9rez en un clic la fiche descriptive de l&#8217;accident et personnalisez les informations que vous souhaitez y voir figur\u00e9es<\/p>\n<h5>d) G\u00e9n\u00e9rez le formulaire de d\u00e9claration de l&#8217;accident pour envoi \u00e0 votre caisse et\/ou pour une archivage interne<\/h5>\n<p>[\/vc_column_text][vc_single_image image=&#8221;673&#8243; img_size=&#8221;medium&#8221; alignment=&#8221;center&#8221;][vc_column_text]Le formulaire Cerfa S6200G est automatiquement g\u00e9n\u00e9r\u00e9 au format PDF pour un envoi par voie postale ou un simple archivage dans le cadre d&#8217;un d\u00e9p\u00f4t \u00e9lectronique sur Net-entreprises.<\/p>\n<h5>e) D\u00e9clarez l&#8217;accident du travail en ligne<\/h5>\n<p>[\/vc_column_text][vc_single_image image=&#8221;674&#8243; img_size=&#8221;medium&#8221; alignment=&#8221;center&#8221;][vc_column_text]Utilisez notre interface 100% full Web pour permettre \u00e0 vos managers et RH de d\u00e9clarer en ligne les accidents du travail.<\/p>\n<h5>f) Suivez efficacement vos d\u00e9clarations d&#8217;accident<\/h5>\n<p>[\/vc_column_text][vc_single_image image=&#8221;675&#8243; img_size=&#8221;medium&#8221; alignment=&#8221;center&#8221;][vc_column_text]Suivez simplement et efficacement les accidents du travail en utilisant diff\u00e9rents filtres (par statut d&#8217;analyse, par ann\u00e9es, par classe de risque, &#8230;)<\/p>\n<h5>g) G\u00e9n\u00e9rez des statistiques pertinentes afin d&#8217;analyser efficacement les accidents du travail<\/h5>\n<p>[\/vc_column_text][vc_single_image image=&#8221;676&#8243; img_size=&#8221;medium&#8221; alignment=&#8221;center&#8221;][vc_column_text]L\u2019interconnexion de vos accidents du travail avec le document unique et notre module de g\u00e9n\u00e9ration des statistiques vous permettront d&#8217;am\u00e9liorer l&#8217;analyse des accidents du travail afin d&#8217;\u00e9viter qu&#8217;il ne se reproduisent.[\/vc_column_text][\/vc_column][\/vc_row]<\/p>","protected":false},"excerpt":{"rendered":"<p>[vc_row type=&#8221;2&#8243; margin_top=&#8221;-50&#8243;][vc_column][vc_column_text] 1.\u00a0Une solution 100% Full Web pour la mise \u00e0 jour des plans d&#8217;action Permettez \u00e0 vos managers, responsables de service, responsables de magasin ou de boutique de mettre \u00e0 jour simplement le document unique via des plans d&#8217;action tr\u00e8s intuitif. a)\u00a0Une page d&#8217;accueil simple et accessible 100% Full Web [\/vc_column_text][vc_single_image image=&#8221;658&#8243; img_size=&#8221;medium&#8221;&hellip;<\/p>\n","protected":false},"author":1,"featured_media":0,"parent":0,"menu_order":0,"comment_status":"closed","ping_status":"closed","template":"","meta":[],"_links":{"self":[{"href":"https:\/\/www.duerp.com\/en\/wp-json\/wp\/v2\/pages\/627"}],"collection":[{"href":"https:\/\/www.duerp.com\/en\/wp-json\/wp\/v2\/pages"}],"about":[{"href":"https:\/\/www.duerp.com\/en\/wp-json\/wp\/v2\/types\/page"}],"author":[{"embeddable":true,"href":"https:\/\/www.duerp.com\/en\/wp-json\/wp\/v2\/users\/1"}],"replies":[{"embeddable":true,"href":"https:\/\/www.duerp.com\/en\/wp-json\/wp\/v2\/comments?post=627"}],"version-history":[{"count":7,"href":"https:\/\/www.duerp.com\/en\/wp-json\/wp\/v2\/pages\/627\/revisions"}],"predecessor-version":[{"id":666,"href":"https:\/\/www.duerp.com\/en\/wp-json\/wp\/v2\/pages\/627\/revisions\/666"}],"wp:attachment":[{"href":"https:\/\/www.duerp.com\/en\/wp-json\/wp\/v2\/media?parent=627"}],"curies":[{"name":"wp","href":"https:\/\/api.w.org\/{rel}","templated":true}]}}