{"id":632,"date":"2016-04-27T10:34:59","date_gmt":"2016-04-27T08:34:59","guid":{"rendered":"http:\/\/duevrp.com\/?page_id=632"},"modified":"2024-09-13T16:55:20","modified_gmt":"2024-09-13T14:55:20","slug":"alea-prevention","status":"publish","type":"page","link":"https:\/\/www.duerp.com\/en\/alea-prevention\/","title":{"rendered":"ALEA Prevention"},"content":{"rendered":"<p class=\"qtranxs-available-languages-message qtranxs-available-languages-message-en\">Sorry, this entry is only available in <a href=\"https:\/\/www.duerp.com\/fr\/wp-json\/wp\/v2\/pages\/632\" class=\"qtranxs-available-language-link qtranxs-available-language-link-fr\" title=\"Fran\u00e7ais\">French<\/a>. For the sake of viewer convenience, the content is shown below in the alternative language. You may click the link to switch the active language.<\/p><p>[vc_row][vc_column][vc_column_text]<\/p>\n<h3><span style=\"color: #005a91;\">Transformez vos obligations l\u00e9gales en opportunit\u00e9s !<\/span><\/h3>\n<p><strong>Pour un grand nombre d&#8217;entreprises, d&#8217;associations et de collectivit\u00e9s, la ma\u00eetrise de la pr\u00e9vention des risques (professionnels, environnementaux, suret\u00e9, malveillance, financier, \u2026) est l&#8217;assurance de r\u00e9pondre aux enjeux humains, \u00e9conomiques, sociaux et juridiques de plus en plus complexes.<\/strong>[\/vc_column_text][\/vc_column][\/vc_row][vc_row][vc_column][vc_column_text]<\/p>\n<h2><\/h2>\n<h3><span style=\"color: #005a91;\">Nos activit\u00e9s d\u2019audit, de conseil, d\u2019accompagnement et formation dans les domaines de la sant\u00e9 et la s\u00e9curit\u00e9 au travail<\/span><\/h3>\n<p>De par ses activit\u00e9s de conseil, d\u2019accompagnement, de formation et d\u2019audit dans les domaines de la <strong>sant\u00e9 et la s\u00e9curit\u00e9 au travail<\/strong> :<\/p>\n<ul>\n<li>Evaluation des risques,<\/li>\n<li>Diagnostic p\u00e9nibilit\u00e9,<\/li>\n<li>Analyse des accidents du travail via la m\u00e9thode de l\u2019arbre des causes,<\/li>\n<li>Accompagnement des CSE\/CSSCT,<\/li>\n<li>Audit de conformit\u00e9 r\u00e9glementaire,<\/li>\n<li>Audit SMSST\/SMI,<\/li>\n<li>etc&#8230;<\/li>\n<\/ul>\n<p>ALEA PREVENTION aide et accompagne les entreprises et collectivit\u00e9s \u00e0 g\u00e9rer et \u00e0 <strong>ma\u00eetriser les risques<\/strong> auxquelles l\u2019organisme et ses collaborateurs sont expos\u00e9s mais \u00e9galement \u00e0 se <strong>conformer \u00e0 la r\u00e9glementation<\/strong> en vigueur.[\/vc_column_text][\/vc_column][\/vc_row][vc_row][vc_column][vc_column_text]<\/p>\n<h3><span style=\"color: #005a91;\">ALEA PREVENTION, c\u2019est aussi un \u00e9diteur de logiciel prim\u00e9 \u00e0 plusieurs reprises\u2026<\/span><\/h3>\n<p>Al\u00e9a Pr\u00e9vention est \u00e9galement l\u2019\u00e9diteur de la suite logicielle DUERP et RISKOO.<\/p>\n<p>Laur\u00e9ate du Prix de l\u2019innovation du salon Preventica de Lyon en 2013, elle a \u00e9t\u00e9 nomin\u00e9e plusieurs fois aux Troph\u00e9es Arseg et a re\u00e7u le prix \u00ab Star &amp; M\u00e9tiers 2014 \u00bb dans la cat\u00e9gorie \u00ab Strat\u00e9gie globale d\u2019innovation \u00bb.[\/vc_column_text][\/vc_column][\/vc_row][vc_row][vc_column][vc_column_text]<\/p>\n<h3><span style=\"color: #005a91;\">Des solutions logicielles adapt\u00e9es et personnalisables \u00e0 votre m\u00e9tier<\/span><\/h3>\n<p>Gr\u00e2ce \u00e0 ses solutions SaaS, nos logiciels s\u2019adaptent \u00e0 la s\u00e9mantique et \u00e0 l\u2019organisation de chaque client et permettent de cibler toutes les tailles d\u2019entreprises :<\/p>\n<ul>\n<li>Artisans,<\/li>\n<li>Commer\u00e7ants,<\/li>\n<li>TPE,<\/li>\n<li>PME, PMI,<\/li>\n<li>associations,<\/li>\n<li>Grands Comptes<\/li>\n<li>Collectivit\u00e9s territoriales.<\/li>\n<\/ul>\n<p>Les derni\u00e8res versions logicielles permettent de calculer les dur\u00e9es d\u2019exposition aux facteurs de p\u00e9nibilit\u00e9 au travail et de calculer le taux de cotisation p\u00e9nibilit\u00e9 en fonction des actions de pr\u00e9vention r\u00e9alis\u00e9es. Mais aussi de g\u00e9rer, avec le progiciel RISKOO (Solution Int\u00e9gr\u00e9e de Gestion des Risques en Entreprise), tous les autres risques d\u2019entreprise via un processus d\u2019am\u00e9lioration continue.<\/p>\n<p>Nos solutions permettent \u00e9galement de p\u00e9renniser les syst\u00e8mes de management de la s\u00e9curit\u00e9 et de l\u2019environnement, r\u00e9duire les co\u00fbts de mise en \u0153uvre et de fonctionnement (SST, SME, SMI), aider aux audits et contr\u00f4les internes\/externes, am\u00e9liorer la performance des entreprises et participer au bien-\u00eatre et \u00e0 la qualit\u00e9 de vie au travail des salari\u00e9s.<\/p>\n<p>AXA, La Mutuelle g\u00e9n\u00e9rale, Klesia, IFAC, Docaposte, Manpower, Technip France, Canal Plus, Eiffage Energie, Orange, Office D\u00e9p\u00f4t, H&amp;M, Amadeus, D\u00e9p\u00f4t Bingo nous ont fait confiance et ont \u00e9t\u00e9 s\u00e9duits par la r\u00e9activit\u00e9 et l\u2019innovation des \u00e9quipes d\u2019Al\u00e9a Pr\u00e9vention.[\/vc_column_text][\/vc_column][\/vc_row][vc_row][vc_column][vc_column_text]<\/p>\n<h3><span style=\"color: #005a91;\">Des fonctionnalit\u00e9s riches, innovantes et intuitives accessibles par tous<\/span><\/h3>\n<ul>\n<li>Logiciel d&#8217;\u00e9valuation des risques professionnels (document unique).<\/li>\n<li>Gestion des Plans d\u2019Action,<\/li>\n<li>PAPRIPACT (Programme annuel de pr\u00e9vention des risques et am\u00e9lioration des conditions de travail)<\/li>\n<li>Gestion de la p\u00e9nibilit\u00e9 au travail (calcul de la dur\u00e9e d&#8217;exposition aux facteurs de p\u00e9nibilit\u00e9 et calcul du taux de cotisation),<\/li>\n<li>Observatoire qualit\u00e9 (mesure de l\u2019efficacit\u00e9 des actions),<\/li>\n<li>Gestion des Plans de Pr\u00e9vention S\u00e9curit\u00e9 (PPS \u2013 D\u00e9cret de 92),<\/li>\n<li>Gestion des protocoles de s\u00e9curit\u00e9 chargement\/d\u00e9chargement (Arr\u00eat\u00e9 de 96),<\/li>\n<li>Gestion des fiches de S\u00e9curit\u00e9 au Poste,<\/li>\n<li>Gestion des accidents de travail et des statistiques AT,<\/li>\n<li>Analyse visuelle d&#8217;un accident de travail via l&#8217;arbre des causes,<\/li>\n<li>Conformit\u00e9 et v\u00e9rification p\u00e9riodique.<\/li>\n<\/ul>\n<p><strong>Et disponible prochainement :<\/strong><\/p>\n<ul>\n<li>Gestion des visites m\u00e9dicales,<\/li>\n<li>Gestions des fiches amiante, agents chimiques dangereux \/ FDS,<\/li>\n<li>Gestion des Equipements de Protection Individuelle,<\/li>\n<li>Gestion des habilitations, certifications et formations salari\u00e9s\/agents.<\/li>\n<\/ul>\n<p>[\/vc_column_text][\/vc_column][\/vc_row][vc_row][vc_column][vc_column_text]<\/p>\n<h3><span style=\"color: #005a91;\">Des outils et solutions en constante \u00e9volution<\/span><\/h3>\n<p>La gamme de logiciels s\u2019agrandit avec le logiciel RISKOO, permettant une ma\u00eetrise compl\u00e8te des typologies de risques que peuvent rencontrer les entreprises mais aussi le nouveau logiciel DIAG-SMSST dont l\u2019objectif est de diagnostiquer le syst\u00e8me de management SST existant et de dessiner la feuille de route et le plan d&#8217;action afin d&#8217;am\u00e9liorer et de cr\u00e9er un Syst\u00e8me de Management Sant\u00e9 et S\u00e9curit\u00e9 au Travail robuste et fiable r\u00e9pondant \u00e0 la norme OHSAS 18001.<\/p>\n<p>Notre gamme de logiciels s\u2019enrichit d\u2019une version Full Web SaaS permettant \u00e0 des managers, des responsables de service ou \u00a0de magasin ou de franchise de mettre \u00e0 jour eux-m\u00eames les plans d\u2019action dont ils ont la responsabilit\u00e9. \u00a0Nos 200 Check-lists disponibles sous forme de simples questionnaires vous permettront d\u2019ajouter en quelques clics des actions de pr\u00e9vention \u00e0 vos risques, ceci afin de compl\u00e9ter votre document unique existant ou de b\u00e2tir une premi\u00e8re version de votre document unique et ainsi d\u2019\u00e9viter le syndrome de la page blanche.[\/vc_column_text][\/vc_column][\/vc_row][vc_row][vc_column][vc_column_text]<\/p>\n<h3><span style=\"color: #005a91;\">Le Cercle national des pr\u00e9venteurs : une mobilisation d\u2019experts IPRP d\u00e9di\u00e9s \u00e0 votre secteur d\u2019activit\u00e9<\/span><\/h3>\n<p>Al\u00e9a Pr\u00e9vention s\u2019entoure des meilleurs experts avec le Cercle national de preventeurs afin de permettre aux organisations d\u2019\u00eatre autonomes dans la mise \u00e0 jour des livrables r\u00e9glementaires et d\u2019instaurer une culture SST durable, connue, comprise et appropri\u00e9e par tous.[\/vc_column_text][\/vc_column][\/vc_row][vc_row][vc_column][vc_column_text]<\/p>\n<h3><span style=\"color: #005a91;\">Une soci\u00e9t\u00e9 disponible et \u00e0 l&#8217;\u00e9coute<\/span><\/h3>\n<p>Gr\u00e2ce \u00e0 notre agilit\u00e9, notre souplesse et notre r\u00e9activit\u00e9, nous nous mobilisons constamment pour vous proposer un choix de produits adapt\u00e9s et personnalis\u00e9s \u00e0 vos besoins et un service de qualit\u00e9 \u00e0 des tarifs tr\u00e8s comp\u00e9titifs.[\/vc_column_text][\/vc_column][\/vc_row]<\/p>","protected":false},"excerpt":{"rendered":"<p>Sorry, this entry is only available in French. For the sake of viewer convenience, the content is shown below in the alternative language. You may click the link to switch the active language.[vc_row][vc_column][vc_column_text] Transformez vos obligations l\u00e9gales en opportunit\u00e9s ! Pour un grand nombre d&#8217;entreprises, d&#8217;associations et de collectivit\u00e9s, la ma\u00eetrise de la pr\u00e9vention des&hellip;<\/p>\n","protected":false},"author":1,"featured_media":0,"parent":0,"menu_order":0,"comment_status":"closed","ping_status":"closed","template":"","meta":[],"_links":{"self":[{"href":"https:\/\/www.duerp.com\/en\/wp-json\/wp\/v2\/pages\/632"}],"collection":[{"href":"https:\/\/www.duerp.com\/en\/wp-json\/wp\/v2\/pages"}],"about":[{"href":"https:\/\/www.duerp.com\/en\/wp-json\/wp\/v2\/types\/page"}],"author":[{"embeddable":true,"href":"https:\/\/www.duerp.com\/en\/wp-json\/wp\/v2\/users\/1"}],"replies":[{"embeddable":true,"href":"https:\/\/www.duerp.com\/en\/wp-json\/wp\/v2\/comments?post=632"}],"version-history":[{"count":12,"href":"https:\/\/www.duerp.com\/en\/wp-json\/wp\/v2\/pages\/632\/revisions"}],"predecessor-version":[{"id":3124,"href":"https:\/\/www.duerp.com\/en\/wp-json\/wp\/v2\/pages\/632\/revisions\/3124"}],"wp:attachment":[{"href":"https:\/\/www.duerp.com\/en\/wp-json\/wp\/v2\/media?parent=632"}],"curies":[{"name":"wp","href":"https:\/\/api.w.org\/{rel}","templated":true}]}}