{"id":712,"date":"2016-05-02T14:42:07","date_gmt":"2016-05-02T12:42:07","guid":{"rendered":"http:\/\/duevrp.com\/?page_id=712"},"modified":"2016-05-02T14:48:29","modified_gmt":"2016-05-02T12:48:29","slug":"abonnement-multi-sites","status":"publish","type":"page","link":"https:\/\/www.duerp.com\/en\/abonnement-multi-sites\/","title":{"rendered":"Abonnement MULTI SITES"},"content":{"rendered":"<p>[vc_row type=&#8221;2&#8243; margin_top=&#8221;-50&#8243; margin_bottom=&#8221;-50&#8243; bg_cover=&#8221;true&#8221; bg_attachment=&#8221;true&#8221;][vc_column]<div role=\"form\" class=\"wpcf7\" id=\"wpcf7-f705-o1\" lang=\"fr-FR\" dir=\"ltr\">\n<div class=\"screen-reader-response\"><p role=\"status\" aria-live=\"polite\" aria-atomic=\"true\"><\/p> <ul><\/ul><\/div>\n<form action=\"\/en\/wp-json\/wp\/v2\/pages\/712#wpcf7-f705-o1\" method=\"post\" class=\"wpcf7-form init\" novalidate=\"novalidate\" data-status=\"init\">\n<div style=\"display: none;\">\n<input type=\"hidden\" name=\"_wpcf7\" value=\"705\" \/>\n<input type=\"hidden\" name=\"_wpcf7_version\" value=\"5.4\" \/>\n<input type=\"hidden\" name=\"_wpcf7_locale\" value=\"fr_FR\" \/>\n<input type=\"hidden\" name=\"_wpcf7_unit_tag\" value=\"wpcf7-f705-o1\" \/>\n<input type=\"hidden\" name=\"_wpcf7_container_post\" value=\"0\" \/>\n<input type=\"hidden\" name=\"_wpcf7_posted_data_hash\" value=\"\" \/>\n<input type=\"hidden\" name=\"_wpcf7_recaptcha_response\" value=\"\" \/>\n<\/div>\n<p>Votre nom (obligatoire)<br \/>\n    <span class=\"wpcf7-form-control-wrap your-name\"><input type=\"text\" name=\"your-name\" value=\"\" size=\"40\" class=\"wpcf7-form-control wpcf7-text wpcf7-validates-as-required\" aria-required=\"true\" aria-invalid=\"false\" \/><\/span> <\/p>\n<p>Votre email (obligatoire)<br \/>\n    <span class=\"wpcf7-form-control-wrap your-email\"><input type=\"email\" name=\"your-email\" value=\"\" size=\"40\" class=\"wpcf7-form-control wpcf7-text wpcf7-email wpcf7-validates-as-required wpcf7-validates-as-email\" aria-required=\"true\" aria-invalid=\"false\" \/><\/span> <\/p>\n<p>Votre t\u00e9l\u00e9phone <br \/>\n    <span class=\"wpcf7-form-control-wrap tel-701\"><input type=\"tel\" name=\"tel-701\" value=\"\" size=\"40\" class=\"wpcf7-form-control wpcf7-text wpcf7-tel wpcf7-validates-as-required wpcf7-validates-as-tel\" aria-required=\"true\" aria-invalid=\"false\" \/><\/span> <\/p>\n<p>Votre soci\u00e9t\u00e9 <br \/>\n    <span class=\"wpcf7-form-control-wrap your-company\"><input type=\"text\" name=\"your-company\" value=\"\" size=\"40\" class=\"wpcf7-form-control wpcf7-text wpcf7-validates-as-required\" aria-required=\"true\" aria-invalid=\"false\" \/><\/span> <\/p>\n<p>Votre num\u00e9ro de Siren <br \/>\n   <span class=\"wpcf7-form-control-wrap number-161\"><input type=\"number\" name=\"number-161\" value=\"\" class=\"wpcf7-form-control wpcf7-number wpcf7-validates-as-required wpcf7-validates-as-number\" min=\"9\" max=\"9\" aria-required=\"true\" aria-invalid=\"false\" \/><\/span> <\/p>\n<p>Sujet<br \/>\n<span class=\"wpcf7-form-control-wrap your-subject\"><select name=\"your-subject\" class=\"wpcf7-form-control wpcf7-select wpcf7-validates-as-required\" aria-required=\"true\" aria-invalid=\"false\"><option value=\"Analyse des AT\">Analyse des AT<\/option><option value=\"Audit SST\">Audit SST<\/option><option value=\"Audit du SMSST\">Audit du SMSST<\/option><option value=\"D\u00e9mo Plan d&#039;actions en ligne\">D\u00e9mo Plan d&#039;actions en ligne<\/option><option value=\"D\u00e9mo DUERP\">D\u00e9mo DUERP<\/option><option value=\"D\u00e9mo RISKOO\">D\u00e9mo RISKOO<\/option><option value=\"D\u00e9mo DIAG-SMSST\">D\u00e9mo DIAG-SMSST<\/option><option value=\"Diagnostic des RPS\">Diagnostic des RPS<\/option><option value=\"Diagnostic p\u00e9nibilit\u00e9\">Diagnostic p\u00e9nibilit\u00e9<\/option><option value=\"Evaluation des risques chimiques\">Evaluation des risques chimiques<\/option><option value=\"Formation guide-fil\/serre-fil\">Formation guide-fil\/serre-fil<\/option><option value=\"Formation manipulation extincteurs\">Formation manipulation extincteurs<\/option><option value=\"Formation PRAP\">Formation PRAP<\/option><option value=\"Formation SST\">Formation SST<\/option><option value=\"Pack PARTENAIRE sans abonnement\">Pack PARTENAIRE sans abonnement<\/option><option value=\"Pack PARTENAIRE avec abonnement\">Pack PARTENAIRE avec abonnement<\/option><option value=\"Pack TPE &lt; 20 salari\u00e9s\">Pack TPE &lt; 20 salari\u00e9s<\/option><option value=\"Pack PME 20 \u00e0 50 salari\u00e9s\">Pack PME 20 \u00e0 50 salari\u00e9s<\/option><option value=\"Pack PME 50 \u00e0 100 salari\u00e9s\" selected=\"selected\">Pack PME 50 \u00e0 100 salari\u00e9s<\/option><option value=\"Pack MULTI-SITES &gt; 100 salari\u00e9s\">Pack MULTI-SITES &gt; 100 salari\u00e9s<\/option><option value=\"R\u00e9alisation du Document unique\">R\u00e9alisation du Document unique<\/option><option value=\"R\u00e9alisation des Plans de Pr\u00e9vention\">R\u00e9alisation des Plans de Pr\u00e9vention<\/option><option value=\"R\u00e9alisation des Protocoles s\u00e9curit\u00e9\">R\u00e9alisation des Protocoles s\u00e9curit\u00e9<\/option><option value=\"R\u00e9alisation du livret d&#039;accueil\">R\u00e9alisation du livret d&#039;accueil<\/option><option value=\"Sensibilisation des managers aux RPS\">Sensibilisation des managers aux RPS<\/option><\/select><\/span><\/p>\n<p>Votre message<br \/>\n    <span class=\"wpcf7-form-control-wrap your-message\"><textarea name=\"your-message\" cols=\"40\" rows=\"10\" class=\"wpcf7-form-control wpcf7-textarea\" aria-invalid=\"false\"><\/textarea><\/span> <\/p>\n\n<p><input type=\"submit\" value=\"Envoyer\" class=\"wpcf7-form-control wpcf7-submit\" \/><\/p>\n<div class=\"wpcf7-response-output\" aria-hidden=\"true\"><\/div><\/form><\/div>[\/vc_column][\/vc_row]<\/p>\n","protected":false},"excerpt":{"rendered":"<p>[vc_row type=&#8221;2&#8243; margin_top=&#8221;-50&#8243; margin_bottom=&#8221;-50&#8243; bg_cover=&#8221;true&#8221; bg_attachment=&#8221;true&#8221;][vc_column][\/vc_column][\/vc_row]<\/p>\n","protected":false},"author":1,"featured_media":0,"parent":0,"menu_order":0,"comment_status":"closed","ping_status":"closed","template":"","meta":[],"_links":{"self":[{"href":"https:\/\/www.duerp.com\/en\/wp-json\/wp\/v2\/pages\/712"}],"collection":[{"href":"https:\/\/www.duerp.com\/en\/wp-json\/wp\/v2\/pages"}],"about":[{"href":"https:\/\/www.duerp.com\/en\/wp-json\/wp\/v2\/types\/page"}],"author":[{"embeddable":true,"href":"https:\/\/www.duerp.com\/en\/wp-json\/wp\/v2\/users\/1"}],"replies":[{"embeddable":true,"href":"https:\/\/www.duerp.com\/en\/wp-json\/wp\/v2\/comments?post=712"}],"version-history":[{"count":2,"href":"https:\/\/www.duerp.com\/en\/wp-json\/wp\/v2\/pages\/712\/revisions"}],"predecessor-version":[{"id":719,"href":"https:\/\/www.duerp.com\/en\/wp-json\/wp\/v2\/pages\/712\/revisions\/719"}],"wp:attachment":[{"href":"https:\/\/www.duerp.com\/en\/wp-json\/wp\/v2\/media?parent=712"}],"curies":[{"name":"wp","href":"https:\/\/api.w.org\/{rel}","templated":true}]}}